{"id":2967,"date":"2022-05-11T15:28:09","date_gmt":"2022-05-11T07:28:09","guid":{"rendered":"https:\/\/fayshing.com\/index.php\/product\/fayshing-7245mm-lockable-draw-latch-fs-1001\/"},"modified":"2025-01-09T11:40:33","modified_gmt":"2025-01-09T03:40:33","slug":"fayshing-7245mm-lockable-draw-latch-fs-1001","status":"publish","type":"product","link":"https:\/\/fayshing.com\/pt-pt\/product\/fayshing-7245mm-lockable-draw-latch-fs-1001\/","title":{"rendered":"Fayshing 72*45mm trava de tra\u00e7\u00e3o com fechadura FS-1001"},"content":{"rendered":"<p>\u3010Dimens\u00e3o do produto\u3011 72*45mm.<br \/>\n\u3010Material de alta qualidade\u3011 Feito de ferro de boa qualidade, o que torna a sua apar\u00eancia mais elegante, anti-corros\u00e3o, boa resist\u00eancia ao desgaste.<br \/>\n\u3010Caracter\u00edsticas do produto\u3011A fivela tem um design requintado e acabamento requintado. Os orif\u00edcios de parafuso reservados s\u00e3o f\u00e1ceis de instalar. Ap\u00f3s a fixa\u00e7\u00e3o, sua caixa fica mais bonita.<br \/>\n\u3010Aplica\u00e7\u00f5es amplas\u3011 A trava de altern\u00e2ncia geralmente usa em caixa de ferramentas, gaveta, estojos, caixa de j\u00f3ias ou outro hardware.<br \/>\n\u3010O cliente \u00e9 o primeiro\u3011 Tentamos o melhor para fazer produtos de boa qualidade e esperamos a sua satisfa\u00e7\u00e3o 100%. Qualquer pergunta pls sinta-se livre para nos informar.<\/p>","protected":false},"excerpt":{"rendered":"<ul>\n<li>Fecho de gaveta com trava<\/li>\n<li>Cilindro de fechadura de cobre<\/li>\n<li>Material: A\u00e7o<\/li>\n<li>Acabamento: Dourado \/ Cromado \/ Preto<\/li>\n<\/ul>","protected":false},"featured_media":5245,"comment_status":"open","ping_status":"closed","template":"","meta":{"_acf_changed":false},"product_brand":[],"product_cat":[162],"product_tag":[],"class_list":{"0":"post-2967","1":"product","2":"type-product","3":"status-publish","4":"has-post-thumbnail","6":"product_cat-briefcase-draw-latches","7":"description-off","9":"first","10":"instock","11":"shipping-taxable","12":"product-type-simple"},"acf":[],"_links":{"self":[{"href":"https:\/\/fayshing.com\/pt-pt\/wp-json\/wp\/v2\/product\/2967","targetHints":{"allow":["GET"]}}],"collection":[{"href":"https:\/\/fayshing.com\/pt-pt\/wp-json\/wp\/v2\/product"}],"about":[{"href":"https:\/\/fayshing.com\/pt-pt\/wp-json\/wp\/v2\/types\/product"}],"replies":[{"embeddable":true,"href":"https:\/\/fayshing.com\/pt-pt\/wp-json\/wp\/v2\/comments?post=2967"}],"wp:featuredmedia":[{"embeddable":true,"href":"https:\/\/fayshing.com\/pt-pt\/wp-json\/wp\/v2\/media\/5245"}],"wp:attachment":[{"href":"https:\/\/fayshing.com\/pt-pt\/wp-json\/wp\/v2\/media?parent=2967"}],"wp:term":[{"taxonomy":"product_brand","embeddable":true,"href":"https:\/\/fayshing.com\/pt-pt\/wp-json\/wp\/v2\/product_brand?post=2967"},{"taxonomy":"product_cat","embeddable":true,"href":"https:\/\/fayshing.com\/pt-pt\/wp-json\/wp\/v2\/product_cat?post=2967"},{"taxonomy":"product_tag","embeddable":true,"href":"https:\/\/fayshing.com\/pt-pt\/wp-json\/wp\/v2\/product_tag?post=2967"}],"curies":[{"name":"wp","href":"https:\/\/api.w.org\/{rel}","templated":true}]}}