{"id":2966,"date":"2022-05-11T15:39:14","date_gmt":"2022-05-11T07:39:14","guid":{"rendered":"https:\/\/fayshing.com\/?post_type=product&#038;p=2966"},"modified":"2025-08-08T14:35:52","modified_gmt":"2025-08-08T06:35:52","slug":"fayshing-chrome-plating-lift-off-hinge-door-hinges-chrome-fs-5086","status":"publish","type":"product","link":"https:\/\/fayshing.com\/pt-pt\/product\/fayshing-chrome-plating-lift-off-hinge-door-hinges-chrome-fs-5086\/","title":{"rendered":"Fayshing Dobradi\u00e7a cromada Dobradi\u00e7a de porta FS-5030"},"content":{"rendered":"<p><strong>Fayshing Dobradi\u00e7a cromada Dobradi\u00e7a de porta cromada FS-5086<\/strong><\/p>\n<p>Ampla aplica\u00e7\u00e3o: Muito utilizado em arm\u00e1rios, portas, caixas de ferramentas, estojos de voo, estojos de cosm\u00e9tica, etc.<\/p>\n<hr \/>\n<p><strong>Descri\u00e7\u00e3o :<\/strong><\/p>\n<ul>\n<li>Fabricado em a\u00e7o inoxid\u00e1vel de alta qualidade com acabamento galvanizado, dur\u00e1vel, \u00e0 prova de ferrugem e resistente \u00e0 corros\u00e3o.<\/li>\n<li>Actua como uma dobradi\u00e7a, mas permite a remo\u00e7\u00e3o r\u00e1pida de tampas ou coberturas frontais e traseiras de uma aplica\u00e7\u00e3o.<\/li>\n<\/ul>\n<hr \/>\n<p><strong>Observa\u00e7\u00e3o :<\/strong><\/p>\n<ul>\n<li>Devido \u00e0 medi\u00e7\u00e3o manual, permita um desvio de 1 \u2013 2 mm. Diferentes luzes de disparo e diferentes monitores podem fazer com que a cor do produto na imagem seja ligeiramente diferente do produto real.<\/li>\n<li>Por favor, contacte-nos, verifique cuidadosamente o tamanho do nosso produto e leia as descri\u00e7\u00f5es do tamanho do produto antes de comprar para evitar uma poss\u00edvel experi\u00eancia de compra desagrad\u00e1vel.<\/li>\n<\/ul>","protected":false},"excerpt":{"rendered":"<p>Dobradi\u00e7as de eleva\u00e7\u00e3o de alta qualidade, adequadas para portas de arm\u00e1rios, portas de arm\u00e1rios, caixas, etc.<\/p>","protected":false},"featured_media":3413,"comment_status":"open","ping_status":"closed","template":"","meta":{"_acf_changed":false},"product_brand":[],"product_cat":[114,133],"product_tag":[],"class_list":{"0":"post-2966","1":"product","2":"type-product","3":"status-publish","4":"has-post-thumbnail","6":"product_cat-hinges-lid-stays","7":"product_cat-lift-off-hinges","8":"pa_application-cabinet-door-toolbox-flight-case","9":"pa_delivery-time-please-contact-sales-staff","10":"pa_material-cold-plate","11":"pa_surface-treatment-chrome-golden-black","12":"description-off","14":"first","15":"instock","16":"shipping-taxable","17":"product-type-simple"},"acf":[],"_links":{"self":[{"href":"https:\/\/fayshing.com\/pt-pt\/wp-json\/wp\/v2\/product\/2966","targetHints":{"allow":["GET"]}}],"collection":[{"href":"https:\/\/fayshing.com\/pt-pt\/wp-json\/wp\/v2\/product"}],"about":[{"href":"https:\/\/fayshing.com\/pt-pt\/wp-json\/wp\/v2\/types\/product"}],"replies":[{"embeddable":true,"href":"https:\/\/fayshing.com\/pt-pt\/wp-json\/wp\/v2\/comments?post=2966"}],"wp:featuredmedia":[{"embeddable":true,"href":"https:\/\/fayshing.com\/pt-pt\/wp-json\/wp\/v2\/media\/3413"}],"wp:attachment":[{"href":"https:\/\/fayshing.com\/pt-pt\/wp-json\/wp\/v2\/media?parent=2966"}],"wp:term":[{"taxonomy":"product_brand","embeddable":true,"href":"https:\/\/fayshing.com\/pt-pt\/wp-json\/wp\/v2\/product_brand?post=2966"},{"taxonomy":"product_cat","embeddable":true,"href":"https:\/\/fayshing.com\/pt-pt\/wp-json\/wp\/v2\/product_cat?post=2966"},{"taxonomy":"product_tag","embeddable":true,"href":"https:\/\/fayshing.com\/pt-pt\/wp-json\/wp\/v2\/product_tag?post=2966"}],"curies":[{"name":"wp","href":"https:\/\/api.w.org\/{rel}","templated":true}]}}