{"id":2958,"date":"2022-05-11T15:01:38","date_gmt":"2022-05-11T07:01:38","guid":{"rendered":"https:\/\/fayshing.com\/?post_type=product&#038;p=2958"},"modified":"2025-08-08T14:29:54","modified_gmt":"2025-08-08T06:29:54","slug":"fayshing-right-detachable-slip-joint-flag-hinges-fs-5031","status":"publish","type":"product","link":"https:\/\/fayshing.com\/pt-pt\/product\/fayshing-right-detachable-slip-joint-flag-hinges-fs-5031\/","title":{"rendered":"Dobradi\u00e7as de bandeira com junta deslizante destac\u00e1vel direita Fayshing FS-5031"},"content":{"rendered":"<p><strong>Dobradi\u00e7as de bandeira com junta deslizante destac\u00e1vel direita Fayshing FS-5031<\/strong><\/p>\n<p>Ampla aplica\u00e7\u00e3o: Amplamente utilizado em v\u00e1rios tipos de portas de arm\u00e1rios, portas de arm\u00e1rios, portas de cacifos, caixas, roupeiros, etc.<\/p>\n<hr \/>\n<p><strong>Descri\u00e7\u00e3o :<\/strong><\/p>\n<ul>\n<li>Fabricado em a\u00e7o inoxid\u00e1vel de alta qualidade com acabamento galvanizado, dur\u00e1vel, \u00e0 prova de ferrugem e resistente \u00e0 corros\u00e3o.<\/li>\n<li>Os pinos das dobradi\u00e7as est\u00e3o protegidos por lubrificante, n\u00e3o fazem barulho, criando um ambiente de aplica\u00e7\u00e3o silencioso e suave.<\/li>\n<\/ul>\n<hr \/>\n<p><strong>Observa\u00e7\u00e3o :<\/strong><\/p>\n<ul>\n<li>Devido \u00e0 medi\u00e7\u00e3o manual, permita um desvio de 1 \u2013 2 mm. Diferentes luzes de disparo e diferentes monitores podem fazer com que a cor do produto na imagem seja ligeiramente diferente do produto real.<\/li>\n<li>Entre em contato conosco, verifique o tamanho do produto com aten\u00e7\u00e3o e leia as descri\u00e7\u00f5es do tamanho do produto antes de comprar para evitar uma poss\u00edvel experi\u00eancia de compra desagrad\u00e1vel.<\/li>\n<\/ul>","protected":false},"excerpt":{"rendered":"<p>Dobradi\u00e7as de eleva\u00e7\u00e3o de alta qualidade, adequadas para portas de arm\u00e1rios, portas de arm\u00e1rios, caixas, etc.<\/p>","protected":false},"featured_media":0,"comment_status":"open","ping_status":"closed","template":"","meta":{"_acf_changed":false},"product_brand":[],"product_cat":[114,133],"product_tag":[],"class_list":{"0":"post-2958","1":"product","2":"type-product","3":"status-publish","5":"product_cat-hinges-lid-stays","6":"product_cat-lift-off-hinges","7":"pa_application-cabinet-door-closet-door-box","8":"pa_delivery-time-please-contact-sales-staff","9":"pa_material-cold-plate","10":"pa_surface-treatment-chrome-golden-black","11":"description-off","13":"first","14":"instock","15":"shipping-taxable","16":"product-type-simple"},"acf":[],"_links":{"self":[{"href":"https:\/\/fayshing.com\/pt-pt\/wp-json\/wp\/v2\/product\/2958","targetHints":{"allow":["GET"]}}],"collection":[{"href":"https:\/\/fayshing.com\/pt-pt\/wp-json\/wp\/v2\/product"}],"about":[{"href":"https:\/\/fayshing.com\/pt-pt\/wp-json\/wp\/v2\/types\/product"}],"replies":[{"embeddable":true,"href":"https:\/\/fayshing.com\/pt-pt\/wp-json\/wp\/v2\/comments?post=2958"}],"wp:attachment":[{"href":"https:\/\/fayshing.com\/pt-pt\/wp-json\/wp\/v2\/media?parent=2958"}],"wp:term":[{"taxonomy":"product_brand","embeddable":true,"href":"https:\/\/fayshing.com\/pt-pt\/wp-json\/wp\/v2\/product_brand?post=2958"},{"taxonomy":"product_cat","embeddable":true,"href":"https:\/\/fayshing.com\/pt-pt\/wp-json\/wp\/v2\/product_cat?post=2958"},{"taxonomy":"product_tag","embeddable":true,"href":"https:\/\/fayshing.com\/pt-pt\/wp-json\/wp\/v2\/product_tag?post=2958"}],"curies":[{"name":"wp","href":"https:\/\/api.w.org\/{rel}","templated":true}]}}