{"id":2957,"date":"2022-05-11T14:29:51","date_gmt":"2022-05-11T06:29:51","guid":{"rendered":"https:\/\/fayshing.com\/?post_type=product&#038;p=2957"},"modified":"2025-04-07T16:58:22","modified_gmt":"2025-04-07T08:58:22","slug":"fayshing-decorative-wooden-box-hinges-jewelry-box-butterfly-hinges-fs-5075","status":"publish","type":"product","link":"https:\/\/fayshing.com\/pt-pt\/product\/fayshing-decorative-wooden-box-hinges-jewelry-box-butterfly-hinges-fs-5075\/","title":{"rendered":"Fayshing 90 graus Dobradi\u00e7as decorativas para caixas de madeira Dobradi\u00e7as para caixas de j\u00f3ias Dobradi\u00e7as para borboletas FS-5075"},"content":{"rendered":"<p><strong>Fayshing 90 graus Dobradi\u00e7as decorativas para caixas de madeira Dobradi\u00e7as para caixas de j\u00f3ias Dobradi\u00e7as para borboletas FS-5075<\/strong><\/p>\n<p>Ampla aplica\u00e7\u00e3o: Dispon\u00edvel para pequenos projectos de bricolage, caixas de j\u00f3ias, caixas de presentes, pequenos arm\u00e1rios, gavetas, ba\u00fas e outros artigos mais pequenos.<\/p>\n<hr \/>\n<p><strong>Descri\u00e7\u00e3o :<\/strong><\/p>\n<ul>\n<li>Com base no aspeto antigo, no excelente acabamento e na excelente qualidade, \u00e9 um pouco uma mistura de vintage e moderno.<\/li>\n<li>Feito de material de ferro de alta qualidade, acabamento requintado, robusto e dur\u00e1vel, e pode ser utilizado durante muito tempo.<\/li>\n<\/ul>\n<hr \/>\n<p><strong>Observa\u00e7\u00e3o :<\/strong><\/p>\n<ul>\n<li>Devido \u00e0 medi\u00e7\u00e3o manual, permita um desvio de 1 \u2013 2 mm. Diferentes luzes de disparo e diferentes monitores podem fazer com que a cor do produto na imagem seja ligeiramente diferente do produto real.<\/li>\n<li>Entre em contato conosco, verifique o tamanho do produto com aten\u00e7\u00e3o e leia as descri\u00e7\u00f5es do tamanho do produto antes de comprar para evitar uma poss\u00edvel experi\u00eancia de compra desagrad\u00e1vel.<\/li>\n<\/ul>","protected":false},"excerpt":{"rendered":"<ul>\n<li>Dobradi\u00e7as pequenas de 90 graus<\/li>\n<li>Dobradi\u00e7as com desvio<\/li>\n<li>Dobradi\u00e7as pequenas tipo borboleta<\/li>\n<li>Material : Ferro<\/li>\n<li>Acabamento: Cromado \/ Dourado \/ Preto \/ Outro<\/li>\n<li>Espessura de 1,2 mm<\/li>\n<li>31\u00d727mm<\/li>\n<\/ul>","protected":false},"featured_media":3415,"comment_status":"open","ping_status":"closed","template":"","meta":{"_acf_changed":false},"product_brand":[],"product_cat":[114,130],"product_tag":[],"class_list":{"0":"post-2957","1":"product","2":"type-product","3":"status-publish","4":"has-post-thumbnail","6":"product_cat-hinges-lid-stays","7":"product_cat-plum-shaped-hinges","8":"pa_application-jewelry-box-gift-box","9":"pa_delivery-time-please-contact-sales-staff","10":"pa_material-cold-plate","11":"pa_surface-treatment-chrome-golden-black","12":"description-off","14":"first","15":"instock","16":"shipping-taxable","17":"product-type-simple"},"acf":[],"_links":{"self":[{"href":"https:\/\/fayshing.com\/pt-pt\/wp-json\/wp\/v2\/product\/2957","targetHints":{"allow":["GET"]}}],"collection":[{"href":"https:\/\/fayshing.com\/pt-pt\/wp-json\/wp\/v2\/product"}],"about":[{"href":"https:\/\/fayshing.com\/pt-pt\/wp-json\/wp\/v2\/types\/product"}],"replies":[{"embeddable":true,"href":"https:\/\/fayshing.com\/pt-pt\/wp-json\/wp\/v2\/comments?post=2957"}],"wp:featuredmedia":[{"embeddable":true,"href":"https:\/\/fayshing.com\/pt-pt\/wp-json\/wp\/v2\/media\/3415"}],"wp:attachment":[{"href":"https:\/\/fayshing.com\/pt-pt\/wp-json\/wp\/v2\/media?parent=2957"}],"wp:term":[{"taxonomy":"product_brand","embeddable":true,"href":"https:\/\/fayshing.com\/pt-pt\/wp-json\/wp\/v2\/product_brand?post=2957"},{"taxonomy":"product_cat","embeddable":true,"href":"https:\/\/fayshing.com\/pt-pt\/wp-json\/wp\/v2\/product_cat?post=2957"},{"taxonomy":"product_tag","embeddable":true,"href":"https:\/\/fayshing.com\/pt-pt\/wp-json\/wp\/v2\/product_tag?post=2957"}],"curies":[{"name":"wp","href":"https:\/\/api.w.org\/{rel}","templated":true}]}}