{"id":2577,"date":"2022-05-10T10:09:28","date_gmt":"2022-05-10T02:09:28","guid":{"rendered":"https:\/\/fayshing.com\/?post_type=product&#038;p=2577"},"modified":"2025-08-08T09:33:34","modified_gmt":"2025-08-08T01:33:34","slug":"fayshing-large-size-surface-mounted-chest-ring-pull-handle-fs-2060","status":"publish","type":"product","link":"https:\/\/fayshing.com\/pt-pt\/product\/fayshing-large-size-surface-mounted-chest-ring-pull-handle-fs-2060\/","title":{"rendered":"Al\u00e7a de puxar anel tor\u00e1cico montada em superf\u00edcie de tamanho grande Fayshing FS-2060"},"content":{"rendered":"<p><strong>Al\u00e7a de puxar anel tor\u00e1cico montada em superf\u00edcie de tamanho grande Fayshing FS-2060<\/strong><\/p>\n<p>Ampla aplica\u00e7\u00e3o: Amplamente utilizado para mobili\u00e1rio dom\u00e9stico, como arm\u00e1rios, portas de arm\u00e1rios, c\u00f3modas, gavetas, ba\u00fas, caixas, malas, etc.<\/p>\n<hr \/>\n<p><strong>Descri\u00e7\u00e3o :<\/strong><\/p>\n<ul>\n<li>Feito de material de a\u00e7o inoxid\u00e1vel de boa qualidade com acabamento de pintura por pulveriza\u00e7\u00e3o, liso sem rebarbas, dur\u00e1vel para utiliza\u00e7\u00e3o a longo prazo.<\/li>\n<li>Puxadores de estilo moderno, muito adequados para instala\u00e7\u00e3o na parte lateral ou superior da caixa para facilitar o movimento ou a opera\u00e7\u00e3o.<\/li>\n<\/ul>\n<hr \/>\n<p><strong>Observa\u00e7\u00e3o :<\/strong><\/p>\n<ul>\n<li>Devido \u00e0 medi\u00e7\u00e3o manual, permita um desvio de 1 \u2013 3mm. A cor pode ser diferente devido \u00e0 diferen\u00e7a de exibi\u00e7\u00e3o, por favor, entenda.<\/li>\n<li>Se o produto que voc\u00ea receber apresentar algum problema, n\u00e3o se preocupe. Basta entrar em contato conosco e ofereceremos uma solu\u00e7\u00e3o satisfat\u00f3ria. Sinta-se \u00e0 vontade para entrar em contato conosco se tiver alguma d\u00favida. Estaremos aqui para voc\u00ea o tempo todo.<\/li>\n<\/ul>","protected":false},"excerpt":{"rendered":"<p>Ideal para apoiar arm\u00e1rios, caixas, ba\u00fas, etc.<\/p>","protected":false},"featured_media":2913,"comment_status":"open","ping_status":"closed","template":"","meta":{"_acf_changed":false},"product_brand":[],"product_cat":[108,122],"product_tag":[],"class_list":{"0":"post-2577","1":"product","2":"type-product","3":"status-publish","4":"has-post-thumbnail","6":"product_cat-handles","7":"product_cat-chest-handles","8":"pa_application-cabinet-closet-door-dresser-drawer","9":"pa_delivery-time-please-contact-sales-staff","10":"pa_material-cold-plate-iron-wire","11":"pa_surface-treatment-chrome","12":"description-off","14":"first","15":"instock","16":"shipping-taxable","17":"product-type-simple"},"acf":[],"_links":{"self":[{"href":"https:\/\/fayshing.com\/pt-pt\/wp-json\/wp\/v2\/product\/2577","targetHints":{"allow":["GET"]}}],"collection":[{"href":"https:\/\/fayshing.com\/pt-pt\/wp-json\/wp\/v2\/product"}],"about":[{"href":"https:\/\/fayshing.com\/pt-pt\/wp-json\/wp\/v2\/types\/product"}],"replies":[{"embeddable":true,"href":"https:\/\/fayshing.com\/pt-pt\/wp-json\/wp\/v2\/comments?post=2577"}],"wp:featuredmedia":[{"embeddable":true,"href":"https:\/\/fayshing.com\/pt-pt\/wp-json\/wp\/v2\/media\/2913"}],"wp:attachment":[{"href":"https:\/\/fayshing.com\/pt-pt\/wp-json\/wp\/v2\/media?parent=2577"}],"wp:term":[{"taxonomy":"product_brand","embeddable":true,"href":"https:\/\/fayshing.com\/pt-pt\/wp-json\/wp\/v2\/product_brand?post=2577"},{"taxonomy":"product_cat","embeddable":true,"href":"https:\/\/fayshing.com\/pt-pt\/wp-json\/wp\/v2\/product_cat?post=2577"},{"taxonomy":"product_tag","embeddable":true,"href":"https:\/\/fayshing.com\/pt-pt\/wp-json\/wp\/v2\/product_tag?post=2577"}],"curies":[{"name":"wp","href":"https:\/\/api.w.org\/{rel}","templated":true}]}}