{"id":2575,"date":"2022-05-09T17:32:59","date_gmt":"2022-05-09T09:32:59","guid":{"rendered":"https:\/\/fayshing.com\/?post_type=product&#038;p=2575"},"modified":"2025-08-08T14:21:29","modified_gmt":"2025-08-08T06:21:29","slug":"fayshing-stretchable-length-travel-luggage-telescopic-handle-replacement-spare-part-suitcase-pull-drag-rod-fs-th-006","status":"publish","type":"product","link":"https:\/\/fayshing.com\/pt-pt\/product\/fayshing-stretchable-length-travel-luggage-telescopic-handle-replacement-spare-part-suitcase-pull-drag-rod-fs-th-006\/","title":{"rendered":"Fayshing comprimento extens\u00edvel bagagem de viagem al\u00e7a telesc\u00f3pica substitui\u00e7\u00e3o pe\u00e7a de reposi\u00e7\u00e3o mala puxar haste de arrasto FS-D007"},"content":{"rendered":"<p><strong>Fayshing comprimento extens\u00edvel bagagem de viagem al\u00e7a telesc\u00f3pica substitui\u00e7\u00e3o pe\u00e7a de reposi\u00e7\u00e3o mala puxar haste de arrasto FS-D007<\/strong><\/p>\n<p>Ampla aplica\u00e7\u00e3o: Amplamente utilizado em malas, malas, caixas de madeira, etc.<\/p>\n<hr \/>\n<p><strong>Descri\u00e7\u00e3o :<\/strong><\/p>\n<ul>\n<li>Resistente ao desgaste, adequado para o uso de caixa de bagagem comum e precisa que voc\u00ea tenha uma forte habilidade em DIY.<\/li>\n<li>Constru\u00e7\u00e3o dur\u00e1vel e robusta, design leve e resistente.<\/li>\n<\/ul>\n<hr \/>\n<p><strong>Observa\u00e7\u00e3o :<\/strong><\/p>\n<ul>\n<li>Devido \u00e0 medi\u00e7\u00e3o manual, permita um desvio de 1 \u2013 3mm. A cor pode ser diferente devido \u00e0 diferen\u00e7a de exibi\u00e7\u00e3o, por favor, entenda.<\/li>\n<li>Se o produto que voc\u00ea receber apresentar algum problema, n\u00e3o se preocupe. Basta entrar em contato conosco e ofereceremos uma solu\u00e7\u00e3o satisfat\u00f3ria. Sinta-se \u00e0 vontade para entrar em contato conosco se tiver alguma d\u00favida. Estaremos aqui para voc\u00ea o tempo todo.<\/li>\n<\/ul>","protected":false},"excerpt":{"rendered":"<p>Funciona perfeitamente para uma haste remov\u00edvel de substitui\u00e7\u00e3o para sua bagagem.<\/p>","protected":false},"featured_media":3629,"comment_status":"closed","ping_status":"closed","template":"","meta":{"_acf_changed":false},"product_brand":[],"product_cat":[108,125],"product_tag":[],"class_list":{"0":"post-2575","1":"product","2":"type-product","3":"status-publish","4":"has-post-thumbnail","6":"product_cat-handles","7":"product_cat-pull-out-handles","8":"pa_application-luggage-suitcase-wooden-case","9":"pa_delivery-time-please-contact-sales-staff","10":"pa_material-cold-plate-iron-wire","11":"pa_surface-treatment-golden","12":"description-off","14":"first","15":"instock","16":"shipping-taxable","17":"product-type-simple"},"acf":[],"_links":{"self":[{"href":"https:\/\/fayshing.com\/pt-pt\/wp-json\/wp\/v2\/product\/2575","targetHints":{"allow":["GET"]}}],"collection":[{"href":"https:\/\/fayshing.com\/pt-pt\/wp-json\/wp\/v2\/product"}],"about":[{"href":"https:\/\/fayshing.com\/pt-pt\/wp-json\/wp\/v2\/types\/product"}],"replies":[{"embeddable":true,"href":"https:\/\/fayshing.com\/pt-pt\/wp-json\/wp\/v2\/comments?post=2575"}],"wp:featuredmedia":[{"embeddable":true,"href":"https:\/\/fayshing.com\/pt-pt\/wp-json\/wp\/v2\/media\/3629"}],"wp:attachment":[{"href":"https:\/\/fayshing.com\/pt-pt\/wp-json\/wp\/v2\/media?parent=2575"}],"wp:term":[{"taxonomy":"product_brand","embeddable":true,"href":"https:\/\/fayshing.com\/pt-pt\/wp-json\/wp\/v2\/product_brand?post=2575"},{"taxonomy":"product_cat","embeddable":true,"href":"https:\/\/fayshing.com\/pt-pt\/wp-json\/wp\/v2\/product_cat?post=2575"},{"taxonomy":"product_tag","embeddable":true,"href":"https:\/\/fayshing.com\/pt-pt\/wp-json\/wp\/v2\/product_tag?post=2575"}],"curies":[{"name":"wp","href":"https:\/\/api.w.org\/{rel}","templated":true}]}}