{"id":2572,"date":"2022-05-09T16:42:30","date_gmt":"2022-05-09T08:42:30","guid":{"rendered":"https:\/\/fayshing.com\/?post_type=product&#038;p=2572"},"modified":"2025-08-07T17:10:09","modified_gmt":"2025-08-07T09:10:09","slug":"72x68mm-new-design-lock-head-surface-mount-butterfly-twist-latch-and-keeper-fs-1131","status":"publish","type":"product","link":"https:\/\/fayshing.com\/pt-pt\/product\/72x68mm-new-design-lock-head-surface-mount-butterfly-twist-latch-and-keeper-fs-1131\/","title":{"rendered":"Fecho de borboleta m\u00e9dio sem prato sem detentor FS-1131"},"content":{"rendered":"<p data-start=\"123\" data-end=\"444\">O <strong data-start=\"127\" data-end=\"154\">FS-1131 Fecho de borboleta<\/strong> oferece uma solu\u00e7\u00e3o limpa e eficiente para fixar pain\u00e9is, tampas ou pontos de acesso em caixas e arm\u00e1rios. Como um <strong data-start=\"267\" data-end=\"314\">ferragem de fecho de tor\u00e7\u00e3o borboleta de tamanho m\u00e9dio<\/strong> O componente \u00e9 ideal para aplica\u00e7\u00f5es em que n\u00e3o \u00e9 necess\u00e1rio um prato ou um detentor embutido - mantendo o design minimalista e funcional.<\/p>\n<p data-start=\"446\" data-end=\"757\">Constru\u00eddo a partir de <strong data-start=\"463\" data-end=\"489\">a\u00e7o e ferro duradouros<\/strong>e terminou em <strong data-start=\"507\" data-end=\"517\">cromo<\/strong>Este trinco oferece resist\u00eancia \u00e0 corros\u00e3o e um aspeto profissional. O <strong data-start=\"598\" data-end=\"614\">n\u00e3o bloque\u00e1vel<\/strong> garante um acesso r\u00e1pido e f\u00e1cil, tornando-o perfeito para caixas de equipamento port\u00e1teis, arm\u00e1rios de altifalantes, caixas de ferramentas ou contentores personalizados.<\/p>\n<p data-start=\"759\" data-end=\"776\"><strong data-start=\"759\" data-end=\"776\">Carater\u00edsticas principais:<\/strong><\/p>\n<ul data-start=\"777\" data-end=\"1041\">\n<li data-start=\"777\" data-end=\"802\">\n<p data-start=\"779\" data-end=\"802\">C\u00f3digo do produto: FS-1131<\/p>\n<\/li>\n<li data-start=\"803\" data-end=\"851\">\n<p data-start=\"805\" data-end=\"851\">Tipo de produto: Trincos \/ Ferragens de trincos de tor\u00e7\u00e3o<\/p>\n<\/li>\n<li data-start=\"852\" data-end=\"898\">\n<p data-start=\"854\" data-end=\"898\">Tipo: Fecho de borboleta (sem prato, sem detentor)<\/p>\n<\/li>\n<li data-start=\"899\" data-end=\"925\">\n<p data-start=\"901\" data-end=\"925\">Material: A\u00e7o e ferro<\/p>\n<\/li>\n<li data-start=\"926\" data-end=\"959\">\n<p data-start=\"928\" data-end=\"959\">Acabamento da superf\u00edcie: Cromado<\/p>\n<\/li>\n<li data-start=\"960\" data-end=\"1004\">\n<p data-start=\"962\" data-end=\"1004\">Com fechadura: N\u00e3o - acesso r\u00e1pido sem chaves<\/p>\n<\/li>\n<li data-start=\"1005\" data-end=\"1041\">\n<p data-start=\"1007\" data-end=\"1041\">Tamanho m\u00e9dio - compacto mas resistente<\/p>\n<\/li>\n<\/ul>\n<p data-start=\"1043\" data-end=\"1220\">Quer esteja a conceber uma mala de voo ou a construir uma unidade de armazenamento pronta para a estrada, a <strong data-start=\"1125\" data-end=\"1167\">FS-1131 Ferragem de fecho de tor\u00e7\u00e3o de borboleta<\/strong> oferece um desempenho fi\u00e1vel e uma instala\u00e7\u00e3o f\u00e1cil.<\/p>","protected":false},"excerpt":{"rendered":"<ul>\n<li><strong>Tipo de produto:\u00a0 <\/strong>Capturas;<\/li>\n<li><strong>Tipo\uff1a<\/strong>Fechos de borboleta\uff1b<\/li>\n<li><strong>Material\uff1a<\/strong>A\u00e7o, Ferro\uff1b<\/li>\n<li><strong>Superf\u00edcie:\u00a0 <\/strong>Cromado;<\/li>\n<li><strong>Com fechadura: <\/strong>N\u00e3o;<\/li>\n<\/ul>","protected":false},"featured_media":2916,"comment_status":"closed","ping_status":"closed","template":"","meta":{"_acf_changed":false},"product_brand":[],"product_cat":[117],"product_tag":[],"class_list":{"0":"post-2572","1":"product","2":"type-product","3":"status-publish","4":"has-post-thumbnail","6":"product_cat-surface-mount-twist-latches","7":"pa_material-steel","8":"pa_surface-treatment-black","9":"pa_surface-treatment-blue-zinc","10":"pa_surface-treatment-chrome","11":"description-off","13":"first","14":"instock","15":"shipping-taxable","16":"product-type-simple"},"acf":[],"_links":{"self":[{"href":"https:\/\/fayshing.com\/pt-pt\/wp-json\/wp\/v2\/product\/2572","targetHints":{"allow":["GET"]}}],"collection":[{"href":"https:\/\/fayshing.com\/pt-pt\/wp-json\/wp\/v2\/product"}],"about":[{"href":"https:\/\/fayshing.com\/pt-pt\/wp-json\/wp\/v2\/types\/product"}],"replies":[{"embeddable":true,"href":"https:\/\/fayshing.com\/pt-pt\/wp-json\/wp\/v2\/comments?post=2572"}],"wp:featuredmedia":[{"embeddable":true,"href":"https:\/\/fayshing.com\/pt-pt\/wp-json\/wp\/v2\/media\/2916"}],"wp:attachment":[{"href":"https:\/\/fayshing.com\/pt-pt\/wp-json\/wp\/v2\/media?parent=2572"}],"wp:term":[{"taxonomy":"product_brand","embeddable":true,"href":"https:\/\/fayshing.com\/pt-pt\/wp-json\/wp\/v2\/product_brand?post=2572"},{"taxonomy":"product_cat","embeddable":true,"href":"https:\/\/fayshing.com\/pt-pt\/wp-json\/wp\/v2\/product_cat?post=2572"},{"taxonomy":"product_tag","embeddable":true,"href":"https:\/\/fayshing.com\/pt-pt\/wp-json\/wp\/v2\/product_tag?post=2572"}],"curies":[{"name":"wp","href":"https:\/\/api.w.org\/{rel}","templated":true}]}}