{"id":2567,"date":"2022-05-09T16:20:09","date_gmt":"2022-05-09T08:20:09","guid":{"rendered":"https:\/\/fayshing.com\/?post_type=product&#038;p=2567"},"modified":"2025-04-28T09:00:57","modified_gmt":"2025-04-28T01:00:57","slug":"56x39mm-stainless-steel-padlockable-surface-mount-butterfly-twist-latch-and-keeper-fs-1130","status":"publish","type":"product","link":"https:\/\/fayshing.com\/pt-pt\/product\/56x39mm-stainless-steel-padlockable-surface-mount-butterfly-twist-latch-and-keeper-fs-1130\/","title":{"rendered":"Fecho e retentor de borboleta de montagem \u00e0 superf\u00edcie com cadeado em a\u00e7o inoxid\u00e1vel FS1130"},"content":{"rendered":"<p>\u3010Dimens\u00e3o\u3011: 56 \u00d7 39 \u00d7 17mm (L \u00d7 W \u00d7 H)<br \/>\n\u3010Alta Qualidade\u3011: Feito de a\u00e7o inoxid\u00e1vel 304, \u00e9 dur\u00e1vel, est\u00e1vel e resistente \u00e0 ferrugem.<br \/>\n\u3010Aplica\u00e7\u00e3o ampla\u3011: Pode ser amplamente utilizado em casos de voo, casos multifuncionais, caixas de madeira e etc.<br \/>\n\u3010F\u00e1cil utiliza\u00e7\u00e3o\u3011: A trava com a\u00e7\u00e3o de tor\u00e7\u00e3o muito suave, basta colocar os fixadores travados na caixa e travar a asa.<br \/>\n\u3010Caracter\u00edsticas\u3011: O trinco tem as caracter\u00edsticas de grande for\u00e7a de tra\u00e7\u00e3o, carga de trabalho pesada, f\u00e1cil utiliza\u00e7\u00e3o, resist\u00eancia ao impacto, etc., o que pode garantir um aperto firme sem escorregar.<\/p>","protected":false},"excerpt":{"rendered":"<ul>\n<li><strong>Tipo de produto:\u00a0<\/strong>Capturas;<\/li>\n<li><strong>Tipo\uff1a<\/strong>Fechos de borboleta\uff1b<\/li>\n<li><strong>Material\uff1a<\/strong>A\u00e7o inoxid\u00e1vel\uff1b<\/li>\n<li><strong>Superf\u00edcie:\u00a0<\/strong>Cromado;<\/li>\n<li><strong>Com fechadura:<\/strong>Sim;<\/li>\n<\/ul>","protected":false},"featured_media":2920,"comment_status":"closed","ping_status":"closed","template":"","meta":{"_acf_changed":false},"product_brand":[],"product_cat":[117],"product_tag":[],"class_list":{"0":"post-2567","1":"product","2":"type-product","3":"status-publish","4":"has-post-thumbnail","6":"product_cat-surface-mount-twist-latches","7":"pa_material-steel","8":"pa_surface-treatment-black","9":"pa_surface-treatment-blue-zinc","10":"pa_surface-treatment-chrome","11":"description-off","13":"first","14":"instock","15":"shipping-taxable","16":"product-type-simple"},"acf":[],"_links":{"self":[{"href":"https:\/\/fayshing.com\/pt-pt\/wp-json\/wp\/v2\/product\/2567","targetHints":{"allow":["GET"]}}],"collection":[{"href":"https:\/\/fayshing.com\/pt-pt\/wp-json\/wp\/v2\/product"}],"about":[{"href":"https:\/\/fayshing.com\/pt-pt\/wp-json\/wp\/v2\/types\/product"}],"replies":[{"embeddable":true,"href":"https:\/\/fayshing.com\/pt-pt\/wp-json\/wp\/v2\/comments?post=2567"}],"wp:featuredmedia":[{"embeddable":true,"href":"https:\/\/fayshing.com\/pt-pt\/wp-json\/wp\/v2\/media\/2920"}],"wp:attachment":[{"href":"https:\/\/fayshing.com\/pt-pt\/wp-json\/wp\/v2\/media?parent=2567"}],"wp:term":[{"taxonomy":"product_brand","embeddable":true,"href":"https:\/\/fayshing.com\/pt-pt\/wp-json\/wp\/v2\/product_brand?post=2567"},{"taxonomy":"product_cat","embeddable":true,"href":"https:\/\/fayshing.com\/pt-pt\/wp-json\/wp\/v2\/product_cat?post=2567"},{"taxonomy":"product_tag","embeddable":true,"href":"https:\/\/fayshing.com\/pt-pt\/wp-json\/wp\/v2\/product_tag?post=2567"}],"curies":[{"name":"wp","href":"https:\/\/api.w.org\/{rel}","templated":true}]}}