{"id":2564,"date":"2022-05-09T16:09:18","date_gmt":"2022-05-09T08:09:18","guid":{"rendered":"https:\/\/fayshing.com\/?post_type=product&#038;p=2564"},"modified":"2025-08-07T16:59:54","modified_gmt":"2025-08-07T08:59:54","slug":"110x83mm-spring-loaded-surface-mount-twist-latch-and-keeper-with-captive-body-fs-1128","status":"publish","type":"product","link":"https:\/\/fayshing.com\/pt-pt\/product\/110x83mm-spring-loaded-surface-mount-twist-latch-and-keeper-with-captive-body-fs-1128\/","title":{"rendered":"Fecho de tor\u00e7\u00e3o de montagem \u00e0 superf\u00edcie com mola e detentor com corpo cativo FS1128"},"content":{"rendered":"<p>\u3010Dimens\u00e3o\u3011: 110 \u00d7 83 \u00d7 20mm (L \u00d7 W \u00d7 H)<br \/>\n\u3010Alta Qualidade\u3011: Fabricado com ferro, com alta dureza, e resist\u00eancia ao desgaste, tornando-o mais dur\u00e1vel, anti-corros\u00e3o e anti-oxida\u00e7\u00e3o.<br \/>\n\u3010Aplica\u00e7\u00e3o ampla\u3011: Pode ser amplamente utilizado em casos de voo, casos multifuncionais, caixas de madeira, caixas de equipamentos e etc.<br \/>\n\u3010F\u00e1cil utiliza\u00e7\u00e3o\u3011: A trava com a\u00e7\u00e3o de tor\u00e7\u00e3o muito suave, basta colocar os fixadores travados na caixa e travar a asa.<br \/>\n\u3010Caracter\u00edsticas\u3011: O trinco tem as caracter\u00edsticas de grande for\u00e7a de tra\u00e7\u00e3o, carga de trabalho pesada, f\u00e1cil utiliza\u00e7\u00e3o, resist\u00eancia ao impacto, etc., o que pode garantir um aperto firme sem escorregar.<\/p>","protected":false},"excerpt":{"rendered":"<ul>\n<li><strong>Tipo de produto:\u00a0<\/strong>Capturas;<\/li>\n<li><strong>Tipo\uff1a<\/strong>Fechos de borboleta\uff1b<\/li>\n<li><strong>Material\uff1a<\/strong>A\u00e7o, Ferro\uff1b<\/li>\n<li><strong>Superf\u00edcie:\u00a0<\/strong>Cromado;<\/li>\n<li><strong>Com fechadura:<\/strong>N\u00e3o;<\/li>\n<\/ul>","protected":false},"featured_media":2924,"comment_status":"closed","ping_status":"closed","template":"","meta":{"_acf_changed":false},"product_brand":[],"product_cat":[23,117],"product_tag":[],"class_list":{"0":"post-2564","1":"product","2":"type-product","3":"status-publish","4":"has-post-thumbnail","6":"product_cat-latches","7":"product_cat-surface-mount-twist-latches","8":"pa_material-steel","9":"pa_surface-treatment-black","10":"pa_surface-treatment-blue-zinc","11":"pa_surface-treatment-chrome","12":"description-off","14":"first","15":"instock","16":"shipping-taxable","17":"product-type-simple"},"acf":[],"_links":{"self":[{"href":"https:\/\/fayshing.com\/pt-pt\/wp-json\/wp\/v2\/product\/2564","targetHints":{"allow":["GET"]}}],"collection":[{"href":"https:\/\/fayshing.com\/pt-pt\/wp-json\/wp\/v2\/product"}],"about":[{"href":"https:\/\/fayshing.com\/pt-pt\/wp-json\/wp\/v2\/types\/product"}],"replies":[{"embeddable":true,"href":"https:\/\/fayshing.com\/pt-pt\/wp-json\/wp\/v2\/comments?post=2564"}],"wp:featuredmedia":[{"embeddable":true,"href":"https:\/\/fayshing.com\/pt-pt\/wp-json\/wp\/v2\/media\/2924"}],"wp:attachment":[{"href":"https:\/\/fayshing.com\/pt-pt\/wp-json\/wp\/v2\/media?parent=2564"}],"wp:term":[{"taxonomy":"product_brand","embeddable":true,"href":"https:\/\/fayshing.com\/pt-pt\/wp-json\/wp\/v2\/product_brand?post=2564"},{"taxonomy":"product_cat","embeddable":true,"href":"https:\/\/fayshing.com\/pt-pt\/wp-json\/wp\/v2\/product_cat?post=2564"},{"taxonomy":"product_tag","embeddable":true,"href":"https:\/\/fayshing.com\/pt-pt\/wp-json\/wp\/v2\/product_tag?post=2564"}],"curies":[{"name":"wp","href":"https:\/\/api.w.org\/{rel}","templated":true}]}}