{"id":2563,"date":"2022-05-09T16:03:42","date_gmt":"2022-05-09T08:03:42","guid":{"rendered":"https:\/\/fayshing.com\/?post_type=product&#038;p=2563"},"modified":"2025-08-05T11:52:41","modified_gmt":"2025-08-05T03:52:41","slug":"118x83mm-large-spring-loaded-surface-mount-butterfly-twist-latch-and-keeper-fs-1127","status":"publish","type":"product","link":"https:\/\/fayshing.com\/pt-pt\/product\/118x83mm-large-spring-loaded-surface-mount-butterfly-twist-latch-and-keeper-fs-1127\/","title":{"rendered":"Fecho e retentor de borboleta de montagem em superf\u00edcie com mola grande FS1127"},"content":{"rendered":"<p data-start=\"159\" data-end=\"464\">Actualize a sua caixa ou compartimento com a <strong data-start=\"199\" data-end=\"262\">FS1127 Fecho e retentor de borboleta grande com mola<\/strong>, uma solu\u00e7\u00e3o fi\u00e1vel em alta qualidade <strong data-start=\"300\" data-end=\"324\">ferragem do fecho de tor\u00e7\u00e3o<\/strong>. Concebido para durabilidade e facilidade de utiliza\u00e7\u00e3o, este trinco de montagem \u00e0 superf\u00edcie \u00e9 ideal para caixas de transporte a\u00e9reo, caixas de transporte rodovi\u00e1rio e caixas industriais personalizadas.<\/p>\n<p data-start=\"466\" data-end=\"829\">Fabricado em <strong data-start=\"479\" data-end=\"504\">a\u00e7o e ferro robustos<\/strong>Com um acabamento cromado elegante, o FS1127 combina for\u00e7a com resist\u00eancia \u00e0 corros\u00e3o para um desempenho a longo prazo. O <strong data-start=\"622\" data-end=\"649\">mecanismo de mola<\/strong> garante um funcionamento suave e um fecho seguro, enquanto o <strong data-start=\"705\" data-end=\"736\">trinco de tor\u00e7\u00e3o tipo borboleta<\/strong> permite um acesso r\u00e1pido sem necessidade de uma chave - perfeito quando n\u00e3o \u00e9 necess\u00e1rio um sistema de fecho.<\/p>\n<p data-start=\"831\" data-end=\"848\"><strong data-start=\"831\" data-end=\"848\">Carater\u00edsticas principais:<\/strong><\/p>\n<ul data-start=\"849\" data-end=\"1077\">\n<li data-start=\"849\" data-end=\"897\">\n<p data-start=\"851\" data-end=\"897\">Tipo de produto: Trincos \/ Ferragens de trincos de tor\u00e7\u00e3o<\/p>\n<\/li>\n<li data-start=\"898\" data-end=\"923\">\n<p data-start=\"900\" data-end=\"923\">Tipo: Fecho de borboleta<\/p>\n<\/li>\n<li data-start=\"924\" data-end=\"949\">\n<p data-start=\"926\" data-end=\"949\">Material: A\u00e7o, ferro<\/p>\n<\/li>\n<li data-start=\"950\" data-end=\"1008\">\n<p data-start=\"952\" data-end=\"1008\">Acabamento da superf\u00edcie: Cromado para resist\u00eancia \u00e0 corros\u00e3o<\/p>\n<\/li>\n<li data-start=\"1009\" data-end=\"1060\">\n<p data-start=\"1011\" data-end=\"1060\">Estilo de montagem: Montagem na superf\u00edcie - f\u00e1cil de instalar<\/p>\n<\/li>\n<li data-start=\"1061\" data-end=\"1077\">\n<p data-start=\"1063\" data-end=\"1077\">Pode ser fechado \u00e0 chave: N\u00e3o<\/p>\n<\/li>\n<\/ul>\n<p data-start=\"1079\" data-end=\"1258\">Quer esteja a equipar uma mala de equipamento de turismo ou a construir uma solu\u00e7\u00e3o de armazenamento personalizada, esta <strong data-start=\"1174\" data-end=\"1198\">ferragem do fecho de tor\u00e7\u00e3o<\/strong> oferece funcionalidade e fiabilidade de n\u00edvel industrial.<\/p>","protected":false},"excerpt":{"rendered":"<ul>\n<li><strong>Tipo de produto:\u00a0<\/strong>Capturas;<\/li>\n<li><strong>Tipo\uff1a<\/strong>Fechos de borboleta\uff1b<\/li>\n<li><strong>Material\uff1a<\/strong>A\u00e7o, Ferro\uff1b<\/li>\n<li><strong>Superf\u00edcie:\u00a0<\/strong>Cromado;<\/li>\n<li><strong>Com fechadura:<\/strong>N\u00e3o;<\/li>\n<\/ul>","protected":false},"featured_media":2926,"comment_status":"closed","ping_status":"closed","template":"","meta":{"_acf_changed":false},"product_brand":[],"product_cat":[23,117],"product_tag":[],"class_list":{"0":"post-2563","1":"product","2":"type-product","3":"status-publish","4":"has-post-thumbnail","6":"product_cat-latches","7":"product_cat-surface-mount-twist-latches","8":"pa_material-steel","9":"pa_surface-treatment-black","10":"pa_surface-treatment-blue-zinc","11":"pa_surface-treatment-chrome","12":"description-off","14":"first","15":"instock","16":"shipping-taxable","17":"product-type-simple"},"acf":[],"_links":{"self":[{"href":"https:\/\/fayshing.com\/pt-pt\/wp-json\/wp\/v2\/product\/2563","targetHints":{"allow":["GET"]}}],"collection":[{"href":"https:\/\/fayshing.com\/pt-pt\/wp-json\/wp\/v2\/product"}],"about":[{"href":"https:\/\/fayshing.com\/pt-pt\/wp-json\/wp\/v2\/types\/product"}],"replies":[{"embeddable":true,"href":"https:\/\/fayshing.com\/pt-pt\/wp-json\/wp\/v2\/comments?post=2563"}],"wp:featuredmedia":[{"embeddable":true,"href":"https:\/\/fayshing.com\/pt-pt\/wp-json\/wp\/v2\/media\/2926"}],"wp:attachment":[{"href":"https:\/\/fayshing.com\/pt-pt\/wp-json\/wp\/v2\/media?parent=2563"}],"wp:term":[{"taxonomy":"product_brand","embeddable":true,"href":"https:\/\/fayshing.com\/pt-pt\/wp-json\/wp\/v2\/product_brand?post=2563"},{"taxonomy":"product_cat","embeddable":true,"href":"https:\/\/fayshing.com\/pt-pt\/wp-json\/wp\/v2\/product_cat?post=2563"},{"taxonomy":"product_tag","embeddable":true,"href":"https:\/\/fayshing.com\/pt-pt\/wp-json\/wp\/v2\/product_tag?post=2563"}],"curies":[{"name":"wp","href":"https:\/\/api.w.org\/{rel}","templated":true}]}}