{"id":2562,"date":"2022-05-09T15:54:35","date_gmt":"2022-05-09T07:54:35","guid":{"rendered":"https:\/\/fayshing.com\/?post_type=product&#038;p=2562"},"modified":"2025-04-28T09:13:24","modified_gmt":"2025-04-28T01:13:24","slug":"72x68mm-padlockable-medium-spring-loaded-surface-mount-butterfly-twist-latch-and-keeper-fs-1126","status":"publish","type":"product","link":"https:\/\/fayshing.com\/pt-pt\/product\/72x68mm-padlockable-medium-spring-loaded-surface-mount-butterfly-twist-latch-and-keeper-fs-1126\/","title":{"rendered":"Cadeado m\u00e9dio com mola para montagem em superf\u00edcie com trinco de tor\u00e7\u00e3o borboleta e fecho FS1126"},"content":{"rendered":"<p>\u3010Dimens\u00e3o\u3011: 72 \u00d7 68 \u00d7 20mm (L \u00d7 W \u00d7 H)<br \/>\n\u3010Boa Qualidade\u3011: Feito de ferro de boa qualidade, e a superf\u00edcie \u00e9 cromada, com excelentes propriedades anticorrosivas, resistente e dur\u00e1vel para uso prolongado.<br \/>\n\u3010Uso amplo\u3011: Pode ser amplamente utilizado em mala de estrada, mala de ferramentas de alum\u00ednio, caixa de equipamento fotogr\u00e1fico, etc.<br \/>\n\u3010F\u00e1cil opera\u00e7\u00e3o\u3011: Actuado pela press\u00e3o da ponta do dedo na asa - giro de 180 graus bloqueia e desbloqueia a unidade.<br \/>\n\u3010Caracter\u00edsticas\u3011: Tenha tens\u00e3o pesada, altas cargas de trabalho, uso f\u00e1cil, basta colocar fixadores bloqueados no estojo e travar a asa.<\/p>","protected":false},"excerpt":{"rendered":"<ul>\n<li><strong>Tipo de produto:\u00a0<\/strong>Capturas;<\/li>\n<li><strong>Tipo\uff1a<\/strong>Fechos de borboleta\uff1b<\/li>\n<li><strong>Material\uff1a<\/strong>A\u00e7o, Ferro\uff1b<\/li>\n<li><strong>Superf\u00edcie:\u00a0<\/strong>Cromado;<\/li>\n<li><strong>Com fechadura:<\/strong>Sim;<\/li>\n<\/ul>","protected":false},"featured_media":2928,"comment_status":"closed","ping_status":"closed","template":"","meta":{"_acf_changed":false},"product_brand":[],"product_cat":[117],"product_tag":[],"class_list":{"0":"post-2562","1":"product","2":"type-product","3":"status-publish","4":"has-post-thumbnail","6":"product_cat-surface-mount-twist-latches","7":"pa_material-steel","8":"pa_surface-treatment-black","9":"pa_surface-treatment-blue-zinc","10":"pa_surface-treatment-chrome","11":"description-off","13":"first","14":"instock","15":"shipping-taxable","16":"product-type-simple"},"acf":[],"_links":{"self":[{"href":"https:\/\/fayshing.com\/pt-pt\/wp-json\/wp\/v2\/product\/2562","targetHints":{"allow":["GET"]}}],"collection":[{"href":"https:\/\/fayshing.com\/pt-pt\/wp-json\/wp\/v2\/product"}],"about":[{"href":"https:\/\/fayshing.com\/pt-pt\/wp-json\/wp\/v2\/types\/product"}],"replies":[{"embeddable":true,"href":"https:\/\/fayshing.com\/pt-pt\/wp-json\/wp\/v2\/comments?post=2562"}],"wp:featuredmedia":[{"embeddable":true,"href":"https:\/\/fayshing.com\/pt-pt\/wp-json\/wp\/v2\/media\/2928"}],"wp:attachment":[{"href":"https:\/\/fayshing.com\/pt-pt\/wp-json\/wp\/v2\/media?parent=2562"}],"wp:term":[{"taxonomy":"product_brand","embeddable":true,"href":"https:\/\/fayshing.com\/pt-pt\/wp-json\/wp\/v2\/product_brand?post=2562"},{"taxonomy":"product_cat","embeddable":true,"href":"https:\/\/fayshing.com\/pt-pt\/wp-json\/wp\/v2\/product_cat?post=2562"},{"taxonomy":"product_tag","embeddable":true,"href":"https:\/\/fayshing.com\/pt-pt\/wp-json\/wp\/v2\/product_tag?post=2562"}],"curies":[{"name":"wp","href":"https:\/\/api.w.org\/{rel}","templated":true}]}}