{"id":2559,"date":"2022-05-09T15:30:59","date_gmt":"2022-05-09T07:30:59","guid":{"rendered":"https:\/\/fayshing.com\/?post_type=product&#038;p=2559"},"modified":"2025-09-25T10:43:30","modified_gmt":"2025-09-25T02:43:30","slug":"55x51mm-spring-loaded-small-surface-mount-butterfly-twist-latch-and-keeper-fs-1123","status":"publish","type":"product","link":"https:\/\/fayshing.com\/pt-pt\/product\/55x51mm-spring-loaded-small-surface-mount-butterfly-twist-latch-and-keeper-fs-1123\/","title":{"rendered":"55x51mm Fecho de tor\u00e7\u00e3o borboleta de montagem \u00e0 superf\u00edcie com mola - FS-1123"},"content":{"rendered":"<h2>Vis\u00e3o Geral do Produto<\/h2>\n<p>O FS-1123 \u00e9 um pequeno fecho de borboleta projetado para fixa\u00e7\u00e3o segura e confi\u00e1vel. Mede 55 \u00d7 51 \u00d7 14 mm (comprimento \u00d7 largura \u00d7 altura), sendo perfeito para uma variedade de aplica\u00e7\u00f5es, garantindo seguran\u00e7a e acessibilidade.<\/p>\n<h2>Constru\u00e7\u00e3o Dur\u00e1vel<\/h2>\n<p>Feito de a\u00e7o de alta qualidade, a durabilidade do FS-1123 \u00e9 aumentada com um acabamento em zinco azul, cromo ou preto. Isso n\u00e3o s\u00f3 proporciona resist\u00eancia adicional, mas tamb\u00e9m previne a corros\u00e3o, tornando-o adequado para uso interno e externo.<\/p>\n<h2>Instala\u00e7\u00e3o F\u00e1cil<\/h2>\n<p>Com seu design com mola, o fecho de borboleta de montagem superficial 55x51mm \u00e9 f\u00e1cil de instalar. Seu tamanho compacto permite versatilidade nas op\u00e7\u00f5es de montagem, tornando-o uma escolha ideal para diversos tipos de gabinetes, portas e arm\u00e1rios.<\/p>\n<h2 id=\"tablepress-4-name\" class=\"tablepress-table-name tablepress-table-name-id-4\">Trava de superf\u00edcie pequena<\/h2>\n\n<table id=\"tablepress-4\" class=\"tablepress tablepress-id-4\" aria-labelledby=\"tablepress-4-name\">\n<thead>\n<tr class=\"row-1\">\n\t<th class=\"column-1\"><strong>N\u00famero da pe\u00e7a<\/strong><\/th><th class=\"column-2\"><strong>Desenho<\/strong><\/th><th class=\"column-3\"><strong>Acabamento<\/strong><\/th><th class=\"column-4\"><strong>Bloque\u00e1vel<\/strong><\/th><th class=\"column-5\"><strong>primavera<\/strong><\/th>\n<\/tr>\n<\/thead>\n<tbody class=\"row-striping row-hover\">\n<tr class=\"row-2\">\n\t<td class=\"column-1\"><a href=\"https:\/\/fayshing.com\/pt-pt\/product\/fs1215-two-hole-small-surface-latch\/\">FS1215<\/a><\/td><td class=\"column-2\"><\/td><td class=\"column-3\">cromada<\/td><td class=\"column-4\">N\u00e3o<\/td><td class=\"column-5\">N\u00e3o<\/td>\n<\/tr>\n<tr class=\"row-3\">\n\t<td class=\"column-1\"><a href=\"https:\/\/fayshing.com\/pt-pt\/product\/42x40mm-stainless-steel-small-surface-mount-butterfly-twist-latch-and-keeper-fs-1121\/\">FS1121<\/a><\/td><td class=\"column-2\"><a href=\"https:\/\/fayshing.com\/wp-content\/uploads\/FS1121-Surface-Mount-Twist-Latches.jpg\"><img decoding=\"async\" src=\"https:\/\/fayshing.com\/wp-content\/uploads\/FS1121-Surface-Mount-Twist-Latches-300x300.jpg\" alt=\"FS1121 Fechos de tor\u00e7\u00e3o de montagem em superf\u00edcie\" width=\"60\" height=\"60\" class=\"alignnone size-medium wp-image-6224\" title=\"\" srcset=\"https:\/\/fayshing.com\/wp-content\/uploads\/FS1121-Surface-Mount-Twist-Latches-300x300.jpg 300w, https:\/\/fayshing.com\/wp-content\/uploads\/FS1121-Surface-Mount-Twist-Latches-150x150.jpg 150w, https:\/\/fayshing.com\/wp-content\/uploads\/FS1121-Surface-Mount-Twist-Latches-768x768.jpg 768w, https:\/\/fayshing.com\/wp-content\/uploads\/FS1121-Surface-Mount-Twist-Latches-12x12.jpg 12w, https:\/\/fayshing.com\/wp-content\/uploads\/FS1121-Surface-Mount-Twist-Latches-600x600.jpg 600w, https:\/\/fayshing.com\/wp-content\/uploads\/FS1121-Surface-Mount-Twist-Latches-200x200.jpg 200w, https:\/\/fayshing.com\/wp-content\/uploads\/FS1121-Surface-Mount-Twist-Latches.jpg 800w\" sizes=\"(max-width: 60px) 100vw, 60px\" \/><\/a><\/td><td class=\"column-3\">cromada<\/td><td class=\"column-4\">N\u00e3o<\/td><td class=\"column-5\">N\u00e3o<\/td>\n<\/tr>\n<tr class=\"row-4\">\n\t<td class=\"column-1\"><a href=\"https:\/\/fayshing.com\/pt-pt\/product\/42x40mm-stainless-steel-surface-mount-twist-latch-and-keeper-with-exposed-mounting-hole-fs-1122\/\">FS1122<\/a><\/td><td class=\"column-2\"><a href=\"https:\/\/fayshing.com\/wp-content\/uploads\/2022\/05\/FS1122.jpg\"><img decoding=\"async\" src=\"https:\/\/fayshing.com\/wp-content\/uploads\/2022\/05\/FS1122-300x300.jpg\" alt=\"Pequeno fecho de tor\u00e7\u00e3o em a\u00e7o inoxid\u00e1vel com montagem exposta\" width=\"60\" height=\"60\" class=\"alignnone size-medium wp-image-2935\" title=\"\" srcset=\"https:\/\/fayshing.com\/wp-content\/uploads\/2022\/05\/FS1122-300x300.jpg 300w, https:\/\/fayshing.com\/wp-content\/uploads\/2022\/05\/FS1122-200x200.jpg 200w, https:\/\/fayshing.com\/wp-content\/uploads\/2022\/05\/FS1122-600x600.jpg 600w, https:\/\/fayshing.com\/wp-content\/uploads\/2022\/05\/FS1122-64x64.jpg 64w, https:\/\/fayshing.com\/wp-content\/uploads\/2022\/05\/FS1122-150x150.jpg 150w, https:\/\/fayshing.com\/wp-content\/uploads\/2022\/05\/FS1122-768x768.jpg 768w, https:\/\/fayshing.com\/wp-content\/uploads\/2022\/05\/FS1122-100x100.jpg 100w, https:\/\/fayshing.com\/wp-content\/uploads\/2022\/05\/FS1122.jpg 800w\" sizes=\"(max-width: 60px) 100vw, 60px\" \/><\/a><\/td><td class=\"column-3\">cromada<\/td><td class=\"column-4\">N\u00e3o<\/td><td class=\"column-5\">N\u00e3o<\/td>\n<\/tr>\n<tr class=\"row-5\">\n\t<td class=\"column-1\"><a href=\"https:\/\/fayshing.com\/pt-pt\/product\/55x51mm-spring-loaded-small-surface-mount-butterfly-twist-latch-and-keeper-fs-1123\/\">FS1123<\/a><\/td><td class=\"column-2\"><a href=\"https:\/\/fayshing.com\/wp-content\/uploads\/2022\/05\/FS1123.jpg\"><img decoding=\"async\" src=\"https:\/\/fayshing.com\/wp-content\/uploads\/2022\/05\/FS1123-300x300.jpg\" alt=\"55x51mm trinco borboleta com mola para montagem em superf\u00edcie\" width=\"60\" height=\"60\" class=\"alignnone size-medium wp-image-2933\" title=\"\" srcset=\"https:\/\/fayshing.com\/wp-content\/uploads\/2022\/05\/FS1123-300x300.jpg 300w, https:\/\/fayshing.com\/wp-content\/uploads\/2022\/05\/FS1123-200x200.jpg 200w, https:\/\/fayshing.com\/wp-content\/uploads\/2022\/05\/FS1123-600x600.jpg 600w, https:\/\/fayshing.com\/wp-content\/uploads\/2022\/05\/FS1123-64x64.jpg 64w, https:\/\/fayshing.com\/wp-content\/uploads\/2022\/05\/FS1123-150x150.jpg 150w, https:\/\/fayshing.com\/wp-content\/uploads\/2022\/05\/FS1123-768x768.jpg 768w, https:\/\/fayshing.com\/wp-content\/uploads\/2022\/05\/FS1123-100x100.jpg 100w, https:\/\/fayshing.com\/wp-content\/uploads\/2022\/05\/FS1123.jpg 800w\" sizes=\"(max-width: 60px) 100vw, 60px\" \/><\/a><\/td><td class=\"column-3\">cromada<\/td><td class=\"column-4\">N\u00e3o<\/td><td class=\"column-5\">N\u00e3o<\/td>\n<\/tr>\n<tr class=\"row-6\">\n\t<td class=\"column-1\"><a href=\"https:\/\/fayshing.com\/pt-pt\/product\/55x51mm-padlockable-spring-loaded-surface-mount-butterfly-twist-latch-and-keeper-fs-1124\/\">FS1124<\/a><\/td><td class=\"column-2\"><a href=\"https:\/\/fayshing.com\/wp-content\/uploads\/FS1124.png\"><img loading=\"lazy\" decoding=\"async\" src=\"https:\/\/fayshing.com\/wp-content\/uploads\/FS1124-300x128.png\" alt=\"FS1124 Desenhos CAD detalhados\" width=\"60\" height=\"30\" class=\"alignnone size-medium wp-image-5610\" title=\"\"><\/a><\/td><td class=\"column-3\">cromada<\/td><td class=\"column-4\">Com cadeado<\/td><td class=\"column-5\">N\u00e3o<\/td>\n<\/tr>\n<\/tbody>\n<\/table>","protected":false},"excerpt":{"rendered":"<ul>\n<li>Fecho de borboleta pequeno<\/li>\n<li>55 \u00d7 51 \u00d7 14 mm (C \u00d7 L \u00d7 A)<\/li>\n<li>Material: A\u00e7o<\/li>\n<li>Acabamento: Cromado \/ Preto \/ Zinco<\/li>\n<\/ul>","protected":false},"featured_media":2934,"comment_status":"open","ping_status":"closed","template":"","meta":{"_acf_changed":false},"product_brand":[],"product_cat":[117],"product_tag":[],"class_list":{"0":"post-2559","1":"product","2":"type-product","3":"status-publish","4":"has-post-thumbnail","6":"product_cat-surface-mount-twist-latches","7":"pa_material-steel","8":"pa_surface-treatment-black","9":"pa_surface-treatment-blue-zinc","10":"pa_surface-treatment-chrome","11":"description-off","13":"first","14":"instock","15":"shipping-taxable","16":"product-type-simple"},"acf":[],"_links":{"self":[{"href":"https:\/\/fayshing.com\/pt-pt\/wp-json\/wp\/v2\/product\/2559","targetHints":{"allow":["GET"]}}],"collection":[{"href":"https:\/\/fayshing.com\/pt-pt\/wp-json\/wp\/v2\/product"}],"about":[{"href":"https:\/\/fayshing.com\/pt-pt\/wp-json\/wp\/v2\/types\/product"}],"replies":[{"embeddable":true,"href":"https:\/\/fayshing.com\/pt-pt\/wp-json\/wp\/v2\/comments?post=2559"}],"wp:featuredmedia":[{"embeddable":true,"href":"https:\/\/fayshing.com\/pt-pt\/wp-json\/wp\/v2\/media\/2934"}],"wp:attachment":[{"href":"https:\/\/fayshing.com\/pt-pt\/wp-json\/wp\/v2\/media?parent=2559"}],"wp:term":[{"taxonomy":"product_brand","embeddable":true,"href":"https:\/\/fayshing.com\/pt-pt\/wp-json\/wp\/v2\/product_brand?post=2559"},{"taxonomy":"product_cat","embeddable":true,"href":"https:\/\/fayshing.com\/pt-pt\/wp-json\/wp\/v2\/product_cat?post=2559"},{"taxonomy":"product_tag","embeddable":true,"href":"https:\/\/fayshing.com\/pt-pt\/wp-json\/wp\/v2\/product_tag?post=2559"}],"curies":[{"name":"wp","href":"https:\/\/api.w.org\/{rel}","templated":true}]}}