{"id":2550,"date":"2022-05-09T15:20:07","date_gmt":"2022-05-09T07:20:07","guid":{"rendered":"https:\/\/fayshing.com\/?post_type=product&#038;p=2550"},"modified":"2025-08-08T09:33:51","modified_gmt":"2025-08-08T01:33:51","slug":"fayshing-pull-ring-handle-toolbox-lifting-door-case-chest-pull-handles-fs-2058","status":"publish","type":"product","link":"https:\/\/fayshing.com\/pt-pt\/product\/fayshing-pull-ring-handle-toolbox-lifting-door-case-chest-pull-handles-fs-2058\/","title":{"rendered":"Fayshing puxar anel al\u00e7a caixa de ferramentas porta de eleva\u00e7\u00e3o caso puxadores de peito FS-2058"},"content":{"rendered":"<p><strong>Fayshing puxar anel al\u00e7a caixa de ferramentas porta de eleva\u00e7\u00e3o caso puxadores de peito FS-2058<\/strong><\/p>\n<p>Ampla aplica\u00e7\u00e3o: Utilizado em v\u00e1rios tipos de caixas de embalagem, caixas de alum\u00ednio, caixas de ferramentas, etc.<\/p>\n<hr \/>\n<p><strong>Descri\u00e7\u00e3o :<\/strong><\/p>\n<ul>\n<li>A pega para o peito \u00e9 feita de a\u00e7o de alta qualidade, com acabamento cromado, constru\u00e7\u00e3o resistente para maior durabilidade e estilo, e utiliza\u00e7\u00e3o duradoura.<\/li>\n<li>Ideal para arcas, caixotes, caixas de arruma\u00e7\u00e3o, portas, arm\u00e1rios, gavetas, arm\u00e1rios, etc. Todo o tipo de ferragens para m\u00f3veis.<\/li>\n<\/ul>\n<hr \/>\n<p><strong>Observa\u00e7\u00e3o :<\/strong><\/p>\n<ul>\n<li>Devido \u00e0 medi\u00e7\u00e3o manual, permita um desvio de 1 \u2013 3mm. A cor pode ser diferente devido \u00e0 diferen\u00e7a de exibi\u00e7\u00e3o, por favor, entenda.<\/li>\n<li>Se o produto que voc\u00ea receber apresentar algum problema, n\u00e3o se preocupe. Basta entrar em contato conosco e ofereceremos uma solu\u00e7\u00e3o satisfat\u00f3ria. Sinta-se \u00e0 vontade para entrar em contato conosco se tiver alguma d\u00favida. Estaremos aqui para voc\u00ea o tempo todo.<\/li>\n<\/ul>","protected":false},"excerpt":{"rendered":"<p>Ideal para apoiar arm\u00e1rios, caixas, ba\u00fas, etc.<\/p>","protected":false},"featured_media":2938,"comment_status":"open","ping_status":"closed","template":"","meta":{"_acf_changed":false},"product_brand":[],"product_cat":[108,122],"product_tag":[],"class_list":{"0":"post-2550","1":"product","2":"type-product","3":"status-publish","4":"has-post-thumbnail","6":"product_cat-handles","7":"product_cat-chest-handles","8":"pa_application-packing-box-aluminum-box-toolbox","9":"pa_delivery-time-please-contact-sales-staff","10":"pa_material-cold-plate-iron-wire","11":"pa_surface-treatment-chrome","12":"description-off","14":"first","15":"instock","16":"shipping-taxable","17":"product-type-simple"},"acf":[],"_links":{"self":[{"href":"https:\/\/fayshing.com\/pt-pt\/wp-json\/wp\/v2\/product\/2550","targetHints":{"allow":["GET"]}}],"collection":[{"href":"https:\/\/fayshing.com\/pt-pt\/wp-json\/wp\/v2\/product"}],"about":[{"href":"https:\/\/fayshing.com\/pt-pt\/wp-json\/wp\/v2\/types\/product"}],"replies":[{"embeddable":true,"href":"https:\/\/fayshing.com\/pt-pt\/wp-json\/wp\/v2\/comments?post=2550"}],"wp:featuredmedia":[{"embeddable":true,"href":"https:\/\/fayshing.com\/pt-pt\/wp-json\/wp\/v2\/media\/2938"}],"wp:attachment":[{"href":"https:\/\/fayshing.com\/pt-pt\/wp-json\/wp\/v2\/media?parent=2550"}],"wp:term":[{"taxonomy":"product_brand","embeddable":true,"href":"https:\/\/fayshing.com\/pt-pt\/wp-json\/wp\/v2\/product_brand?post=2550"},{"taxonomy":"product_cat","embeddable":true,"href":"https:\/\/fayshing.com\/pt-pt\/wp-json\/wp\/v2\/product_cat?post=2550"},{"taxonomy":"product_tag","embeddable":true,"href":"https:\/\/fayshing.com\/pt-pt\/wp-json\/wp\/v2\/product_tag?post=2550"}],"curies":[{"name":"wp","href":"https:\/\/api.w.org\/{rel}","templated":true}]}}