{"id":2515,"date":"2022-05-09T11:38:53","date_gmt":"2022-05-09T03:38:53","guid":{"rendered":"https:\/\/fayshing.com\/?post_type=product&#038;p=2515"},"modified":"2025-02-12T11:04:53","modified_gmt":"2025-02-12T03:04:53","slug":"fayshing-100x54mm-rack-lid-latch-in-narrow-and-very-shallow-plain-dish-fs-1165","status":"publish","type":"product","link":"https:\/\/fayshing.com\/pt-pt\/product\/fayshing-100x54mm-rack-lid-latch-in-narrow-and-very-shallow-plain-dish-fs-1165\/","title":{"rendered":"Fecho de tampa de rack 100x54mm em prato estreito e muito raso FS-1213"},"content":{"rendered":"<p>[ ESPECIFICA\u00c7\u00c3O ] Tamanho: 100x54mm; 7 orif\u00edcios de montagem; Di\u00e2metro do orif\u00edcio: 5,2mm.<br \/>\n[MATERIAL] Feito de metal, ap\u00f3s galvanoplastia, torna-se forte, dur\u00e1vel e duradouro.<br \/>\n[ALTA FUN\u00c7\u00c3O] A trava embutida com mola pode efetivamente evitar que a trava caia.<br \/>\n[APLICA\u00c7\u00c3O] Adequado para maleta de voo, caixa de ferramentas, maleta de alum\u00ednio, chassi, bagagem, etc.<br \/>\n[NOTA] Devido \u00e0 medi\u00e7\u00e3o manual, pode haver pequenos desvios. A cor pode ser diferente conforme a exibi\u00e7\u00e3o da diferen\u00e7a, por favor, entenda.<\/p>\n<p><iframe title=\"FAYSHING | Flight Case Fecho de borboleta embutido\" width=\"1200\" height=\"675\" src=\"https:\/\/www.youtube.com\/embed\/aTp86AjsHpU?feature=oembed\" frameborder=\"0\" allow=\"accelerometer; autoplay; clipboard-write; encrypted-media; gyroscope; picture-in-picture; web-share\" referrerpolicy=\"strict-origin-when-cross-origin\" allowfullscreen><\/iframe><\/p>\n<p>&nbsp;<\/p>","protected":false},"excerpt":{"rendered":"<ul>\n<li>Fecho de tampa de bastidor de encastrar 2U em prato estreito e muito raso<\/li>\n<li>Material: A\u00e7o<\/li>\n<li>Acabamento: Cromado \/ Preto \/ Zinco<\/li>\n<\/ul>","protected":false},"featured_media":2941,"comment_status":"closed","ping_status":"closed","template":"","meta":{"_acf_changed":false},"product_brand":[],"product_cat":[116],"product_tag":[],"class_list":{"0":"post-2515","1":"product","2":"type-product","3":"status-publish","4":"has-post-thumbnail","6":"product_cat-recessed-twist-latches","7":"description-off","9":"first","10":"instock","11":"shipping-taxable","12":"product-type-simple"},"acf":[],"_links":{"self":[{"href":"https:\/\/fayshing.com\/pt-pt\/wp-json\/wp\/v2\/product\/2515","targetHints":{"allow":["GET"]}}],"collection":[{"href":"https:\/\/fayshing.com\/pt-pt\/wp-json\/wp\/v2\/product"}],"about":[{"href":"https:\/\/fayshing.com\/pt-pt\/wp-json\/wp\/v2\/types\/product"}],"replies":[{"embeddable":true,"href":"https:\/\/fayshing.com\/pt-pt\/wp-json\/wp\/v2\/comments?post=2515"}],"wp:featuredmedia":[{"embeddable":true,"href":"https:\/\/fayshing.com\/pt-pt\/wp-json\/wp\/v2\/media\/2941"}],"wp:attachment":[{"href":"https:\/\/fayshing.com\/pt-pt\/wp-json\/wp\/v2\/media?parent=2515"}],"wp:term":[{"taxonomy":"product_brand","embeddable":true,"href":"https:\/\/fayshing.com\/pt-pt\/wp-json\/wp\/v2\/product_brand?post=2515"},{"taxonomy":"product_cat","embeddable":true,"href":"https:\/\/fayshing.com\/pt-pt\/wp-json\/wp\/v2\/product_cat?post=2515"},{"taxonomy":"product_tag","embeddable":true,"href":"https:\/\/fayshing.com\/pt-pt\/wp-json\/wp\/v2\/product_tag?post=2515"}],"curies":[{"name":"wp","href":"https:\/\/api.w.org\/{rel}","templated":true}]}}