{"id":2512,"date":"2022-05-09T11:18:12","date_gmt":"2022-05-09T03:18:12","guid":{"rendered":"https:\/\/fayshing.com\/?post_type=product&#038;p=2512"},"modified":"2025-06-03T09:40:01","modified_gmt":"2025-06-03T01:40:01","slug":"115x105mm-valance-spanning-butterfly-overlatch-in-plain-dish-with-padlock-feature-fs-1120","status":"publish","type":"product","link":"https:\/\/fayshing.com\/pt-pt\/product\/115x105mm-valance-spanning-butterfly-overlatch-in-plain-dish-with-padlock-feature-fs-1120\/","title":{"rendered":"FS-1120 Fecho borboleta com cadeado \u2013 Fecho seguro para valance"},"content":{"rendered":"<ul>\n<li>Fecho de borboleta m\u00e9dio com cadeado - Fecho de seguran\u00e7a para v\u00e3os de guarda-corpos<\/li>\n<li>Material: A\u00e7o<\/li>\n<li>Acabamento: Cromado \/ Preto \/ Zinco<\/li>\n<\/ul>\n<p>\u3010Dimens\u00e3o\u3011: Tamanho total: 115x 105mm; Di\u00e2metro do furo: 5mm.<br \/>\n\u3010Design s\u00f3lido e \u00fatil\u3011: A estrutura \u00e9 robusta e dur\u00e1vel. Tem uma fun\u00e7\u00e3o de cadeado para evitar que o trinco se abra.<br \/>\n\u3010F\u00e1cil de usar\u3011: Punho em forma de borboleta, com mola, a\u00e7\u00e3o de tor\u00e7\u00e3o suave, girando para abrir ou fechar o trinco.<br \/>\n\u3010Aplica\u00e7\u00e3o ampla\u3011: Adequado para casos de voo, casos de ferramentas, casos de madeira, casos de alum\u00ednio, chassis, casos de bagagem, etc.<br \/>\n\u3010M\u00e9todo de armazenamento\u3011: Armazenar em local seco, n\u00e3o empilhar em local \u00famido e fresco, para evitar ferrugem ou oxida\u00e7\u00e3o do produto.<\/p>\n<p><iframe title=\"FAYSHING | Flight Case Fecho de borboleta embutido\" width=\"1200\" height=\"675\" src=\"https:\/\/www.youtube.com\/embed\/aTp86AjsHpU?feature=oembed\" frameborder=\"0\" allow=\"accelerometer; autoplay; clipboard-write; encrypted-media; gyroscope; picture-in-picture; web-share\" referrerpolicy=\"strict-origin-when-cross-origin\" allowfullscreen><\/iframe><\/p>\n<p>&nbsp;<\/p>","protected":false},"excerpt":{"rendered":"<ul>\n<li>Sancas de encastrar m\u00e9dias que se estendem sobre o trinco<\/li>\n<li>Material: A\u00e7o<\/li>\n<li>Acabamento: Cromado \/ Preto \/ Zinco<\/li>\n<\/ul>","protected":false},"featured_media":2947,"comment_status":"open","ping_status":"closed","template":"","meta":{"_acf_changed":false},"product_brand":[],"product_cat":[116],"product_tag":[],"class_list":{"0":"post-2512","1":"product","2":"type-product","3":"status-publish","4":"has-post-thumbnail","6":"product_cat-recessed-twist-latches","7":"pa_material-steel","8":"pa_surface-treatment-black","9":"pa_surface-treatment-blue-zinc","10":"pa_surface-treatment-chrome","11":"description-off","13":"first","14":"instock","15":"shipping-taxable","16":"product-type-simple"},"acf":[],"_links":{"self":[{"href":"https:\/\/fayshing.com\/pt-pt\/wp-json\/wp\/v2\/product\/2512","targetHints":{"allow":["GET"]}}],"collection":[{"href":"https:\/\/fayshing.com\/pt-pt\/wp-json\/wp\/v2\/product"}],"about":[{"href":"https:\/\/fayshing.com\/pt-pt\/wp-json\/wp\/v2\/types\/product"}],"replies":[{"embeddable":true,"href":"https:\/\/fayshing.com\/pt-pt\/wp-json\/wp\/v2\/comments?post=2512"}],"wp:featuredmedia":[{"embeddable":true,"href":"https:\/\/fayshing.com\/pt-pt\/wp-json\/wp\/v2\/media\/2947"}],"wp:attachment":[{"href":"https:\/\/fayshing.com\/pt-pt\/wp-json\/wp\/v2\/media?parent=2512"}],"wp:term":[{"taxonomy":"product_brand","embeddable":true,"href":"https:\/\/fayshing.com\/pt-pt\/wp-json\/wp\/v2\/product_brand?post=2512"},{"taxonomy":"product_cat","embeddable":true,"href":"https:\/\/fayshing.com\/pt-pt\/wp-json\/wp\/v2\/product_cat?post=2512"},{"taxonomy":"product_tag","embeddable":true,"href":"https:\/\/fayshing.com\/pt-pt\/wp-json\/wp\/v2\/product_tag?post=2512"}],"curies":[{"name":"wp","href":"https:\/\/api.w.org\/{rel}","templated":true}]}}