{"id":2511,"date":"2022-05-09T11:08:35","date_gmt":"2022-05-09T03:08:35","guid":{"rendered":"https:\/\/fayshing.com\/?post_type=product&#038;p=2511"},"modified":"2025-01-07T14:17:06","modified_gmt":"2025-01-07T06:17:06","slug":"fayshing-171x126mm-large-hinge-with-lid-stay-offset-fs-1118","status":"publish","type":"product","link":"https:\/\/fayshing.com\/pt-pt\/product\/fayshing-171x126mm-large-hinge-with-lid-stay-offset-fs-1118\/","title":{"rendered":"Dobradi\u00e7a grande Fayshing 171x126mm com tampa deslocada FS-1118"},"content":{"rendered":"<p>&nbsp;<\/p>\n<p>\u3010Dimens\u00e3o\u3011: Tamanho total: 171x 126mm; 14 furos de montagem; di\u00e2metro do furo: 5mm.<br \/>\n\u3010Design s\u00f3lido e \u00fatil\u3011: A estrutura \u00e9 robusta e dur\u00e1vel, a superf\u00edcie \u00e9 cromada, n\u00e3o \u00e9 f\u00e1cil de enferrujar.<br \/>\n\u3010F\u00e1cil de usar\u3011: Ap\u00f3s a instala\u00e7\u00e3o, a dobradi\u00e7a suportar\u00e1 perfeitamente sua tampa e nunca cair\u00e1, garantindo sua seguran\u00e7a.<br \/>\n\u3010Aplica\u00e7\u00e3o ampla\u3011: Adequado para casos de voo, casos de ferramentas, casos de madeira, casos de alum\u00ednio, chassis, casos de bagagem, etc.<br \/>\n\u3010M\u00e9todo de armazenamento\u3011: Armazenar em local seco, n\u00e3o empilhar em local \u00famido e fresco, para evitar ferrugem ou oxida\u00e7\u00e3o do produto.<\/p>\n<p>&nbsp;<\/p>","protected":false},"excerpt":{"rendered":"<p>Quer esteja a substituir toda a mala de transporte ou a instalar uma mala de transporte totalmente nova, necessita de dobradi\u00e7as adequadas para garantir que abrem sempre de forma suave e eficiente. \u00c9 por isso que a Fayshing criou dobradi\u00e7as de alta qualidade para garantir que as tampas se mant\u00eam na posi\u00e7\u00e3o correta durante muitos anos.<\/p>","protected":false},"featured_media":4693,"comment_status":"open","ping_status":"closed","template":"","meta":{"_acf_changed":false},"product_brand":[],"product_cat":[134],"product_tag":[],"class_list":{"0":"post-2511","1":"product","2":"type-product","3":"status-publish","4":"has-post-thumbnail","6":"product_cat-lid-stays","7":"description-off","9":"first","10":"instock","11":"shipping-taxable","12":"product-type-simple"},"acf":[],"_links":{"self":[{"href":"https:\/\/fayshing.com\/pt-pt\/wp-json\/wp\/v2\/product\/2511","targetHints":{"allow":["GET"]}}],"collection":[{"href":"https:\/\/fayshing.com\/pt-pt\/wp-json\/wp\/v2\/product"}],"about":[{"href":"https:\/\/fayshing.com\/pt-pt\/wp-json\/wp\/v2\/types\/product"}],"replies":[{"embeddable":true,"href":"https:\/\/fayshing.com\/pt-pt\/wp-json\/wp\/v2\/comments?post=2511"}],"wp:featuredmedia":[{"embeddable":true,"href":"https:\/\/fayshing.com\/pt-pt\/wp-json\/wp\/v2\/media\/4693"}],"wp:attachment":[{"href":"https:\/\/fayshing.com\/pt-pt\/wp-json\/wp\/v2\/media?parent=2511"}],"wp:term":[{"taxonomy":"product_brand","embeddable":true,"href":"https:\/\/fayshing.com\/pt-pt\/wp-json\/wp\/v2\/product_brand?post=2511"},{"taxonomy":"product_cat","embeddable":true,"href":"https:\/\/fayshing.com\/pt-pt\/wp-json\/wp\/v2\/product_cat?post=2511"},{"taxonomy":"product_tag","embeddable":true,"href":"https:\/\/fayshing.com\/pt-pt\/wp-json\/wp\/v2\/product_tag?post=2511"}],"curies":[{"name":"wp","href":"https:\/\/api.w.org\/{rel}","templated":true}]}}