{"id":2509,"date":"2022-05-09T11:26:02","date_gmt":"2022-05-09T03:26:02","guid":{"rendered":"https:\/\/fayshing.com\/?post_type=product&#038;p=2509"},"modified":"2025-08-08T09:38:19","modified_gmt":"2025-08-08T01:38:19","slug":"fayshing-strap-handle-with-steel-foil-fs-2096","status":"publish","type":"product","link":"https:\/\/fayshing.com\/pt-pt\/product\/fayshing-strap-handle-with-steel-foil-fs-2096\/","title":{"rendered":"Al\u00e7a Fayshing com folha de a\u00e7o FS-2096"},"content":{"rendered":"<p><strong>Al\u00e7a Fayshing com folha de a\u00e7o FS-2096<\/strong><\/p>\n<p>Ampla aplica\u00e7\u00e3o: Adequado para gavetas, malas, arm\u00e1rios, roupeiros, caixas de alum\u00ednio, etc.<\/p>\n<hr \/>\n<p><strong>Descri\u00e7\u00e3o :<\/strong><\/p>\n<ul>\n<li>Feito de metal e pl\u00e1stico de alta qualidade, dur\u00e1vel, resistente ao desgaste e dur\u00e1vel.<\/li>\n<li>\u00c9 muito adequado para o design de caixas modernas, mas combina perfeitamente com arm\u00e1rios personalizados tradicionais.<\/li>\n<\/ul>\n<hr \/>\n<p><strong>Observa\u00e7\u00e3o :<\/strong><\/p>\n<ul>\n<li>Devido \u00e0 medi\u00e7\u00e3o manual, permita um desvio de 1 \u2013 3mm. A cor pode ser diferente devido \u00e0 diferen\u00e7a de exibi\u00e7\u00e3o, por favor, entenda.<\/li>\n<li>Entre em contato conosco, verifique o tamanho do produto com aten\u00e7\u00e3o e leia as descri\u00e7\u00f5es do tamanho do produto antes de comprar para evitar uma poss\u00edvel experi\u00eancia de compra desagrad\u00e1vel.<\/li>\n<\/ul>","protected":false},"excerpt":{"rendered":"<p>Pega de metal e pl\u00e1stico sem caixa, ideal para carregar em caixas pequenas, como a caixa de alum\u00ednio e a caixa de ferramentas.<\/p>","protected":false},"featured_media":2945,"comment_status":"open","ping_status":"closed","template":"","meta":{"_acf_changed":false},"product_brand":[],"product_cat":[108,124],"product_tag":[],"class_list":{"0":"post-2509","1":"product","2":"type-product","3":"status-publish","4":"has-post-thumbnail","6":"product_cat-handles","7":"product_cat-strap-handles","8":"pa_application-aluminum-box-equipment-box-toolbox","9":"pa_delivery-time-please-contact-sales-staff","10":"pa_material-cold-plate-plastic","11":"pa_surface-treatment-chrome-black-golden-gray","12":"description-off","14":"first","15":"instock","16":"shipping-taxable","17":"product-type-simple"},"acf":[],"_links":{"self":[{"href":"https:\/\/fayshing.com\/pt-pt\/wp-json\/wp\/v2\/product\/2509","targetHints":{"allow":["GET"]}}],"collection":[{"href":"https:\/\/fayshing.com\/pt-pt\/wp-json\/wp\/v2\/product"}],"about":[{"href":"https:\/\/fayshing.com\/pt-pt\/wp-json\/wp\/v2\/types\/product"}],"replies":[{"embeddable":true,"href":"https:\/\/fayshing.com\/pt-pt\/wp-json\/wp\/v2\/comments?post=2509"}],"wp:featuredmedia":[{"embeddable":true,"href":"https:\/\/fayshing.com\/pt-pt\/wp-json\/wp\/v2\/media\/2945"}],"wp:attachment":[{"href":"https:\/\/fayshing.com\/pt-pt\/wp-json\/wp\/v2\/media?parent=2509"}],"wp:term":[{"taxonomy":"product_brand","embeddable":true,"href":"https:\/\/fayshing.com\/pt-pt\/wp-json\/wp\/v2\/product_brand?post=2509"},{"taxonomy":"product_cat","embeddable":true,"href":"https:\/\/fayshing.com\/pt-pt\/wp-json\/wp\/v2\/product_cat?post=2509"},{"taxonomy":"product_tag","embeddable":true,"href":"https:\/\/fayshing.com\/pt-pt\/wp-json\/wp\/v2\/product_tag?post=2509"}],"curies":[{"name":"wp","href":"https:\/\/api.w.org\/{rel}","templated":true}]}}