{"id":2484,"date":"2022-05-06T14:25:23","date_gmt":"2022-05-06T06:25:23","guid":{"rendered":"https:\/\/fayshing.com\/?post_type=product&#038;p=2484"},"modified":"2025-06-03T10:02:07","modified_gmt":"2025-06-03T02:02:07","slug":"124x122mm-medium-double-bulge-shaped-butterfly-twist-latch-with-padlock-function-fs-1107","status":"publish","type":"product","link":"https:\/\/fayshing.com\/pt-pt\/product\/124x122mm-medium-double-bulge-shaped-butterfly-twist-latch-with-padlock-function-fs-1107\/","title":{"rendered":"Fecho borboleta de bulbo duplo 124x122 mm com cadeado \u2013 FS-1107"},"content":{"rendered":"<ul>\n<li>Fecho de tor\u00e7\u00e3o borboleta de aba dupla m\u00e9dio com cadeado<\/li>\n<li>Material: A\u00e7o<\/li>\n<li>Acabamento: Cromado \/ Preto \/ Zinco<\/li>\n<li>Com cadeado<\/li>\n<\/ul>\n<p>\u3010Dimens\u00e3o\u3011: Tamanho total: 124 x 122 mm; o trinco tem 14 furos de montagem; di\u00e2metro do furo: 5mm.<br \/>\n\u3010Design s\u00f3lido e \u00fatil\u3011: A estrutura \u00e9 robusta e dur\u00e1vel. Tem uma fun\u00e7\u00e3o de cadeado para evitar que o trinco se abra.<br \/>\n\u3010F\u00e1cil de usar\u3011: Punho em forma de borboleta, com mola, a\u00e7\u00e3o de tor\u00e7\u00e3o suave, girando para abrir ou fechar o trinco.<br \/>\n\u3010Aplica\u00e7\u00e3o ampla\u3011: Adequado para casos de voo, casos de ferramentas, casos de madeira, casos de alum\u00ednio, chassis, casos de bagagem, etc.<br \/>\n\u3010M\u00e9todo de armazenamento\u3011: Armazenar em local seco, n\u00e3o empilhar em local \u00famido e fresco, para evitar ferrugem ou oxida\u00e7\u00e3o do produto.<\/p>\n<h3>FS1107 Desenhos CAD detalhados<\/h3>\n<p><a href=\"https:\/\/fayshing.com\/wp-content\/uploads\/FS1107-Detailed-CAD-Drawings.png\"><img fetchpriority=\"high\" decoding=\"async\" class=\"alignnone wp-image-5627\" src=\"https:\/\/fayshing.com\/wp-content\/uploads\/FS1107-Detailed-CAD-Drawings-300x139.png\" alt=\"FS1107 Desenhos CAD detalhados\" width=\"464\" height=\"215\" title=\"\" srcset=\"https:\/\/fayshing.com\/wp-content\/uploads\/FS1107-Detailed-CAD-Drawings-300x139.png 300w, https:\/\/fayshing.com\/wp-content\/uploads\/FS1107-Detailed-CAD-Drawings-600x277.png 600w, https:\/\/fayshing.com\/wp-content\/uploads\/FS1107-Detailed-CAD-Drawings-64x30.png 64w, https:\/\/fayshing.com\/wp-content\/uploads\/FS1107-Detailed-CAD-Drawings-768x355.png 768w, https:\/\/fayshing.com\/wp-content\/uploads\/FS1107-Detailed-CAD-Drawings-18x8.png 18w, https:\/\/fayshing.com\/wp-content\/uploads\/FS1107-Detailed-CAD-Drawings.png 792w\" sizes=\"(max-width: 464px) 100vw, 464px\" \/><\/a><\/p>","protected":false},"excerpt":{"rendered":"<ul>\n<li>Trinco m\u00e9dio com cadeado em prato de montagem \u00e0 superf\u00edcie<\/li>\n<li>Material: A\u00e7o<\/li>\n<li>Acabamento: Cromado \/ Preto \/ Zinco<\/li>\n<li>Com cadeado<\/li>\n<\/ul>","protected":false},"featured_media":3050,"comment_status":"open","ping_status":"closed","template":"","meta":{"_acf_changed":false},"product_brand":[],"product_cat":[23,117],"product_tag":[],"class_list":{"0":"post-2484","1":"product","2":"type-product","3":"status-publish","4":"has-post-thumbnail","6":"product_cat-latches","7":"product_cat-surface-mount-twist-latches","8":"pa_material-steel","9":"pa_surface-treatment-black","10":"pa_surface-treatment-blue-zinc","11":"pa_surface-treatment-chrome","12":"description-off","14":"first","15":"instock","16":"shipping-taxable","17":"product-type-simple"},"acf":[],"_links":{"self":[{"href":"https:\/\/fayshing.com\/pt-pt\/wp-json\/wp\/v2\/product\/2484","targetHints":{"allow":["GET"]}}],"collection":[{"href":"https:\/\/fayshing.com\/pt-pt\/wp-json\/wp\/v2\/product"}],"about":[{"href":"https:\/\/fayshing.com\/pt-pt\/wp-json\/wp\/v2\/types\/product"}],"replies":[{"embeddable":true,"href":"https:\/\/fayshing.com\/pt-pt\/wp-json\/wp\/v2\/comments?post=2484"}],"wp:featuredmedia":[{"embeddable":true,"href":"https:\/\/fayshing.com\/pt-pt\/wp-json\/wp\/v2\/media\/3050"}],"wp:attachment":[{"href":"https:\/\/fayshing.com\/pt-pt\/wp-json\/wp\/v2\/media?parent=2484"}],"wp:term":[{"taxonomy":"product_brand","embeddable":true,"href":"https:\/\/fayshing.com\/pt-pt\/wp-json\/wp\/v2\/product_brand?post=2484"},{"taxonomy":"product_cat","embeddable":true,"href":"https:\/\/fayshing.com\/pt-pt\/wp-json\/wp\/v2\/product_cat?post=2484"},{"taxonomy":"product_tag","embeddable":true,"href":"https:\/\/fayshing.com\/pt-pt\/wp-json\/wp\/v2\/product_tag?post=2484"}],"curies":[{"name":"wp","href":"https:\/\/api.w.org\/{rel}","templated":true}]}}