{"id":2482,"date":"2022-05-06T13:58:56","date_gmt":"2022-05-06T05:58:56","guid":{"rendered":"https:\/\/fayshing.com\/?post_type=product&#038;p=2482"},"modified":"2025-09-23T14:07:22","modified_gmt":"2025-09-23T06:07:22","slug":"fayshing-82x77mm-small-recessed-butterfly-twist-latch-fs-1106","status":"publish","type":"product","link":"https:\/\/fayshing.com\/pt-pt\/product\/fayshing-82x77mm-small-recessed-butterfly-twist-latch-fs-1106\/","title":{"rendered":"82x77mm pequena trava de tor\u00e7\u00e3o borboleta embutida FS-1106"},"content":{"rendered":"<ul>\n<li>Fechadura Recessada Pequena para Estojo de Transporte com Deslocamento<\/li>\n<li>Prato Raso de 3\/8\u2033<\/li>\n<li>H\u00e1 2 furos na al\u00e7a da trava borboleta;<\/li>\n<li>Prato com cadeado;<\/li>\n<li>Sem cadeado;<\/li>\n<li>Tamanho do buraco \u03a65mm;<\/li>\n<li>Size 77 \u00d7 82mm;<\/li>\n<\/ul>\n<p>[MATERIAL] Feito de a\u00e7o, ap\u00f3s galvanoplastia, torna-se forte, dur\u00e1vel e duradouro.<br \/>\n[APLICA\u00c7\u00c3O] Adequado para maleta de voo, caixa de ferramentas, maleta de alum\u00ednio, chassi, bagagem, etc.<br \/>\n[NOTA] Devido \u00e0 medi\u00e7\u00e3o manual, podem existir pequenos desvios. A cor pode ser diferente conforme a diferen\u00e7a apresentada; por favor, compreenda.<\/p>\n<h2 id=\"tablepress-1-name\" class=\"tablepress-table-name tablepress-table-name-id-1\">Trinco pequeno de encastrar<\/h2>\n\n<table id=\"tablepress-1\" class=\"tablepress tablepress-id-1\" aria-labelledby=\"tablepress-1-name\">\n<thead>\n<tr class=\"row-1\">\n\t<th class=\"column-1\"><strong>N\u00famero da pe\u00e7a<\/strong><\/th><th class=\"column-2\"><strong>Desenho<\/strong><\/th><th class=\"column-3\"><strong>Acabamento<\/strong><\/th><th class=\"column-4\"><strong>Bloque\u00e1vel<\/strong><\/th><th class=\"column-5\"><strong>Desvio<\/strong><\/th>\n<\/tr>\n<\/thead>\n<tbody class=\"row-striping row-hover\">\n<tr class=\"row-2\">\n\t<td class=\"column-1\"><a href=\"https:\/\/fayshing.com\/pt-pt\/product\/fs1202-trinco-pequeno-para-mala-de-estrada-encastrada\/\">FS1202<\/a><\/td><td class=\"column-2\"><a href=\"https:\/\/fayshing.com\/wp-content\/uploads\/FS1202-Small-Recessed-Road-Case-Latch-1.jpg\"><img decoding=\"async\" src=\"https:\/\/fayshing.com\/wp-content\/uploads\/FS1202-Small-Recessed-Road-Case-Latch-1-300x300.jpg\" alt=\"FS1202 Trinco de mala de estrada pequeno e encastrado\" width=\"60\" height=\"60\" class=\"alignnone size-medium wp-image-6217\" title=\"\" srcset=\"https:\/\/fayshing.com\/wp-content\/uploads\/FS1202-Small-Recessed-Road-Case-Latch-1-300x300.jpg 300w, https:\/\/fayshing.com\/wp-content\/uploads\/FS1202-Small-Recessed-Road-Case-Latch-1-150x150.jpg 150w, https:\/\/fayshing.com\/wp-content\/uploads\/FS1202-Small-Recessed-Road-Case-Latch-1-768x768.jpg 768w, https:\/\/fayshing.com\/wp-content\/uploads\/FS1202-Small-Recessed-Road-Case-Latch-1-12x12.jpg 12w, https:\/\/fayshing.com\/wp-content\/uploads\/FS1202-Small-Recessed-Road-Case-Latch-1-600x600.jpg 600w, https:\/\/fayshing.com\/wp-content\/uploads\/FS1202-Small-Recessed-Road-Case-Latch-1-200x200.jpg 200w, https:\/\/fayshing.com\/wp-content\/uploads\/FS1202-Small-Recessed-Road-Case-Latch-1.jpg 1000w\" sizes=\"(max-width: 60px) 100vw, 60px\" \/><\/a><\/td><td class=\"column-3\">cromada<\/td><td class=\"column-4\">N\u00e3o<\/td><td class=\"column-5\">N\u00c3O<\/td>\n<\/tr>\n<tr class=\"row-3\">\n\t<td class=\"column-1\"><a href=\"https:\/\/fayshing.com\/pt-pt\/product\/fs1203-fecho-de-borboleta-pequeno-de-encastrar-com-cadeado\/\">FS1203<\/a><\/td><td class=\"column-2\"><a href=\"https:\/\/fayshing.com\/wp-content\/uploads\/FS1203-Small-Recessed-Butterfly-Latch\u200b-With-Padlock-1.jpg\"><img decoding=\"async\" src=\"https:\/\/fayshing.com\/wp-content\/uploads\/FS1203-Small-Recessed-Butterfly-Latch\u200b-With-Padlock-1-300x300.jpg\" alt=\"Pequeno fecho de borboleta embutido com cadeado em desenho CAD pormenorizado\" width=\"60\" height=\"60\" class=\"alignnone size-medium wp-image-6216\" title=\"\" srcset=\"https:\/\/fayshing.com\/wp-content\/uploads\/FS1203-Small-Recessed-Butterfly-Latch\u200b-With-Padlock-1-300x300.jpg 300w, https:\/\/fayshing.com\/wp-content\/uploads\/FS1203-Small-Recessed-Butterfly-Latch\u200b-With-Padlock-1-150x150.jpg 150w, https:\/\/fayshing.com\/wp-content\/uploads\/FS1203-Small-Recessed-Butterfly-Latch\u200b-With-Padlock-1-768x768.jpg 768w, https:\/\/fayshing.com\/wp-content\/uploads\/FS1203-Small-Recessed-Butterfly-Latch\u200b-With-Padlock-1-12x12.jpg 12w, https:\/\/fayshing.com\/wp-content\/uploads\/FS1203-Small-Recessed-Butterfly-Latch\u200b-With-Padlock-1-600x600.jpg 600w, https:\/\/fayshing.com\/wp-content\/uploads\/FS1203-Small-Recessed-Butterfly-Latch\u200b-With-Padlock-1-200x200.jpg 200w, https:\/\/fayshing.com\/wp-content\/uploads\/FS1203-Small-Recessed-Butterfly-Latch\u200b-With-Padlock-1.jpg 1000w\" sizes=\"(max-width: 60px) 100vw, 60px\" \/><\/a><\/td><td class=\"column-3\">cromada<\/td><td class=\"column-4\">Com cadeado<\/td><td class=\"column-5\">N\u00c3O<\/td>\n<\/tr>\n<tr class=\"row-4\">\n\t<td class=\"column-1\"><a href=\"https:\/\/fayshing.com\/pt-pt\/product\/fayshing-82x77mm-small-recessed-butterfly-twist-latch-fs-1106\/\">FS1106<\/a><\/td><td class=\"column-2\"><a href=\"https:\/\/fayshing.com\/wp-content\/uploads\/82x77mm-Small-Recessed-Butterfly-Twist-Latch-FS-1106.png\"><img decoding=\"async\" src=\"https:\/\/fayshing.com\/wp-content\/uploads\/82x77mm-Small-Recessed-Butterfly-Twist-Latch-FS-1106-300x168.png\" alt=\"82x77mm pequena trava de tor\u00e7\u00e3o borboleta embutida FS-1106\" width=\"60\" height=\"33\" class=\"alignnone size-medium wp-image-5615\" title=\"\" srcset=\"https:\/\/fayshing.com\/wp-content\/uploads\/82x77mm-Small-Recessed-Butterfly-Twist-Latch-FS-1106-300x168.png 300w, https:\/\/fayshing.com\/wp-content\/uploads\/82x77mm-Small-Recessed-Butterfly-Twist-Latch-FS-1106-600x337.png 600w, https:\/\/fayshing.com\/wp-content\/uploads\/82x77mm-Small-Recessed-Butterfly-Twist-Latch-FS-1106-64x36.png 64w, https:\/\/fayshing.com\/wp-content\/uploads\/82x77mm-Small-Recessed-Butterfly-Twist-Latch-FS-1106-18x10.png 18w, https:\/\/fayshing.com\/wp-content\/uploads\/82x77mm-Small-Recessed-Butterfly-Twist-Latch-FS-1106.png 649w\" sizes=\"(max-width: 60px) 100vw, 60px\" \/><\/a><\/td><td class=\"column-3\">cromada<\/td><td class=\"column-4\">N\u00e3o<\/td><td class=\"column-5\">N\u00c3O<\/td>\n<\/tr>\n<tr class=\"row-5\">\n\t<td class=\"column-1\"><a href=\"https:\/\/fayshing.com\/pt-pt\/product\/fs1204-pequenos-fechos-de-embutir-com-cadeado\/\">FS1204<\/a><\/td><td class=\"column-2\"><a href=\"https:\/\/fayshing.com\/wp-content\/uploads\/FS1204-Small-Recessed-Latches-With-Padlock.png\"><img loading=\"lazy\" decoding=\"async\" src=\"https:\/\/fayshing.com\/wp-content\/uploads\/FS1204-Small-Recessed-Latches-With-Padlock-300x168.png\" alt=\"FS1204 Pequenos Fechos Recuados com Cadeado\" width=\"60\" height=\"33\" class=\"alignnone size-medium wp-image-5617\" title=\"\" srcset=\"https:\/\/fayshing.com\/wp-content\/uploads\/FS1204-Small-Recessed-Latches-With-Padlock-300x168.png 300w, https:\/\/fayshing.com\/wp-content\/uploads\/FS1204-Small-Recessed-Latches-With-Padlock-600x337.png 600w, https:\/\/fayshing.com\/wp-content\/uploads\/FS1204-Small-Recessed-Latches-With-Padlock-64x36.png 64w, https:\/\/fayshing.com\/wp-content\/uploads\/FS1204-Small-Recessed-Latches-With-Padlock-18x10.png 18w, https:\/\/fayshing.com\/wp-content\/uploads\/FS1204-Small-Recessed-Latches-With-Padlock.png 649w\" sizes=\"(max-width: 60px) 100vw, 60px\" \/><\/a><\/td><td class=\"column-3\">cromada<\/td><td class=\"column-4\">Com cadeado<\/td><td class=\"column-5\">N\u00c3O<\/td>\n<\/tr>\n<tr class=\"row-6\">\n\t<td class=\"column-1\"><a href=\"https:\/\/fayshing.com\/pt-pt\/product\/fayshing-82x77mm-small-recessed-butterfly-twist-latch-with-padlockable-feature-fs-1105\/\">FS1105<\/a><\/td><td class=\"column-2\"><a href=\"https:\/\/fayshing.com\/wp-content\/uploads\/FS1105.jpg\"><img loading=\"lazy\" decoding=\"async\" src=\"https:\/\/fayshing.com\/wp-content\/uploads\/FS1105-300x300.jpg\" alt=\"Fecho de tor\u00e7\u00e3o tipo borboleta pequeno e encastr\u00e1vel com cadeado FS1105 Desenho CAD\" width=\"60\" height=\"60\" class=\"alignnone size-medium wp-image-6220\" title=\"\" srcset=\"https:\/\/fayshing.com\/wp-content\/uploads\/FS1105-300x300.jpg 300w, https:\/\/fayshing.com\/wp-content\/uploads\/FS1105-150x150.jpg 150w, https:\/\/fayshing.com\/wp-content\/uploads\/FS1105-768x768.jpg 768w, https:\/\/fayshing.com\/wp-content\/uploads\/FS1105-12x12.jpg 12w, https:\/\/fayshing.com\/wp-content\/uploads\/FS1105-600x600.jpg 600w, https:\/\/fayshing.com\/wp-content\/uploads\/FS1105-200x200.jpg 200w, https:\/\/fayshing.com\/wp-content\/uploads\/FS1105.jpg 1000w\" sizes=\"(max-width: 60px) 100vw, 60px\" \/><\/a><\/td><td class=\"column-3\">cromada<\/td><td class=\"column-4\">Com cadeado<\/td><td class=\"column-5\">N\u00c3O<\/td>\n<\/tr>\n<\/tbody>\n<\/table>\n<!-- #tablepress-1 from cache -->\n<h3>FS1106 Desenhos CAD detalhados<\/h3>\n<p><a href=\"https:\/\/fayshing.com\/wp-content\/uploads\/82x77mm-Small-Recessed-Butterfly-Twist-Latch-FS-1106.png\"><img loading=\"lazy\" decoding=\"async\" class=\"alignnone wp-image-5615\" src=\"https:\/\/fayshing.com\/wp-content\/uploads\/82x77mm-Small-Recessed-Butterfly-Twist-Latch-FS-1106-300x168.png\" alt=\"82x77mm pequena trava de tor\u00e7\u00e3o borboleta embutida FS-1106\" width=\"362\" height=\"203\" title=\"\" srcset=\"https:\/\/fayshing.com\/wp-content\/uploads\/82x77mm-Small-Recessed-Butterfly-Twist-Latch-FS-1106-300x168.png 300w, https:\/\/fayshing.com\/wp-content\/uploads\/82x77mm-Small-Recessed-Butterfly-Twist-Latch-FS-1106-600x337.png 600w, https:\/\/fayshing.com\/wp-content\/uploads\/82x77mm-Small-Recessed-Butterfly-Twist-Latch-FS-1106-64x36.png 64w, https:\/\/fayshing.com\/wp-content\/uploads\/82x77mm-Small-Recessed-Butterfly-Twist-Latch-FS-1106-18x10.png 18w, https:\/\/fayshing.com\/wp-content\/uploads\/82x77mm-Small-Recessed-Butterfly-Twist-Latch-FS-1106.png 649w\" sizes=\"(max-width: 362px) 100vw, 362px\" \/><\/a><\/p>\n<p><iframe title=\"FAYSHING | Flight Case Fecho de borboleta embutido\" width=\"1200\" height=\"675\" src=\"https:\/\/www.youtube.com\/embed\/aTp86AjsHpU?feature=oembed&#038;enablejsapi=1&#038;origin=https:\/\/fayshing.com\" frameborder=\"0\" allow=\"accelerometer; autoplay; clipboard-write; encrypted-media; gyroscope; picture-in-picture; web-share\" referrerpolicy=\"strict-origin-when-cross-origin\" allowfullscreen><\/iframe><\/p>","protected":false},"excerpt":{"rendered":"<ul>\n<li>Fechadura Recessada Pequena FS1106<\/li>\n<li>Material: A\u00e7o<\/li>\n<li>Acabamento: Cromado \/ Preto \/ Zinco<\/li>\n<\/ul>","protected":false},"featured_media":3053,"comment_status":"open","ping_status":"closed","template":"","meta":{"_acf_changed":false},"product_brand":[],"product_cat":[23,116],"product_tag":[],"class_list":{"0":"post-2482","1":"product","2":"type-product","3":"status-publish","4":"has-post-thumbnail","6":"product_cat-latches","7":"product_cat-recessed-twist-latches","8":"pa_material-steel","9":"pa_surface-treatment-black","10":"pa_surface-treatment-blue-zinc","11":"pa_surface-treatment-chrome","12":"description-off","14":"first","15":"instock","16":"shipping-taxable","17":"product-type-simple"},"acf":[],"_links":{"self":[{"href":"https:\/\/fayshing.com\/pt-pt\/wp-json\/wp\/v2\/product\/2482","targetHints":{"allow":["GET"]}}],"collection":[{"href":"https:\/\/fayshing.com\/pt-pt\/wp-json\/wp\/v2\/product"}],"about":[{"href":"https:\/\/fayshing.com\/pt-pt\/wp-json\/wp\/v2\/types\/product"}],"replies":[{"embeddable":true,"href":"https:\/\/fayshing.com\/pt-pt\/wp-json\/wp\/v2\/comments?post=2482"}],"wp:featuredmedia":[{"embeddable":true,"href":"https:\/\/fayshing.com\/pt-pt\/wp-json\/wp\/v2\/media\/3053"}],"wp:attachment":[{"href":"https:\/\/fayshing.com\/pt-pt\/wp-json\/wp\/v2\/media?parent=2482"}],"wp:term":[{"taxonomy":"product_brand","embeddable":true,"href":"https:\/\/fayshing.com\/pt-pt\/wp-json\/wp\/v2\/product_brand?post=2482"},{"taxonomy":"product_cat","embeddable":true,"href":"https:\/\/fayshing.com\/pt-pt\/wp-json\/wp\/v2\/product_cat?post=2482"},{"taxonomy":"product_tag","embeddable":true,"href":"https:\/\/fayshing.com\/pt-pt\/wp-json\/wp\/v2\/product_tag?post=2482"}],"curies":[{"name":"wp","href":"https:\/\/api.w.org\/{rel}","templated":true}]}}