{"id":2465,"date":"2022-05-06T09:26:12","date_gmt":"2022-05-06T01:26:12","guid":{"rendered":"https:\/\/fayshing.com\/?post_type=product&#038;p=2465"},"modified":"2025-01-07T14:31:50","modified_gmt":"2025-01-07T06:31:50","slug":"4-inch-built-in-tpr-caster-wheel-fs-7033-gray","status":"publish","type":"product","link":"https:\/\/fayshing.com\/pt-pt\/product\/4-inch-built-in-tpr-caster-wheel-fs-7033-gray\/","title":{"rendered":"Roda girat\u00f3ria TPR embutida de 3,9 polegadas Fayshing FS-7033, cinza"},"content":{"rendered":"<p>A borracha termopl\u00e1stica \u00e9 um material que n\u00e3o deixa marcas e n\u00e3o faz barulho.<\/p>\n<p>Com um rolamento de esferas de precis\u00e3o, o piso de borracha termopl\u00e1stica da Service Caster sobre rodas com n\u00facleo de poliolefina oferece uma roda de rolamento silenciosa e suave que \u00e9 adequada para uma variedade de diferentes ambientes limpos.<\/p>\n<p>Finalmente, as nossas rodas s\u00e3o altamente resistentes ao \u00f3leo, \u00e0 gordura, \u00e0 \u00e1gua e \u00e0 maioria dos solventes. Com tantas carater\u00edsticas excelentes, o piso de borracha termopl\u00e1stica da Service Caster sobre rodas com n\u00facleo de poliolefina continuar\u00e1 a faz\u00ea-lo avan\u00e7ar.<\/p>","protected":false},"excerpt":{"rendered":"<p>Por que escolher rod\u00edzios Fayshing:<\/p>\n<p>\u2714 Materiais de alta qualidade e durabilidade total<\/p>\n<p>\u2714 Configura\u00e7\u00e3o simples e manobras f\u00e1ceis.<\/p>\n<p>\u2714 Perfeito para movimenta\u00e7\u00e3o de cases, carrinhos, bancadas, m\u00f3veis, estantes e outros itens comumente encontrados em oficinas.<\/p>\n<p>\u2714 Oferecemos pre\u00e7os incrivelmente acess\u00edveis.<\/p>","protected":false},"featured_media":2467,"comment_status":"open","ping_status":"closed","template":"","meta":{"_acf_changed":false},"product_brand":[],"product_cat":[203],"product_tag":[],"class_list":{"0":"post-2465","1":"product","2":"type-product","3":"status-publish","4":"has-post-thumbnail","6":"product_cat-caseters-wheel","7":"description-off","9":"first","10":"instock","11":"shipping-taxable","12":"product-type-simple"},"acf":[],"_links":{"self":[{"href":"https:\/\/fayshing.com\/pt-pt\/wp-json\/wp\/v2\/product\/2465","targetHints":{"allow":["GET"]}}],"collection":[{"href":"https:\/\/fayshing.com\/pt-pt\/wp-json\/wp\/v2\/product"}],"about":[{"href":"https:\/\/fayshing.com\/pt-pt\/wp-json\/wp\/v2\/types\/product"}],"replies":[{"embeddable":true,"href":"https:\/\/fayshing.com\/pt-pt\/wp-json\/wp\/v2\/comments?post=2465"}],"wp:featuredmedia":[{"embeddable":true,"href":"https:\/\/fayshing.com\/pt-pt\/wp-json\/wp\/v2\/media\/2467"}],"wp:attachment":[{"href":"https:\/\/fayshing.com\/pt-pt\/wp-json\/wp\/v2\/media?parent=2465"}],"wp:term":[{"taxonomy":"product_brand","embeddable":true,"href":"https:\/\/fayshing.com\/pt-pt\/wp-json\/wp\/v2\/product_brand?post=2465"},{"taxonomy":"product_cat","embeddable":true,"href":"https:\/\/fayshing.com\/pt-pt\/wp-json\/wp\/v2\/product_cat?post=2465"},{"taxonomy":"product_tag","embeddable":true,"href":"https:\/\/fayshing.com\/pt-pt\/wp-json\/wp\/v2\/product_tag?post=2465"}],"curies":[{"name":"wp","href":"https:\/\/api.w.org\/{rel}","templated":true}]}}