{"id":2448,"date":"2022-05-05T16:21:39","date_gmt":"2022-05-05T08:21:39","guid":{"rendered":"https:\/\/fayshing.com\/?post_type=product&#038;p=2448"},"modified":"2025-01-07T15:09:14","modified_gmt":"2025-01-07T07:09:14","slug":"fayshing-4-inch-double-bearing-swivel-mobile-castor-fs-7014","status":"publish","type":"product","link":"https:\/\/fayshing.com\/pt-pt\/product\/fayshing-4-inch-double-bearing-swivel-mobile-castor-fs-7014\/","title":{"rendered":"Fayshing rod\u00edzio m\u00f3vel girat\u00f3rio com rolamento duplo de 4 polegadas FS-7014"},"content":{"rendered":"<p>PEQUENO e FORTE, SUPER CARREGADOR: As rodas girat\u00f3rias s\u00e3o fabricadas com o popular tipo de borracha de poliuretano n\u00e3o marcante, de funcionamento muito silencioso, que absorve choques e vibra\u00e7\u00f5es. Poupan\u00e7a de tempo e de trabalho. Estas potentes rodas de rod\u00edzio podem ser utilizadas para uma multiplicidade de pequenos ou grandes projectos.<br \/>\nRODAS DE RODAS GIRAM 360 GRAUS: Transformam o equipamento de acoplamento em qualquer dire\u00e7\u00e3o da forma mais eficiente e que poupa trabalho, as nossas rodas de rod\u00edzio s\u00e3o os melhores acess\u00f3rios para mobili\u00e1rio pesado, secret\u00e1ria, mesa, arm\u00e1rio ou carrinho.<br \/>\nRODAS DE BORRACHA SILENCIOSAS: Silenciosas e sem ru\u00eddo de rolamento, por isso n\u00e3o se preocupe em incomodar os outros quando mover os seus dispositivos.<br \/>\nMUITO USADO: Pode ser usado em aplica\u00e7\u00f5es industriais e residenciais, para mesa de caf\u00e9, suportes de plantas, estantes de livros, caixas de sapatos, caixas de brinquedos, carrinhos de compras, bancada de trabalho, armaz\u00e9m ou prateleiras de supermercado, eles podem ser instalados na maioria dos dispositivos, se voc\u00ea quiser.<\/p>","protected":false},"excerpt":{"rendered":"<p>Por que escolher rod\u00edzios Fayshing:<\/p>\n<p>\u2714 Materiais de alta qualidade e durabilidade total<\/p>\n<p>\u2714 Configura\u00e7\u00e3o simples e manobras f\u00e1ceis.<\/p>\n<p>\u2714 Perfeito para movimenta\u00e7\u00e3o de cases, carrinhos, bancadas, m\u00f3veis, estantes e outros itens comumente encontrados em oficinas.<\/p>\n<p>\u2714 Oferecemos pre\u00e7os incrivelmente acess\u00edveis.<\/p>","protected":false},"featured_media":2480,"comment_status":"open","ping_status":"closed","template":"","meta":{"_acf_changed":false},"product_brand":[],"product_cat":[203],"product_tag":[],"class_list":{"0":"post-2448","1":"product","2":"type-product","3":"status-publish","4":"has-post-thumbnail","6":"product_cat-caseters-wheel","7":"description-off","9":"first","10":"instock","11":"shipping-taxable","12":"purchasable","13":"product-type-simple"},"acf":[],"_links":{"self":[{"href":"https:\/\/fayshing.com\/pt-pt\/wp-json\/wp\/v2\/product\/2448","targetHints":{"allow":["GET"]}}],"collection":[{"href":"https:\/\/fayshing.com\/pt-pt\/wp-json\/wp\/v2\/product"}],"about":[{"href":"https:\/\/fayshing.com\/pt-pt\/wp-json\/wp\/v2\/types\/product"}],"replies":[{"embeddable":true,"href":"https:\/\/fayshing.com\/pt-pt\/wp-json\/wp\/v2\/comments?post=2448"}],"wp:featuredmedia":[{"embeddable":true,"href":"https:\/\/fayshing.com\/pt-pt\/wp-json\/wp\/v2\/media\/2480"}],"wp:attachment":[{"href":"https:\/\/fayshing.com\/pt-pt\/wp-json\/wp\/v2\/media?parent=2448"}],"wp:term":[{"taxonomy":"product_brand","embeddable":true,"href":"https:\/\/fayshing.com\/pt-pt\/wp-json\/wp\/v2\/product_brand?post=2448"},{"taxonomy":"product_cat","embeddable":true,"href":"https:\/\/fayshing.com\/pt-pt\/wp-json\/wp\/v2\/product_cat?post=2448"},{"taxonomy":"product_tag","embeddable":true,"href":"https:\/\/fayshing.com\/pt-pt\/wp-json\/wp\/v2\/product_tag?post=2448"}],"curies":[{"name":"wp","href":"https:\/\/api.w.org\/{rel}","templated":true}]}}