{"id":2447,"date":"2022-05-05T16:19:55","date_gmt":"2022-05-05T08:19:55","guid":{"rendered":"https:\/\/fayshing.com\/?post_type=product&#038;p=2447"},"modified":"2025-01-07T15:04:36","modified_gmt":"2025-01-07T07:04:36","slug":"fayshing-4-inch-double-bearing-swivel-brake-castor-fs-7013","status":"publish","type":"product","link":"https:\/\/fayshing.com\/pt-pt\/product\/fayshing-4-inch-double-bearing-swivel-brake-castor-fs-7013\/","title":{"rendered":"Fayshing rod\u00edzio de freio girat\u00f3rio com rolamento duplo de 4 polegadas FS-7013"},"content":{"rendered":"<p>Materiais de alta qualidade: O corpo com estrutura de a\u00e7o \u00e9 extremamente resistente.<br \/>\nConce\u00e7\u00e3o do trav\u00e3o: O trav\u00e3o bloqueia a roda e o rolamento girat\u00f3rio ao mesmo tempo, o que \u00e9 essencial para a seguran\u00e7a.<br \/>\nRota\u00e7\u00e3o de 360\u00b0: A placa superior girat\u00f3ria de 360 graus permite rodar o equipamento de acoplamento, \u00e9 ideal para transportar mobili\u00e1rio ligeiro e expositores de forma silenciosa e segura.<br \/>\nAplica\u00e7\u00e3o: Rod\u00edzios perfeitos para equipamento e mobili\u00e1rio, incluindo otomanos, mesas de caf\u00e9, assentos, prateleiras, suportes para plantas, estantes, caixas para sapatos, caixas para brinquedos, carrinhos de compras, bancadas de trabalho, arruma\u00e7\u00e3o debaixo da cama ou outras coisas pesadas.<\/p>","protected":false},"excerpt":{"rendered":"<p>A nossa vis\u00e3o, miss\u00e3o e valores baseiam-se na confian\u00e7a dos clientes.<\/p>\n<p>Adoptamos as mais recentes tecnologias e inova\u00e7\u00f5es, melhoramos as instala\u00e7\u00f5es e utilizamos v\u00e1rios tipos de instrumentos de teste para produzir rodas e rod\u00edzios de \u00faltima gera\u00e7\u00e3o.<\/p>\n<p>Gozando de uma s\u00f3lida reputa\u00e7\u00e3o entre os clientes, orgulhamo-nos de poder oferecer produtos de qualidade com uma fiabilidade inigual\u00e1vel.<\/p>","protected":false},"featured_media":2491,"comment_status":"open","ping_status":"closed","template":"","meta":{"_acf_changed":false},"product_brand":[],"product_cat":[203],"product_tag":[],"class_list":{"0":"post-2447","1":"product","2":"type-product","3":"status-publish","4":"has-post-thumbnail","6":"product_cat-caseters-wheel","7":"description-off","9":"first","10":"instock","11":"shipping-taxable","12":"purchasable","13":"product-type-simple"},"acf":[],"_links":{"self":[{"href":"https:\/\/fayshing.com\/pt-pt\/wp-json\/wp\/v2\/product\/2447","targetHints":{"allow":["GET"]}}],"collection":[{"href":"https:\/\/fayshing.com\/pt-pt\/wp-json\/wp\/v2\/product"}],"about":[{"href":"https:\/\/fayshing.com\/pt-pt\/wp-json\/wp\/v2\/types\/product"}],"replies":[{"embeddable":true,"href":"https:\/\/fayshing.com\/pt-pt\/wp-json\/wp\/v2\/comments?post=2447"}],"wp:featuredmedia":[{"embeddable":true,"href":"https:\/\/fayshing.com\/pt-pt\/wp-json\/wp\/v2\/media\/2491"}],"wp:attachment":[{"href":"https:\/\/fayshing.com\/pt-pt\/wp-json\/wp\/v2\/media?parent=2447"}],"wp:term":[{"taxonomy":"product_brand","embeddable":true,"href":"https:\/\/fayshing.com\/pt-pt\/wp-json\/wp\/v2\/product_brand?post=2447"},{"taxonomy":"product_cat","embeddable":true,"href":"https:\/\/fayshing.com\/pt-pt\/wp-json\/wp\/v2\/product_cat?post=2447"},{"taxonomy":"product_tag","embeddable":true,"href":"https:\/\/fayshing.com\/pt-pt\/wp-json\/wp\/v2\/product_tag?post=2447"}],"curies":[{"name":"wp","href":"https:\/\/api.w.org\/{rel}","templated":true}]}}