{"id":2437,"date":"2022-05-05T15:28:01","date_gmt":"2022-05-05T07:28:01","guid":{"rendered":"https:\/\/fayshing.com\/?post_type=product&#038;p=2437"},"modified":"2025-01-08T10:30:56","modified_gmt":"2025-01-08T02:30:56","slug":"fayshing-4-inch-zinc-alloy-right-angle-edge-covering-caster-fs-7006","status":"publish","type":"product","link":"https:\/\/fayshing.com\/pt-pt\/product\/fayshing-4-inch-zinc-alloy-right-angle-edge-covering-caster-fs-7006\/","title":{"rendered":"Fayshing roda de rod\u00edzio de cobertura de borda de \u00e2ngulo reto de liga de zinco de 4 polegadas FS-7006"},"content":{"rendered":"<p>Rod\u00edzios embutidos: Os rod\u00edzios inclin\u00e1veis embutidos s\u00e3o feitos de poliuretano, portanto, n\u00e3o h\u00e1 ru\u00eddo durante a opera\u00e7\u00e3o e n\u00e3o h\u00e1 necessidade de se preocupar com sons de tritura\u00e7\u00e3o.<br \/>\nRolamento duplo: Seu design de rolamento duplo o torna mais flex\u00edvel ao se mover e voc\u00ea pode us\u00e1-lo por muito tempo.<br \/>\nCapacidade de carga: Deve-se destacar que a capacidade de carga das 4 rodas s\u00f3 pode ser calculada como a soma das tr\u00eas rodas, pois quando a estrada \u00e9 irregular, a for\u00e7a das 4 rodas \u00e9 irregular.<br \/>\nAplica\u00e7\u00e3o: Voc\u00ea pode us\u00e1-lo para carrinhos, malas de voo, caixas de armazenamento, guarda-roupas, malas de carrinho, malas, malas e outras ocasi\u00f5es.<br \/>\nAtendimento de qualidade: Se tiver alguma d\u00favida durante o processo de compra, entre em contato conosco e lhe daremos uma resposta satisfat\u00f3ria.<\/p>","protected":false},"excerpt":{"rendered":"<p>Por que escolher rod\u00edzios Fayshing:<\/p>\n<p>\u2714 Materiais de alta qualidade e durabilidade total<\/p>\n<p>\u2714 Configura\u00e7\u00e3o simples e manobras f\u00e1ceis.<\/p>\n<p>\u2714 Perfeito para movimenta\u00e7\u00e3o de cases, carrinhos, bancadas, m\u00f3veis, estantes e outros itens comumente encontrados em oficinas.<\/p>\n<p>\u2714 Oferecemos pre\u00e7os incrivelmente acess\u00edveis.<\/p>","protected":false},"featured_media":2523,"comment_status":"open","ping_status":"closed","template":"","meta":{"_acf_changed":false},"product_brand":[],"product_cat":[203],"product_tag":[],"class_list":{"0":"post-2437","1":"product","2":"type-product","3":"status-publish","4":"has-post-thumbnail","6":"product_cat-caseters-wheel","7":"description-off","9":"first","10":"instock","11":"shipping-taxable","12":"purchasable","13":"product-type-simple"},"acf":[],"_links":{"self":[{"href":"https:\/\/fayshing.com\/pt-pt\/wp-json\/wp\/v2\/product\/2437","targetHints":{"allow":["GET"]}}],"collection":[{"href":"https:\/\/fayshing.com\/pt-pt\/wp-json\/wp\/v2\/product"}],"about":[{"href":"https:\/\/fayshing.com\/pt-pt\/wp-json\/wp\/v2\/types\/product"}],"replies":[{"embeddable":true,"href":"https:\/\/fayshing.com\/pt-pt\/wp-json\/wp\/v2\/comments?post=2437"}],"wp:featuredmedia":[{"embeddable":true,"href":"https:\/\/fayshing.com\/pt-pt\/wp-json\/wp\/v2\/media\/2523"}],"wp:attachment":[{"href":"https:\/\/fayshing.com\/pt-pt\/wp-json\/wp\/v2\/media?parent=2437"}],"wp:term":[{"taxonomy":"product_brand","embeddable":true,"href":"https:\/\/fayshing.com\/pt-pt\/wp-json\/wp\/v2\/product_brand?post=2437"},{"taxonomy":"product_cat","embeddable":true,"href":"https:\/\/fayshing.com\/pt-pt\/wp-json\/wp\/v2\/product_cat?post=2437"},{"taxonomy":"product_tag","embeddable":true,"href":"https:\/\/fayshing.com\/pt-pt\/wp-json\/wp\/v2\/product_tag?post=2437"}],"curies":[{"name":"wp","href":"https:\/\/api.w.org\/{rel}","templated":true}]}}