{"id":2434,"date":"2022-05-05T14:46:29","date_gmt":"2022-05-05T06:46:29","guid":{"rendered":"https:\/\/fayshing.com\/?post_type=product&#038;p=2434"},"modified":"2025-08-08T14:18:14","modified_gmt":"2025-08-08T06:18:14","slug":"fayshing-mental-flat-caster-dish-fs-7004","status":"publish","type":"product","link":"https:\/\/fayshing.com\/pt-pt\/product\/fayshing-mental-flat-caster-dish-fs-7004\/","title":{"rendered":"Prato de rod\u00edzio plano mental Fayshing FS-7004"},"content":{"rendered":"<p>\u3010Tamanho\u3011Observe que o prato tem dimens\u00e3o externa de 115*105*13,8mm. Verifique sua necessidade antes de fazer o pedido.<\/p>\n<p>\u3010Material premium\u3011 Esses pratos com rod\u00edzios s\u00e3o feitos de material mental de alta qualidade, n\u00e3o s\u00e3o f\u00e1ceis de deformar e n\u00e3o prejudicam o ch\u00e3o, deixam sua capa no lugar com firmeza.<\/p>\n<p>\u3010Funciona bem\u3011 Trava a roda no lugar enquanto protege o piso contra recuos e danos.<\/p>\n<p>\u3010Pr\u00e1tico\u3011 Pratos de rod\u00edzio projetados de forma atraente e habilmente para fornecer o m\u00e1ximo em forma e funcionalidade.<\/p>","protected":false},"excerpt":{"rendered":"<p>O prato com rod\u00edzio Fayshing serve para suportar as rodas da caixa de v\u00f4o e parar o rolamento da roda para que as caixas permane\u00e7am onde est\u00e3o.<\/p>","protected":false},"featured_media":2530,"comment_status":"open","ping_status":"closed","template":"","meta":{"_acf_changed":false},"product_brand":[],"product_cat":[146],"product_tag":[],"class_list":{"0":"post-2434","1":"product","2":"type-product","3":"status-publish","4":"has-post-thumbnail","6":"product_cat-dish","7":"description-off","9":"first","10":"instock","11":"shipping-taxable","12":"purchasable","13":"product-type-simple"},"acf":[],"_links":{"self":[{"href":"https:\/\/fayshing.com\/pt-pt\/wp-json\/wp\/v2\/product\/2434","targetHints":{"allow":["GET"]}}],"collection":[{"href":"https:\/\/fayshing.com\/pt-pt\/wp-json\/wp\/v2\/product"}],"about":[{"href":"https:\/\/fayshing.com\/pt-pt\/wp-json\/wp\/v2\/types\/product"}],"replies":[{"embeddable":true,"href":"https:\/\/fayshing.com\/pt-pt\/wp-json\/wp\/v2\/comments?post=2434"}],"wp:featuredmedia":[{"embeddable":true,"href":"https:\/\/fayshing.com\/pt-pt\/wp-json\/wp\/v2\/media\/2530"}],"wp:attachment":[{"href":"https:\/\/fayshing.com\/pt-pt\/wp-json\/wp\/v2\/media?parent=2434"}],"wp:term":[{"taxonomy":"product_brand","embeddable":true,"href":"https:\/\/fayshing.com\/pt-pt\/wp-json\/wp\/v2\/product_brand?post=2434"},{"taxonomy":"product_cat","embeddable":true,"href":"https:\/\/fayshing.com\/pt-pt\/wp-json\/wp\/v2\/product_cat?post=2434"},{"taxonomy":"product_tag","embeddable":true,"href":"https:\/\/fayshing.com\/pt-pt\/wp-json\/wp\/v2\/product_tag?post=2434"}],"curies":[{"name":"wp","href":"https:\/\/api.w.org\/{rel}","templated":true}]}}