{"id":2433,"date":"2022-05-05T14:36:38","date_gmt":"2022-05-05T06:36:38","guid":{"rendered":"https:\/\/fayshing.com\/?post_type=product&#038;p=2433"},"modified":"2025-01-14T11:05:27","modified_gmt":"2025-01-14T03:05:27","slug":"fayshing-large-size-caster-wheel-dish-fs-7003","status":"publish","type":"product","link":"https:\/\/fayshing.com\/pt-pt\/product\/fayshing-large-size-caster-wheel-dish-fs-7003\/","title":{"rendered":"Prato de roda com rod\u00edzio de tamanho grande Fayshing FS-7003"},"content":{"rendered":"<p>Material e tamanho: Os pratos de rod\u00edzio feitos de placa fria \/ fio de ferro, o tamanho \u00e9 180 * 147 * 45mm.<\/p>\n<p>Os pratos de rod\u00edzio mental t\u00eam superf\u00edcie de polimento em contato com o solo para que o piso n\u00e3o seja arranhado ou danificado, independentemente da madeira ou azulejo, e a fixa\u00e7\u00e3o do piso ser\u00e1 excelente.<\/p>","protected":false},"excerpt":{"rendered":"<p>O prato com rod\u00edzio Fayshing serve para suportar as rodas da caixa de v\u00f4o e parar o rolamento da roda para que as caixas permane\u00e7am onde est\u00e3o.<\/p>","protected":false},"featured_media":2531,"comment_status":"open","ping_status":"closed","template":"","meta":{"_acf_changed":false},"product_brand":[],"product_cat":[146],"product_tag":[],"class_list":{"0":"post-2433","1":"product","2":"type-product","3":"status-publish","4":"has-post-thumbnail","6":"product_cat-dish","7":"description-off","9":"first","10":"instock","11":"shipping-taxable","12":"purchasable","13":"product-type-simple"},"acf":[],"_links":{"self":[{"href":"https:\/\/fayshing.com\/pt-pt\/wp-json\/wp\/v2\/product\/2433","targetHints":{"allow":["GET"]}}],"collection":[{"href":"https:\/\/fayshing.com\/pt-pt\/wp-json\/wp\/v2\/product"}],"about":[{"href":"https:\/\/fayshing.com\/pt-pt\/wp-json\/wp\/v2\/types\/product"}],"replies":[{"embeddable":true,"href":"https:\/\/fayshing.com\/pt-pt\/wp-json\/wp\/v2\/comments?post=2433"}],"wp:featuredmedia":[{"embeddable":true,"href":"https:\/\/fayshing.com\/pt-pt\/wp-json\/wp\/v2\/media\/2531"}],"wp:attachment":[{"href":"https:\/\/fayshing.com\/pt-pt\/wp-json\/wp\/v2\/media?parent=2433"}],"wp:term":[{"taxonomy":"product_brand","embeddable":true,"href":"https:\/\/fayshing.com\/pt-pt\/wp-json\/wp\/v2\/product_brand?post=2433"},{"taxonomy":"product_cat","embeddable":true,"href":"https:\/\/fayshing.com\/pt-pt\/wp-json\/wp\/v2\/product_cat?post=2433"},{"taxonomy":"product_tag","embeddable":true,"href":"https:\/\/fayshing.com\/pt-pt\/wp-json\/wp\/v2\/product_tag?post=2433"}],"curies":[{"name":"wp","href":"https:\/\/api.w.org\/{rel}","templated":true}]}}