{"id":2411,"date":"2022-05-05T10:46:41","date_gmt":"2022-05-05T02:46:41","guid":{"rendered":"https:\/\/fayshing.com\/?post_type=product&#038;p=2411"},"modified":"2025-08-08T09:43:49","modified_gmt":"2025-08-08T01:43:49","slug":"fayshing-small-dish-for-3-inch-casters-fs-7001","status":"publish","type":"product","link":"https:\/\/fayshing.com\/pt-pt\/product\/fayshing-small-dish-for-3-inch-casters-fs-7001\/","title":{"rendered":"Prato pequeno Fayshing para rod\u00edzios de 4 polegadas FS-7001"},"content":{"rendered":"<p>Material e tamanho: Os pratos de rod\u00edzio feitos de placa fria \/ fio de ferro, o tamanho \u00e9 153 * 110 * 35mm na forma externa, 4 polegadas de profundidade dentro da maioria das rodas.<\/p>\n<p>Os pratos de rod\u00edzio mental t\u00eam superf\u00edcie de polimento em contato com o solo para que o piso n\u00e3o seja arranhado ou danificado, independentemente da madeira ou azulejo, e a fixa\u00e7\u00e3o do piso ser\u00e1 excelente.<\/p>","protected":false},"excerpt":{"rendered":"<p>O prato com rod\u00edzio Fayshing serve para suportar as rodas da caixa de v\u00f4o e parar o rolamento da roda para que as caixas permane\u00e7am onde est\u00e3o.<\/p>","protected":false},"featured_media":2536,"comment_status":"open","ping_status":"closed","template":"","meta":{"_acf_changed":false},"product_brand":[],"product_cat":[146],"product_tag":[],"class_list":{"0":"post-2411","1":"product","2":"type-product","3":"status-publish","4":"has-post-thumbnail","6":"product_cat-dish","7":"description-off","9":"first","10":"instock","11":"shipping-taxable","12":"purchasable","13":"product-type-simple"},"acf":[],"_links":{"self":[{"href":"https:\/\/fayshing.com\/pt-pt\/wp-json\/wp\/v2\/product\/2411","targetHints":{"allow":["GET"]}}],"collection":[{"href":"https:\/\/fayshing.com\/pt-pt\/wp-json\/wp\/v2\/product"}],"about":[{"href":"https:\/\/fayshing.com\/pt-pt\/wp-json\/wp\/v2\/types\/product"}],"replies":[{"embeddable":true,"href":"https:\/\/fayshing.com\/pt-pt\/wp-json\/wp\/v2\/comments?post=2411"}],"wp:featuredmedia":[{"embeddable":true,"href":"https:\/\/fayshing.com\/pt-pt\/wp-json\/wp\/v2\/media\/2536"}],"wp:attachment":[{"href":"https:\/\/fayshing.com\/pt-pt\/wp-json\/wp\/v2\/media?parent=2411"}],"wp:term":[{"taxonomy":"product_brand","embeddable":true,"href":"https:\/\/fayshing.com\/pt-pt\/wp-json\/wp\/v2\/product_brand?post=2411"},{"taxonomy":"product_cat","embeddable":true,"href":"https:\/\/fayshing.com\/pt-pt\/wp-json\/wp\/v2\/product_cat?post=2411"},{"taxonomy":"product_tag","embeddable":true,"href":"https:\/\/fayshing.com\/pt-pt\/wp-json\/wp\/v2\/product_tag?post=2411"}],"curies":[{"name":"wp","href":"https:\/\/api.w.org\/{rel}","templated":true}]}}