{"id":2323,"date":"2022-05-04T15:23:21","date_gmt":"2022-05-04T07:23:21","guid":{"rendered":"https:\/\/fayshing.com\/index.php\/product\/fayshing-brace-with-offset\/"},"modified":"2025-01-14T11:06:43","modified_gmt":"2025-01-14T03:06:43","slug":"fayshing-brace-with-offset","status":"publish","type":"product","link":"https:\/\/fayshing.com\/pt-pt\/product\/fayshing-brace-with-offset\/","title":{"rendered":"Cinta Fayshing com deslocamento"},"content":{"rendered":"<p><strong><b>T\u00e9cnica de revestimento profissional<\/b><\/strong><strong><b>: <\/b><\/strong>17 anos de experi\u00eancia em revestimento tornam os nossos produtos dur\u00e1veis, \u00e0 prova de ferrugem e anti-corrosivos.<\/p>\n<p><strong><b>Prazo de entrega curto\uff1a <\/b><\/strong>temos mais de 200 empregados para fabricar produtos rapidamente<\/p>\n<p><strong><b>OEM: <\/b><\/strong>Personalizado, podemos projetar para si de acordo com os seus desenhos e amostras<\/p>\n<p><strong><b>Embalagem: <\/b><\/strong>Embalado com papel branco macio; Colocado numa caixa pequena ou numa caixa de cart\u00e3o, depois colocado numa caixa principal<\/p>\n<p><strong><b>Nota<\/b><\/strong>\u00a0:<\/p>\n<p>Devido \u00e0s medi\u00e7\u00f5es manuais, \u00e9 poss\u00edvel um desvio de 1 a 3 mm.<\/p>\n<p>Por favor, contacte-nos para verificar cuidadosamente o tamanho do nosso produto e leia as descri\u00e7\u00f5es do tamanho do produto antes de comprar para evitar uma poss\u00edvel experi\u00eancia de compra desagrad\u00e1vel.<\/p>","protected":false},"excerpt":{"rendered":"<p>A bra\u00e7adeira Fayshing com Offset \u00e9 ideal para ser instalada em malas de grandes dimens\u00f5es, tais como malas de estrada e malas de transporte de cabos<\/p>","protected":false},"featured_media":2571,"comment_status":"closed","ping_status":"closed","template":"","meta":{"_acf_changed":false},"product_brand":[],"product_cat":[113],"product_tag":[],"class_list":{"0":"post-2323","1":"product","2":"type-product","3":"status-publish","4":"has-post-thumbnail","6":"product_cat-braces","7":"description-off","9":"first","10":"instock","11":"shipping-taxable","12":"product-type-simple"},"acf":[],"_links":{"self":[{"href":"https:\/\/fayshing.com\/pt-pt\/wp-json\/wp\/v2\/product\/2323","targetHints":{"allow":["GET"]}}],"collection":[{"href":"https:\/\/fayshing.com\/pt-pt\/wp-json\/wp\/v2\/product"}],"about":[{"href":"https:\/\/fayshing.com\/pt-pt\/wp-json\/wp\/v2\/types\/product"}],"replies":[{"embeddable":true,"href":"https:\/\/fayshing.com\/pt-pt\/wp-json\/wp\/v2\/comments?post=2323"}],"wp:featuredmedia":[{"embeddable":true,"href":"https:\/\/fayshing.com\/pt-pt\/wp-json\/wp\/v2\/media\/2571"}],"wp:attachment":[{"href":"https:\/\/fayshing.com\/pt-pt\/wp-json\/wp\/v2\/media?parent=2323"}],"wp:term":[{"taxonomy":"product_brand","embeddable":true,"href":"https:\/\/fayshing.com\/pt-pt\/wp-json\/wp\/v2\/product_brand?post=2323"},{"taxonomy":"product_cat","embeddable":true,"href":"https:\/\/fayshing.com\/pt-pt\/wp-json\/wp\/v2\/product_cat?post=2323"},{"taxonomy":"product_tag","embeddable":true,"href":"https:\/\/fayshing.com\/pt-pt\/wp-json\/wp\/v2\/product_tag?post=2323"}],"curies":[{"name":"wp","href":"https:\/\/api.w.org\/{rel}","templated":true}]}}