{"id":2316,"date":"2022-05-03T17:40:22","date_gmt":"2022-05-03T09:40:22","guid":{"rendered":"https:\/\/fayshing.com\/index.php\/product\/fayshing-medium-3-legs-flat-corner\/"},"modified":"2025-06-26T10:39:09","modified_gmt":"2025-06-26T02:39:09","slug":"fayshing-medium-3-legs-flat-corner","status":"publish","type":"product","link":"https:\/\/fayshing.com\/pt-pt\/product\/fayshing-medium-3-legs-flat-corner\/","title":{"rendered":"Fayshing m\u00e9dio 3 pernas canto plano FS3123"},"content":{"rendered":"<p><strong><b>T\u00e9cnica de revestimento profissional: <\/b><\/strong>17 anos de experi\u00eancia em revestimento tornam os nossos produtos dur\u00e1veis, \u00e0 prova de ferrugem e anti-corrosivos.<\/p>\n<p><strong><b>Prazo de entrega curto\uff1a <\/b><\/strong>temos mais de 200 empregados para fabricar produtos rapidamente<\/p>\n<p><strong><b>OEM: <\/b><\/strong>Personalizado, podemos projetar para si de acordo com os seus desenhos e amostras<\/p>\n<p><strong><b>Embalagem: <\/b><\/strong>Embalado com papel branco macio; Colocado numa caixa pequena ou numa caixa de cart\u00e3o, depois colocado numa caixa principal<\/p>\n<p><strong><b>Nota<\/b><\/strong>\u00a0:<\/p>\n<p>Devido \u00e0s medi\u00e7\u00f5es manuais, \u00e9 poss\u00edvel um desvio de 1 a 3 mm.<\/p>\n<p>Por favor, contacte-nos para verificar cuidadosamente o tamanho do nosso produto e leia as descri\u00e7\u00f5es do tamanho do produto antes de comprar para evitar uma poss\u00edvel experi\u00eancia de compra desagrad\u00e1vel.<\/p>","protected":false},"excerpt":{"rendered":"<ul>\n<li>Canto plano de 3 pernas<\/li>\n<li>FS3123<\/li>\n<li>M\u00e9dio<\/li>\n<li>cromo<\/li>\n<\/ul>","protected":false},"featured_media":2646,"comment_status":"open","ping_status":"closed","template":"","meta":{"_acf_changed":false},"product_brand":[],"product_cat":[127],"product_tag":[],"class_list":{"0":"post-2316","1":"product","2":"type-product","3":"status-publish","4":"has-post-thumbnail","6":"product_cat-flat-corners","7":"pa_material-steel","8":"pa_surface-treatment-black","9":"pa_surface-treatment-chrome","10":"description-off","12":"first","13":"instock","14":"shipping-taxable","15":"product-type-simple"},"acf":[],"_links":{"self":[{"href":"https:\/\/fayshing.com\/pt-pt\/wp-json\/wp\/v2\/product\/2316","targetHints":{"allow":["GET"]}}],"collection":[{"href":"https:\/\/fayshing.com\/pt-pt\/wp-json\/wp\/v2\/product"}],"about":[{"href":"https:\/\/fayshing.com\/pt-pt\/wp-json\/wp\/v2\/types\/product"}],"replies":[{"embeddable":true,"href":"https:\/\/fayshing.com\/pt-pt\/wp-json\/wp\/v2\/comments?post=2316"}],"wp:featuredmedia":[{"embeddable":true,"href":"https:\/\/fayshing.com\/pt-pt\/wp-json\/wp\/v2\/media\/2646"}],"wp:attachment":[{"href":"https:\/\/fayshing.com\/pt-pt\/wp-json\/wp\/v2\/media?parent=2316"}],"wp:term":[{"taxonomy":"product_brand","embeddable":true,"href":"https:\/\/fayshing.com\/pt-pt\/wp-json\/wp\/v2\/product_brand?post=2316"},{"taxonomy":"product_cat","embeddable":true,"href":"https:\/\/fayshing.com\/pt-pt\/wp-json\/wp\/v2\/product_cat?post=2316"},{"taxonomy":"product_tag","embeddable":true,"href":"https:\/\/fayshing.com\/pt-pt\/wp-json\/wp\/v2\/product_tag?post=2316"}],"curies":[{"name":"wp","href":"https:\/\/api.w.org\/{rel}","templated":true}]}}