{"id":2240,"date":"2022-05-03T10:17:43","date_gmt":"2022-05-03T02:17:43","guid":{"rendered":"https:\/\/fayshing.com\/?post_type=product&#038;p=2240"},"modified":"2025-01-14T11:07:50","modified_gmt":"2025-01-14T03:07:50","slug":"fayshing-large-3-legs-flat-corner-with-6-holes","status":"publish","type":"product","link":"https:\/\/fayshing.com\/pt-pt\/product\/fayshing-large-3-legs-flat-corner-with-6-holes\/","title":{"rendered":"Fayshing grande 3 pernas canto plano com 6 furos"},"content":{"rendered":"<p><strong>Fayshing grande 3 pernas canto plano com 6 furos<\/strong><\/p>\n<p><strong>Ampla aplica\u00e7\u00e3o<\/strong>: Amplamente utilizado em v\u00e1rios tipos de caixas de ferramentas, caixas militares, caixas de madeira, etc.<\/p>\n<p>Os cantos planos s\u00e3o feitos de chapa fria, n\u00e3o enferrujam facilmente depois de serem expostos \u00e0 chuva<\/p>\n<p>elevada dureza, n\u00e3o s\u00e3o f\u00e1ceis de deformar e s\u00e3o anti-corros\u00e3o<\/p>\n<p><strong>Nota<\/strong> :<\/p>\n<p>Devido \u00e0s medi\u00e7\u00f5es manuais, \u00e9 poss\u00edvel um desvio de 1 a 2 mm.<\/p>\n<p>Por favor, contacte-nos para verificar cuidadosamente o tamanho do nosso produto e leia as descri\u00e7\u00f5es do tamanho do produto antes de comprar para evitar uma poss\u00edvel experi\u00eancia de compra desagrad\u00e1vel.<\/p>","protected":false},"excerpt":{"rendered":"<p>O canto plano grande de 3 pernas da Fayshing com 6 orif\u00edcios \u00e9 ideal para montagem em caixas maiores, tais como caixas de transporte rodovi\u00e1rio e caixas de transporte de cabos<\/p>","protected":false},"featured_media":2241,"comment_status":"open","ping_status":"closed","template":"","meta":{"_acf_changed":false},"product_brand":[],"product_cat":[127],"product_tag":[],"class_list":{"0":"post-2240","1":"product","2":"type-product","3":"status-publish","4":"has-post-thumbnail","6":"product_cat-flat-corners","7":"description-off","9":"first","10":"instock","11":"shipping-taxable","12":"product-type-simple"},"acf":[],"_links":{"self":[{"href":"https:\/\/fayshing.com\/pt-pt\/wp-json\/wp\/v2\/product\/2240","targetHints":{"allow":["GET"]}}],"collection":[{"href":"https:\/\/fayshing.com\/pt-pt\/wp-json\/wp\/v2\/product"}],"about":[{"href":"https:\/\/fayshing.com\/pt-pt\/wp-json\/wp\/v2\/types\/product"}],"replies":[{"embeddable":true,"href":"https:\/\/fayshing.com\/pt-pt\/wp-json\/wp\/v2\/comments?post=2240"}],"wp:featuredmedia":[{"embeddable":true,"href":"https:\/\/fayshing.com\/pt-pt\/wp-json\/wp\/v2\/media\/2241"}],"wp:attachment":[{"href":"https:\/\/fayshing.com\/pt-pt\/wp-json\/wp\/v2\/media?parent=2240"}],"wp:term":[{"taxonomy":"product_brand","embeddable":true,"href":"https:\/\/fayshing.com\/pt-pt\/wp-json\/wp\/v2\/product_brand?post=2240"},{"taxonomy":"product_cat","embeddable":true,"href":"https:\/\/fayshing.com\/pt-pt\/wp-json\/wp\/v2\/product_cat?post=2240"},{"taxonomy":"product_tag","embeddable":true,"href":"https:\/\/fayshing.com\/pt-pt\/wp-json\/wp\/v2\/product_tag?post=2240"}],"curies":[{"name":"wp","href":"https:\/\/api.w.org\/{rel}","templated":true}]}}