{"id":2198,"date":"2022-04-22T15:32:33","date_gmt":"2022-04-22T07:32:33","guid":{"rendered":"http:\/\/fayshing.com\/index.php\/product\/fayshing-high-quality-110mm-black-plastic-handle-for-luggage-case-fs-2033\/"},"modified":"2025-06-13T15:39:10","modified_gmt":"2025-06-13T07:39:10","slug":"fayshing-high-quality-110mm-black-plastic-handle-for-luggage-case-fs-2033","status":"publish","type":"product","link":"https:\/\/fayshing.com\/pt-pt\/product\/fayshing-high-quality-110mm-black-plastic-handle-for-luggage-case-fs-2033\/","title":{"rendered":"Pega girat\u00f3ria para mala com acess\u00f3rios pretos FS2033"},"content":{"rendered":"<p><strong>Fayshing Pega de pl\u00e1stico preta de 110 mm de alta qualidade para mala de viagem FS-2033<\/strong><\/p>\n<p>Ampla aplica\u00e7\u00e3o: Amplamente utilizado em v\u00e1rios tipos de caixas de metal, caixas de estrada e caixas de alum\u00ednio, etc.<\/p>\n<hr \/>\n<p><strong>Descri\u00e7\u00e3o :<\/strong><\/p>\n<ul>\n<li>As pegas s\u00e3o feitas de pl\u00e1stico e placa fria, com forte resist\u00eancia \u00e0 corros\u00e3o, dur\u00e1veis, \u00e0 prova de \u00e1gua e leves.<\/li>\n<li>Estas pegas s\u00e3o perfeitas para as suas malas de metal, malas de estrada e malas de alum\u00ednio. Divirta-se com o DIY para atualizar as suas malas com um aspeto novo e moderno.<\/li>\n<\/ul>\n<hr \/>\n<p><strong>Observa\u00e7\u00e3o :<\/strong><\/p>\n<ul>\n<li>Devido \u00e0s medi\u00e7\u00f5es manuais, pode haver um desvio de 1 a 3 mm.<\/li>\n<li>Entre em contato conosco, verifique o tamanho do produto com aten\u00e7\u00e3o e leia as descri\u00e7\u00f5es do tamanho do produto antes de comprar para evitar uma poss\u00edvel experi\u00eancia de compra desagrad\u00e1vel.<\/li>\n<\/ul>","protected":false},"excerpt":{"rendered":"<ul>\n<li>Pega girat\u00f3ria para mala com encaixes de pl\u00e1stico preto<\/li>\n<li>FS2033<\/li>\n<li>Acess\u00f3rios de pl\u00e1stico preto<\/li>\n<li>133 \u00d7 63 mm<\/li>\n<li>Preto<\/li>\n<\/ul>","protected":false},"featured_media":6319,"comment_status":"open","ping_status":"closed","template":"","meta":{"_acf_changed":false},"product_brand":[],"product_cat":[108,123],"product_tag":[],"class_list":{"0":"post-2198","1":"product","2":"type-product","3":"status-publish","4":"has-post-thumbnail","6":"product_cat-handles","7":"product_cat-briefcase-handles","8":"description-off","10":"first","11":"instock","12":"shipping-taxable","13":"product-type-simple"},"acf":[],"_links":{"self":[{"href":"https:\/\/fayshing.com\/pt-pt\/wp-json\/wp\/v2\/product\/2198","targetHints":{"allow":["GET"]}}],"collection":[{"href":"https:\/\/fayshing.com\/pt-pt\/wp-json\/wp\/v2\/product"}],"about":[{"href":"https:\/\/fayshing.com\/pt-pt\/wp-json\/wp\/v2\/types\/product"}],"replies":[{"embeddable":true,"href":"https:\/\/fayshing.com\/pt-pt\/wp-json\/wp\/v2\/comments?post=2198"}],"wp:featuredmedia":[{"embeddable":true,"href":"https:\/\/fayshing.com\/pt-pt\/wp-json\/wp\/v2\/media\/6319"}],"wp:attachment":[{"href":"https:\/\/fayshing.com\/pt-pt\/wp-json\/wp\/v2\/media?parent=2198"}],"wp:term":[{"taxonomy":"product_brand","embeddable":true,"href":"https:\/\/fayshing.com\/pt-pt\/wp-json\/wp\/v2\/product_brand?post=2198"},{"taxonomy":"product_cat","embeddable":true,"href":"https:\/\/fayshing.com\/pt-pt\/wp-json\/wp\/v2\/product_cat?post=2198"},{"taxonomy":"product_tag","embeddable":true,"href":"https:\/\/fayshing.com\/pt-pt\/wp-json\/wp\/v2\/product_tag?post=2198"}],"curies":[{"name":"wp","href":"https:\/\/api.w.org\/{rel}","templated":true}]}}