{"id":2190,"date":"2022-04-22T15:32:33","date_gmt":"2022-04-22T07:32:33","guid":{"rendered":"http:\/\/fayshing.com\/index.php\/product\/fayshing-makeup-case-hardware-accessories-sliver-plastic-pull-handles-fs-2026\/"},"modified":"2025-06-13T16:23:14","modified_gmt":"2025-06-13T08:23:14","slug":"fayshing-makeup-case-hardware-accessories-sliver-plastic-pull-handles-fs-2026","status":"publish","type":"product","link":"https:\/\/fayshing.com\/pt-pt\/product\/fayshing-makeup-case-hardware-accessories-sliver-plastic-pull-handles-fs-2026\/","title":{"rendered":"Pega girat\u00f3ria para mala de 153 mm com acess\u00f3rios cromados FS2026"},"content":{"rendered":"<p><strong>Fayshing Estojo de maquilhagem Acess\u00f3rios de ferragens Puxadores de pl\u00e1stico na cor eslava FS-2026<\/strong><\/p>\n<p>Ampla aplica\u00e7\u00e3o: Amplamente utilizado em v\u00e1rios tipos de estojos de maquilhagem, estojos de alum\u00ednio e estojos de madeira, etc.<\/p>\n<hr \/>\n<p><strong>Descri\u00e7\u00e3o :<\/strong><\/p>\n<ul>\n<li>As pegas s\u00e3o feitas de pl\u00e1stico, com forte resist\u00eancia \u00e0 corros\u00e3o, dur\u00e1veis, \u00e0 prova de \u00e1gua e leves.<\/li>\n<li>Estas pegas s\u00e3o perfeitas para as suas caixas de maquilhagem, caixas de alum\u00ednio e caixas de madeira. Divirta-se com a bricolage para dar \u00e0s suas caixas um aspeto novo e moderno.<\/li>\n<\/ul>\n<hr \/>\n<p><strong>Observa\u00e7\u00e3o :<\/strong><\/p>\n<ul>\n<li>Devido \u00e0s medi\u00e7\u00f5es manuais, \u00e9 poss\u00edvel um desvio de 1 a 2 mm.<\/li>\n<li>?Entre em contato conosco, verifique o tamanho do produto com aten\u00e7\u00e3o e leia as descri\u00e7\u00f5es do tamanho do produto antes de comprar para evitar uma poss\u00edvel experi\u00eancia de compra desagrad\u00e1vel.<\/li>\n<\/ul>","protected":false},"excerpt":{"rendered":"<ul>\n<li>Pega girat\u00f3ria para pasta com acess\u00f3rios cromados<\/li>\n<li>FS2026<\/li>\n<li>153 \u00d7 53 mm<\/li>\n<li>Pl\u00e1stico<\/li>\n<li>Preto + cromado<\/li>\n<\/ul>","protected":false},"featured_media":2212,"comment_status":"open","ping_status":"closed","template":"","meta":{"_acf_changed":false},"product_brand":[],"product_cat":[108,123],"product_tag":[],"class_list":{"0":"post-2190","1":"product","2":"type-product","3":"status-publish","4":"has-post-thumbnail","6":"product_cat-handles","7":"product_cat-briefcase-handles","8":"pa_material-plastic","9":"pa_surface-treatment-chrome","10":"description-off","12":"first","13":"instock","14":"shipping-taxable","15":"product-type-simple"},"acf":[],"_links":{"self":[{"href":"https:\/\/fayshing.com\/pt-pt\/wp-json\/wp\/v2\/product\/2190","targetHints":{"allow":["GET"]}}],"collection":[{"href":"https:\/\/fayshing.com\/pt-pt\/wp-json\/wp\/v2\/product"}],"about":[{"href":"https:\/\/fayshing.com\/pt-pt\/wp-json\/wp\/v2\/types\/product"}],"replies":[{"embeddable":true,"href":"https:\/\/fayshing.com\/pt-pt\/wp-json\/wp\/v2\/comments?post=2190"}],"wp:featuredmedia":[{"embeddable":true,"href":"https:\/\/fayshing.com\/pt-pt\/wp-json\/wp\/v2\/media\/2212"}],"wp:attachment":[{"href":"https:\/\/fayshing.com\/pt-pt\/wp-json\/wp\/v2\/media?parent=2190"}],"wp:term":[{"taxonomy":"product_brand","embeddable":true,"href":"https:\/\/fayshing.com\/pt-pt\/wp-json\/wp\/v2\/product_brand?post=2190"},{"taxonomy":"product_cat","embeddable":true,"href":"https:\/\/fayshing.com\/pt-pt\/wp-json\/wp\/v2\/product_cat?post=2190"},{"taxonomy":"product_tag","embeddable":true,"href":"https:\/\/fayshing.com\/pt-pt\/wp-json\/wp\/v2\/product_tag?post=2190"}],"curies":[{"name":"wp","href":"https:\/\/api.w.org\/{rel}","templated":true}]}}