{"id":2182,"date":"2022-04-22T15:32:33","date_gmt":"2022-04-22T07:32:33","guid":{"rendered":"http:\/\/fayshing.com\/index.php\/product\/fayshing-makeup-box-plastic-handle-fs-2021\/"},"modified":"2025-01-15T11:43:26","modified_gmt":"2025-01-15T03:43:26","slug":"fayshing-makeup-box-plastic-handle-fs-2021","status":"publish","type":"product","link":"https:\/\/fayshing.com\/pt-pt\/product\/fayshing-makeup-box-plastic-handle-fs-2021\/","title":{"rendered":"Al\u00e7a de pl\u00e1stico para caixa de maquiagem Fayshing FS-2021"},"content":{"rendered":"<p><strong>Al\u00e7a de pl\u00e1stico para caixa de maquiagem Fayshing FS-2021<\/strong><\/p>\n<p>Pega de pl\u00e1stico, ideal para caber em estojos pequenos, como estojos de maquilhagem, estojos de alum\u00ednio e estojos de madeira.<\/p>\n<hr \/>\n<p><strong>Descri\u00e7\u00e3o :<\/strong><\/p>\n<ul>\n<li>As pegas s\u00e3o feitas de pl\u00e1stico, com forte resist\u00eancia \u00e0 corros\u00e3o, dur\u00e1veis, \u00e0 prova de \u00e1gua e leves.<\/li>\n<li>Estas pegas s\u00e3o perfeitas para as suas caixas de maquilhagem, caixas de alum\u00ednio e caixas de madeira. Divirta-se com a bricolage para dar \u00e0s suas caixas um aspeto novo e moderno.<\/li>\n<\/ul>\n<hr \/>\n<p><strong>Observa\u00e7\u00e3o :<\/strong><\/p>\n<ul>\n<li>Devido \u00e0s medi\u00e7\u00f5es manuais, \u00e9 poss\u00edvel um desvio de 1 a 2 mm.<\/li>\n<li>Entre em contato conosco, verifique o tamanho do produto com aten\u00e7\u00e3o e leia as descri\u00e7\u00f5es do tamanho do produto antes de comprar para evitar uma poss\u00edvel experi\u00eancia de compra desagrad\u00e1vel.<\/li>\n<\/ul>","protected":false},"excerpt":{"rendered":"<ul>\n<li>Material: Pl\u00e1stico;<\/li>\n<li>Acabamento: Cromado<\/li>\n<li>Tamanho:130\u00d776mm<\/li>\n<\/ul>","protected":false},"featured_media":3065,"comment_status":"open","ping_status":"closed","template":"","meta":{"_acf_changed":false},"product_brand":[],"product_cat":[108,123],"product_tag":[],"class_list":{"0":"post-2182","1":"product","2":"type-product","3":"status-publish","4":"has-post-thumbnail","6":"product_cat-handles","7":"product_cat-briefcase-handles","8":"description-off","10":"first","11":"instock","12":"shipping-taxable","13":"product-type-simple"},"acf":[],"_links":{"self":[{"href":"https:\/\/fayshing.com\/pt-pt\/wp-json\/wp\/v2\/product\/2182","targetHints":{"allow":["GET"]}}],"collection":[{"href":"https:\/\/fayshing.com\/pt-pt\/wp-json\/wp\/v2\/product"}],"about":[{"href":"https:\/\/fayshing.com\/pt-pt\/wp-json\/wp\/v2\/types\/product"}],"replies":[{"embeddable":true,"href":"https:\/\/fayshing.com\/pt-pt\/wp-json\/wp\/v2\/comments?post=2182"}],"wp:featuredmedia":[{"embeddable":true,"href":"https:\/\/fayshing.com\/pt-pt\/wp-json\/wp\/v2\/media\/3065"}],"wp:attachment":[{"href":"https:\/\/fayshing.com\/pt-pt\/wp-json\/wp\/v2\/media?parent=2182"}],"wp:term":[{"taxonomy":"product_brand","embeddable":true,"href":"https:\/\/fayshing.com\/pt-pt\/wp-json\/wp\/v2\/product_brand?post=2182"},{"taxonomy":"product_cat","embeddable":true,"href":"https:\/\/fayshing.com\/pt-pt\/wp-json\/wp\/v2\/product_cat?post=2182"},{"taxonomy":"product_tag","embeddable":true,"href":"https:\/\/fayshing.com\/pt-pt\/wp-json\/wp\/v2\/product_tag?post=2182"}],"curies":[{"name":"wp","href":"https:\/\/api.w.org\/{rel}","templated":true}]}}