{"id":2082,"date":"2022-04-19T16:35:34","date_gmt":"2022-04-19T08:35:34","guid":{"rendered":"http:\/\/fayshing.com\/index.php\/product\/fayshing-durable-handle-parts-metal-spring-flight-case-handle-fs-2062\/"},"modified":"2025-06-06T15:37:16","modified_gmt":"2025-06-06T07:37:16","slug":"fayshing-durable-handle-parts-metal-spring-flight-case-handle-fs-2062","status":"publish","type":"product","link":"https:\/\/fayshing.com\/pt-pt\/product\/fayshing-durable-handle-parts-metal-spring-flight-case-handle-fs-2062\/","title":{"rendered":"Fayshing Durable Handle Parts Pega de metal para mala de voo sem mola e punho FS-2062"},"content":{"rendered":"<p><strong>Pega dur\u00e1vel com mola de metal para mala de transporte<\/strong><\/p>\n<p>Ampla aplica\u00e7\u00e3o: Amplamente utilizado em v\u00e1rios tipos de caixas de embalagem, anel de pega de caixa de alum\u00ednio, pega lateral mec\u00e2nica, pega de caixa de ferramentas, pega de caixa militar, v\u00e1rias caixas de voo, etc.<\/p>\n<hr \/>\n<p><strong>Descri\u00e7\u00e3o :<\/strong><\/p>\n<ul>\n<li>As pegas de eleva\u00e7\u00e3o da caixa s\u00e3o feitas de a\u00e7o inoxid\u00e1vel polido, n\u00e3o enferrujam facilmente ap\u00f3s a exposi\u00e7\u00e3o \u00e0 chuva, s\u00e3o de elevada dureza, n\u00e3o s\u00e3o f\u00e1ceis de deformar e s\u00e3o anti-corros\u00e3o.<\/li>\n<li>A manga de borracha preta \u00e9 isolada e pode proteger a m\u00e3o de les\u00f5es. As alavancas e bases espessas tornam-no mais resistente e duradouro.<\/li>\n<\/ul>\n<hr \/>\n<p><strong>Observa\u00e7\u00e3o :<\/strong><\/p>\n<ul>\n<li>A pega almofadada macia e espessa \u00e9 boa, e a pega almofadada macia e suave \u00e9 \u00f3ptima.<\/li>\n<li>Entre em contato conosco, verifique o tamanho do produto com aten\u00e7\u00e3o e leia as descri\u00e7\u00f5es do tamanho do produto antes de comprar para evitar uma poss\u00edvel experi\u00eancia de compra desagrad\u00e1vel.<\/li>\n<\/ul>\n<p><iframe title=\"Pegas para malas de transporte Vitrine | Resistentes e personaliz\u00e1veis\" width=\"1200\" height=\"675\" src=\"https:\/\/www.youtube.com\/embed\/HTukBWi6wi0?feature=oembed&#038;enablejsapi=1&#038;origin=https:\/\/fayshing.com\" frameborder=\"0\" allow=\"accelerometer; autoplay; clipboard-write; encrypted-media; gyroscope; picture-in-picture; web-share\" referrerpolicy=\"strict-origin-when-cross-origin\" allowfullscreen><\/iframe><\/p>","protected":false},"excerpt":{"rendered":"<ul>\n<li>Pega da mala de transporte sem mola e punho<\/li>\n<li>FS2062<\/li>\n<li>133 \u00d7 81mm<\/li>\n<li>4 orif\u00edcios de montagem<\/li>\n<li>Cromado \/ Preto \/ Azul Zinco<\/li>\n<\/ul>","protected":false},"featured_media":2106,"comment_status":"open","ping_status":"closed","template":"","meta":{"_acf_changed":false},"product_brand":[],"product_cat":[108,120],"product_tag":[],"class_list":{"0":"post-2082","1":"product","2":"type-product","3":"status-publish","4":"has-post-thumbnail","6":"product_cat-handles","7":"product_cat-recessed-handles","8":"pa_material-steel","9":"pa_surface-treatment-black","10":"pa_surface-treatment-blue-zinc","11":"pa_surface-treatment-chrome","12":"description-off","14":"first","15":"instock","16":"shipping-taxable","17":"product-type-simple"},"acf":[],"_links":{"self":[{"href":"https:\/\/fayshing.com\/pt-pt\/wp-json\/wp\/v2\/product\/2082","targetHints":{"allow":["GET"]}}],"collection":[{"href":"https:\/\/fayshing.com\/pt-pt\/wp-json\/wp\/v2\/product"}],"about":[{"href":"https:\/\/fayshing.com\/pt-pt\/wp-json\/wp\/v2\/types\/product"}],"replies":[{"embeddable":true,"href":"https:\/\/fayshing.com\/pt-pt\/wp-json\/wp\/v2\/comments?post=2082"}],"wp:featuredmedia":[{"embeddable":true,"href":"https:\/\/fayshing.com\/pt-pt\/wp-json\/wp\/v2\/media\/2106"}],"wp:attachment":[{"href":"https:\/\/fayshing.com\/pt-pt\/wp-json\/wp\/v2\/media?parent=2082"}],"wp:term":[{"taxonomy":"product_brand","embeddable":true,"href":"https:\/\/fayshing.com\/pt-pt\/wp-json\/wp\/v2\/product_brand?post=2082"},{"taxonomy":"product_cat","embeddable":true,"href":"https:\/\/fayshing.com\/pt-pt\/wp-json\/wp\/v2\/product_cat?post=2082"},{"taxonomy":"product_tag","embeddable":true,"href":"https:\/\/fayshing.com\/pt-pt\/wp-json\/wp\/v2\/product_tag?post=2082"}],"curies":[{"name":"wp","href":"https:\/\/api.w.org\/{rel}","templated":true}]}}