{"id":2078,"date":"2022-04-19T16:35:34","date_gmt":"2022-04-19T08:35:34","guid":{"rendered":"http:\/\/fayshing.com\/index.php\/product\/fayshing-spring-less-loaded-case-handle-cabinet-pulls-with-rubber-grip-for-flight-road-case-tool-box-truck-box-fs-2063\/"},"modified":"2025-08-08T13:54:34","modified_gmt":"2025-08-08T05:54:34","slug":"fayshing-spring-less-loaded-case-handle-cabinet-pulls-with-rubber-grip-for-flight-road-case-tool-box-truck-box-fs-2063","status":"publish","type":"product","link":"https:\/\/fayshing.com\/pt-pt\/product\/fayshing-spring-less-loaded-case-handle-cabinet-pulls-with-rubber-grip-for-flight-road-case-tool-box-truck-box-fs-2063\/","title":{"rendered":"Fayshing puxador de gabinete com al\u00e7a de mola, sem mola, com punho de borracha para caixa de ferramentas de v\u00f4o, caixa de caminh\u00e3o FS-2063"},"content":{"rendered":"<p><strong>Puxadores de arm\u00e1rio com al\u00e7a de mola sem carga com pega de borracha para caixa de ferramentas de estrada de voo caixa de cami\u00e3o<\/strong><\/p>\n<p>Ampla aplica\u00e7\u00e3o: Amplamente utilizado em v\u00e1rios tipos de caixas de embalagem, anel de pega de caixa de alum\u00ednio, pega lateral mec\u00e2nica, pega de caixa de ferramentas, pega de caixa militar, v\u00e1rias caixas de voo, etc.<\/p>\n<hr \/>\n<p><strong>Descri\u00e7\u00e3o :<\/strong><\/p>\n<ul>\n<li>As pegas de eleva\u00e7\u00e3o da caixa s\u00e3o feitas de a\u00e7o inoxid\u00e1vel polido, n\u00e3o enferrujam facilmente ap\u00f3s a exposi\u00e7\u00e3o \u00e0 chuva, s\u00e3o de elevada dureza, n\u00e3o s\u00e3o f\u00e1ceis de deformar e s\u00e3o anti-corros\u00e3o.<\/li>\n<li>A manga de borracha preta \u00e9 isolada e pode proteger a m\u00e3o de les\u00f5es. As alavancas e bases espessas tornam-no mais resistente e duradouro.<\/li>\n<\/ul>\n<hr \/>\n<p><strong>Observa\u00e7\u00e3o :<\/strong><\/p>\n<ul>\n<li>A pega almofadada macia e espessa \u00e9 boa, e a pega almofadada macia e suave \u00e9 \u00f3ptima.<\/li>\n<li>Entre em contato conosco, verifique o tamanho do produto com aten\u00e7\u00e3o e leia as descri\u00e7\u00f5es do tamanho do produto antes de comprar para evitar uma poss\u00edvel experi\u00eancia de compra desagrad\u00e1vel.<\/li>\n<\/ul>\n<p><iframe title=\"Pegas para malas de transporte Vitrine | Resistentes e personaliz\u00e1veis\" width=\"1200\" height=\"675\" src=\"https:\/\/www.youtube.com\/embed\/HTukBWi6wi0?feature=oembed&#038;enablejsapi=1&#038;origin=https:\/\/fayshing.com\" frameborder=\"0\" allow=\"accelerometer; autoplay; clipboard-write; encrypted-media; gyroscope; picture-in-picture; web-share\" referrerpolicy=\"strict-origin-when-cross-origin\" allowfullscreen><\/iframe><\/p>","protected":false},"excerpt":{"rendered":"<p>Pega de ferro sem caixa, ideal para carregar em caixas grandes, como a Flight Case e a Dj Equipment Case<\/p>","protected":false},"featured_media":2104,"comment_status":"open","ping_status":"closed","template":"","meta":{"_acf_changed":false},"product_brand":[],"product_cat":[108,120],"product_tag":[],"class_list":{"0":"post-2078","1":"product","2":"type-product","3":"status-publish","4":"has-post-thumbnail","6":"product_cat-handles","7":"product_cat-recessed-handles","8":"description-off","10":"first","11":"instock","12":"shipping-taxable","13":"product-type-simple"},"acf":[],"_links":{"self":[{"href":"https:\/\/fayshing.com\/pt-pt\/wp-json\/wp\/v2\/product\/2078","targetHints":{"allow":["GET"]}}],"collection":[{"href":"https:\/\/fayshing.com\/pt-pt\/wp-json\/wp\/v2\/product"}],"about":[{"href":"https:\/\/fayshing.com\/pt-pt\/wp-json\/wp\/v2\/types\/product"}],"replies":[{"embeddable":true,"href":"https:\/\/fayshing.com\/pt-pt\/wp-json\/wp\/v2\/comments?post=2078"}],"wp:featuredmedia":[{"embeddable":true,"href":"https:\/\/fayshing.com\/pt-pt\/wp-json\/wp\/v2\/media\/2104"}],"wp:attachment":[{"href":"https:\/\/fayshing.com\/pt-pt\/wp-json\/wp\/v2\/media?parent=2078"}],"wp:term":[{"taxonomy":"product_brand","embeddable":true,"href":"https:\/\/fayshing.com\/pt-pt\/wp-json\/wp\/v2\/product_brand?post=2078"},{"taxonomy":"product_cat","embeddable":true,"href":"https:\/\/fayshing.com\/pt-pt\/wp-json\/wp\/v2\/product_cat?post=2078"},{"taxonomy":"product_tag","embeddable":true,"href":"https:\/\/fayshing.com\/pt-pt\/wp-json\/wp\/v2\/product_tag?post=2078"}],"curies":[{"name":"wp","href":"https:\/\/api.w.org\/{rel}","templated":true}]}}