{"id":2077,"date":"2022-04-19T16:35:34","date_gmt":"2022-04-19T08:35:34","guid":{"rendered":"http:\/\/fayshing.com\/index.php\/product\/fayshing-flight-case-handle-with-4-holes-fs-2057\/"},"modified":"2025-08-07T17:44:09","modified_gmt":"2025-08-07T09:44:09","slug":"fayshing-flight-case-handle-with-4-holes-fs-2058","status":"publish","type":"product","link":"https:\/\/fayshing.com\/pt-pt\/product\/fayshing-flight-case-handle-with-4-holes-fs-2058\/","title":{"rendered":"4 orif\u00edcios de montagem Pega pequena para o peito FS-2057"},"content":{"rendered":"<p data-start=\"145\" data-end=\"443\">O <strong data-start=\"149\" data-end=\"179\">FS-2057 Pega pequena para o peito<\/strong> \u00e9 uma solu\u00e7\u00e3o compacta e pr\u00e1tica para pequenas malas, caixas, gavetas ou ba\u00fas de ferramentas que requerem uma pega robusta e f\u00e1cil de agarrar. Concebida com <strong data-start=\"322\" data-end=\"342\">4 orif\u00edcios de montagem<\/strong> para uma maior estabilidade, esta pega garante uma fixa\u00e7\u00e3o segura em superf\u00edcies de madeira, metal ou comp\u00f3sito.<\/p>\n<p data-start=\"445\" data-end=\"668\">Medi\u00e7\u00e3o <strong data-start=\"455\" data-end=\"469\">110 \u00d7 91mm<\/strong>Esta pega \u00e9 pequena em tamanho mas forte em desempenho. Acabamento em <strong data-start=\"539\" data-end=\"549\">cromo<\/strong>A sua durabilidade e o seu aspeto polido tornam-na ideal para aplica\u00e7\u00f5es funcionais e decorativas.<\/p>\n<p data-start=\"670\" data-end=\"687\"><strong data-start=\"670\" data-end=\"687\">Carater\u00edsticas principais:<\/strong><\/p>\n<ul data-start=\"688\" data-end=\"1026\">\n<li data-start=\"688\" data-end=\"713\">\n<p data-start=\"690\" data-end=\"713\">C\u00f3digo do produto: FS-2057<\/p>\n<\/li>\n<li data-start=\"714\" data-end=\"764\">\n<p data-start=\"716\" data-end=\"764\">Tipo: Pega pequena para peito com 4 orif\u00edcios de fixa\u00e7\u00e3o<\/p>\n<\/li>\n<li data-start=\"765\" data-end=\"785\">\n<p data-start=\"767\" data-end=\"785\">Tamanho: 110 \u00d7 91 mm<\/p>\n<\/li>\n<li data-start=\"786\" data-end=\"821\">\n<p data-start=\"788\" data-end=\"821\">Material: A\u00e7o (acabamento cromado)<\/p>\n<\/li>\n<li data-start=\"822\" data-end=\"884\">\n<p data-start=\"824\" data-end=\"884\">Acabamento: Cromado - resistente \u00e0 corros\u00e3o e com aspeto profissional<\/p>\n<\/li>\n<li data-start=\"885\" data-end=\"941\">\n<p data-start=\"887\" data-end=\"941\">Fixa\u00e7\u00e3o: 4 orif\u00edcios para uma instala\u00e7\u00e3o est\u00e1vel e segura<\/p>\n<\/li>\n<li data-start=\"942\" data-end=\"1026\">\n<p data-start=\"944\" data-end=\"1026\">Aplica\u00e7\u00e3o: Adequado para pequenas arcas, caixas de ferramentas, estojos de instrumentos, gavetas, etc.<\/p>\n<\/li>\n<\/ul>\n<p data-start=\"1028\" data-end=\"1166\">Se est\u00e1 \u00e0 procura de um <strong data-start=\"1052\" data-end=\"1100\">pega compacta, duradoura e f\u00e1cil de instalar<\/strong>O FS-2057 \u00e9 ideal para projectos de bricolage e industriais.<\/p>\n<hr data-start=\"1168\" data-end=\"1171\" \/>\n<p data-start=\"1173\" data-end=\"1238\">\ud83d\udcd0 <em data-start=\"1176\" data-end=\"1236\">Desenhos 3D ou op\u00e7\u00f5es de acabamento personalizadas dispon\u00edveis mediante pedido.<\/em><\/p>\n<p><iframe title=\"Pegas para malas de transporte Vitrine | Resistentes e personaliz\u00e1veis\" width=\"1200\" height=\"675\" src=\"https:\/\/www.youtube.com\/embed\/HTukBWi6wi0?feature=oembed&#038;enablejsapi=1&#038;origin=https:\/\/fayshing.com\" frameborder=\"0\" allow=\"accelerometer; autoplay; clipboard-write; encrypted-media; gyroscope; picture-in-picture; web-share\" referrerpolicy=\"strict-origin-when-cross-origin\" allowfullscreen><\/iframe><\/p>","protected":false},"excerpt":{"rendered":"<ul>\n<li>4 orif\u00edcios de montagem Pega pequena para o peito<\/li>\n<li>FS-2057<\/li>\n<li>110 \u00d7 91mm<\/li>\n<li>cromada<\/li>\n<li>Pequeno<\/li>\n<\/ul>","protected":false},"featured_media":6247,"comment_status":"open","ping_status":"closed","template":"","meta":{"_acf_changed":false},"product_brand":[],"product_cat":[108,122,121],"product_tag":[],"class_list":{"0":"post-2077","1":"product","2":"type-product","3":"status-publish","4":"has-post-thumbnail","6":"product_cat-handles","7":"product_cat-chest-handles","8":"product_cat-surface-handles","9":"pa_material-steel","10":"pa_surface-treatment-chrome","11":"description-off","13":"first","14":"instock","15":"shipping-taxable","16":"product-type-simple"},"acf":[],"_links":{"self":[{"href":"https:\/\/fayshing.com\/pt-pt\/wp-json\/wp\/v2\/product\/2077","targetHints":{"allow":["GET"]}}],"collection":[{"href":"https:\/\/fayshing.com\/pt-pt\/wp-json\/wp\/v2\/product"}],"about":[{"href":"https:\/\/fayshing.com\/pt-pt\/wp-json\/wp\/v2\/types\/product"}],"replies":[{"embeddable":true,"href":"https:\/\/fayshing.com\/pt-pt\/wp-json\/wp\/v2\/comments?post=2077"}],"wp:featuredmedia":[{"embeddable":true,"href":"https:\/\/fayshing.com\/pt-pt\/wp-json\/wp\/v2\/media\/6247"}],"wp:attachment":[{"href":"https:\/\/fayshing.com\/pt-pt\/wp-json\/wp\/v2\/media?parent=2077"}],"wp:term":[{"taxonomy":"product_brand","embeddable":true,"href":"https:\/\/fayshing.com\/pt-pt\/wp-json\/wp\/v2\/product_brand?post=2077"},{"taxonomy":"product_cat","embeddable":true,"href":"https:\/\/fayshing.com\/pt-pt\/wp-json\/wp\/v2\/product_cat?post=2077"},{"taxonomy":"product_tag","embeddable":true,"href":"https:\/\/fayshing.com\/pt-pt\/wp-json\/wp\/v2\/product_tag?post=2077"}],"curies":[{"name":"wp","href":"https:\/\/api.w.org\/{rel}","templated":true}]}}