{"id":2076,"date":"2022-04-19T16:35:34","date_gmt":"2022-04-19T08:35:34","guid":{"rendered":"http:\/\/fayshing.com\/index.php\/product\/fayshing-flight-case-handle-with-3-holes-fs-2056\/"},"modified":"2025-08-08T15:15:27","modified_gmt":"2025-08-08T07:15:27","slug":"fayshing-flight-case-handle-with-3-holes-fs-2057","status":"publish","type":"product","link":"https:\/\/fayshing.com\/pt-pt\/product\/fayshing-flight-case-handle-with-3-holes-fs-2057\/","title":{"rendered":"3 orif\u00edcios de montagem Pega pequena para o peito FS-2056"},"content":{"rendered":"<p data-start=\"147\" data-end=\"426\">O <strong data-start=\"151\" data-end=\"181\">FS-2056 Pega pequena para o peito<\/strong> \u00e9 uma pe\u00e7a de hardware compacta e duradoura concebida para malas, caixas e pequenas unidades de armazenamento. Com <strong data-start=\"279\" data-end=\"299\">3 orif\u00edcios de montagem<\/strong> para uma instala\u00e7\u00e3o segura, oferece um desempenho est\u00e1vel e um aspeto elegante, tanto para aplica\u00e7\u00f5es funcionais como decorativas.<\/p>\n<p data-start=\"428\" data-end=\"663\">Medi\u00e7\u00e3o <strong data-start=\"438\" data-end=\"451\">77 \u00d7 72 mm<\/strong> e acabamento em polido <strong data-start=\"477\" data-end=\"487\">cromo<\/strong>Esta pega combina for\u00e7a, resist\u00eancia \u00e0 corros\u00e3o e um aspeto atraente, tornando-a adequada para caixas de ferramentas, caixas de instrumentos, ba\u00fas de madeira e projectos de armazenamento personalizados.<\/p>\n<p data-start=\"665\" data-end=\"684\"><strong data-start=\"665\" data-end=\"682\">Carater\u00edsticas principais:<\/strong><\/p>\n<ul data-start=\"685\" data-end=\"1015\">\n<li data-start=\"685\" data-end=\"710\">\n<p data-start=\"687\" data-end=\"710\">C\u00f3digo do produto: FS-2056<\/p>\n<\/li>\n<li data-start=\"711\" data-end=\"761\">\n<p data-start=\"713\" data-end=\"761\">Tipo: Pega pequena para peito com 3 orif\u00edcios de fixa\u00e7\u00e3o<\/p>\n<\/li>\n<li data-start=\"762\" data-end=\"781\">\n<p data-start=\"764\" data-end=\"781\">Tamanho: 77 \u00d7 72 mm<\/p>\n<\/li>\n<li data-start=\"782\" data-end=\"817\">\n<p data-start=\"784\" data-end=\"817\">Material: A\u00e7o (acabamento cromado)<\/p>\n<\/li>\n<li data-start=\"818\" data-end=\"870\">\n<p data-start=\"820\" data-end=\"870\">Acabamento: Cromado - dur\u00e1vel e resistente \u00e0 corros\u00e3o<\/p>\n<\/li>\n<li data-start=\"871\" data-end=\"926\">\n<p data-start=\"873\" data-end=\"926\">Fixa\u00e7\u00e3o: 3 orif\u00edcios para uma instala\u00e7\u00e3o r\u00e1pida e segura<\/p>\n<\/li>\n<li data-start=\"927\" data-end=\"1015\">\n<p data-start=\"929\" data-end=\"1015\">Aplica\u00e7\u00f5es: Ba\u00fas pequenos, caixas de ferramentas, estojos para instrumentos, caixas de arruma\u00e7\u00e3o, projectos de bricolage<\/p>\n<\/li>\n<\/ul>\n<p data-start=\"1017\" data-end=\"1165\">Um puxador pr\u00e1tico, compacto e f\u00e1cil de instalar, o FS-2056 proporciona uma funcionalidade fi\u00e1vel e um acabamento profissional para qualquer mala ou caixa pequena.<\/p>\n<hr \/>\n<p><strong>Observa\u00e7\u00e3o :<\/strong><\/p>\n<ul>\n<li>A pega almofadada macia e espessa \u00e9 boa, e a pega almofadada macia e suave \u00e9 \u00f3ptima.<\/li>\n<li>Entre em contato conosco, verifique o tamanho do produto com aten\u00e7\u00e3o e leia as descri\u00e7\u00f5es do tamanho do produto antes de comprar para evitar uma poss\u00edvel experi\u00eancia de compra desagrad\u00e1vel.<\/li>\n<\/ul>\n<p><iframe title=\"Pegas para malas de transporte Vitrine | Resistentes e personaliz\u00e1veis\" width=\"1200\" height=\"675\" src=\"https:\/\/www.youtube.com\/embed\/HTukBWi6wi0?feature=oembed&#038;enablejsapi=1&#038;origin=https:\/\/fayshing.com\" frameborder=\"0\" allow=\"accelerometer; autoplay; clipboard-write; encrypted-media; gyroscope; picture-in-picture; web-share\" referrerpolicy=\"strict-origin-when-cross-origin\" allowfullscreen><\/iframe><\/p>","protected":false},"excerpt":{"rendered":"<ul>\n<li>3 orif\u00edcios de montagem Pega pequena para o peito<\/li>\n<li>FS-2056<\/li>\n<li>77 \u00d7 72 mm<\/li>\n<li>cromada<\/li>\n<\/ul>","protected":false},"featured_media":6244,"comment_status":"open","ping_status":"closed","template":"","meta":{"_acf_changed":false},"product_brand":[],"product_cat":[108,122,121],"product_tag":[],"class_list":{"0":"post-2076","1":"product","2":"type-product","3":"status-publish","4":"has-post-thumbnail","6":"product_cat-handles","7":"product_cat-chest-handles","8":"product_cat-surface-handles","9":"pa_material-steel","10":"pa_surface-treatment-chrome","11":"description-off","13":"first","14":"instock","15":"shipping-taxable","16":"product-type-simple"},"acf":[],"_links":{"self":[{"href":"https:\/\/fayshing.com\/pt-pt\/wp-json\/wp\/v2\/product\/2076","targetHints":{"allow":["GET"]}}],"collection":[{"href":"https:\/\/fayshing.com\/pt-pt\/wp-json\/wp\/v2\/product"}],"about":[{"href":"https:\/\/fayshing.com\/pt-pt\/wp-json\/wp\/v2\/types\/product"}],"replies":[{"embeddable":true,"href":"https:\/\/fayshing.com\/pt-pt\/wp-json\/wp\/v2\/comments?post=2076"}],"wp:featuredmedia":[{"embeddable":true,"href":"https:\/\/fayshing.com\/pt-pt\/wp-json\/wp\/v2\/media\/6244"}],"wp:attachment":[{"href":"https:\/\/fayshing.com\/pt-pt\/wp-json\/wp\/v2\/media?parent=2076"}],"wp:term":[{"taxonomy":"product_brand","embeddable":true,"href":"https:\/\/fayshing.com\/pt-pt\/wp-json\/wp\/v2\/product_brand?post=2076"},{"taxonomy":"product_cat","embeddable":true,"href":"https:\/\/fayshing.com\/pt-pt\/wp-json\/wp\/v2\/product_cat?post=2076"},{"taxonomy":"product_tag","embeddable":true,"href":"https:\/\/fayshing.com\/pt-pt\/wp-json\/wp\/v2\/product_tag?post=2076"}],"curies":[{"name":"wp","href":"https:\/\/api.w.org\/{rel}","templated":true}]}}