{"id":2045,"date":"2022-04-19T15:51:12","date_gmt":"2022-04-19T07:51:12","guid":{"rendered":"http:\/\/fayshing.com\/index.php\/product\/fayshing-rectangular-hinge-fs-5101\/"},"modified":"2025-04-07T17:20:10","modified_gmt":"2025-04-07T09:20:10","slug":"fayshing-rectangular-hinge-fs-5101","status":"publish","type":"product","link":"https:\/\/fayshing.com\/pt-pt\/product\/fayshing-rectangular-hinge-fs-5101\/","title":{"rendered":"Fayshing 8 buracos Tampa com dobradi\u00e7a - Aumentar a altura FS-5103"},"content":{"rendered":"<p><strong>Suporte da tampa com dobradi\u00e7a Hardware de mala de viagem pequena para caixa de ferramentas Roadcase Fightcase Hardcase FS-5103<\/strong><\/p>\n<p>Ampla aplica\u00e7\u00e3o: Amplamente utilizado em v\u00e1rios tipos de malas de voo, caixas de madeira, caixas m\u00e1gicas, caixas de ferramentas, malas de bagagem, etc.<\/p>\n<hr \/>\n<p><strong>Descri\u00e7\u00e3o :<\/strong><\/p>\n<ul>\n<li>As dobradi\u00e7as s\u00e3o feitas de metal de alta qualidade, cobertas com camadas prateadas, resistentes e dur\u00e1veis.<\/li>\n<li>N\u00e3o \u00e9 f\u00e1cil enferrujar ap\u00f3s ser exposto \u00e0 chuva, alta dureza, n\u00e3o \u00e9 f\u00e1cil de deformar e anticorros\u00e3o.<\/li>\n<\/ul>\n<hr \/>\n<p><strong>Observa\u00e7\u00e3o :<\/strong><\/p>\n<ul>\n<li>Devido \u00e0 medi\u00e7\u00e3o manual, permita um desvio de 1 \u2013 2 mm. Diferentes luzes de disparo e diferentes monitores podem fazer com que a cor do produto na imagem seja ligeiramente diferente do produto real.<\/li>\n<li>Entre em contato conosco, verifique o tamanho do produto com aten\u00e7\u00e3o e leia as descri\u00e7\u00f5es do tamanho do produto antes de comprar para evitar uma poss\u00edvel experi\u00eancia de compra desagrad\u00e1vel.<\/li>\n<\/ul>","protected":false},"excerpt":{"rendered":"<ul>\n<li>Suporte da tampa com 8 furos e dobradi\u00e7a - Aumentar a altura<\/li>\n<li>Tamanho: 88 \u00d7 49 mm<\/li>\n<li>Tamanho do furo \u03a63,3mm<\/li>\n<li>Material : A\u00e7o<\/li>\n<li>Acabamento: Cromado \/ Dourado \/ Preto \/ Outro<\/li>\n<\/ul>","protected":false},"featured_media":2052,"comment_status":"open","ping_status":"closed","template":"","meta":{"_acf_changed":false},"product_brand":[],"product_cat":[114,132],"product_tag":[],"class_list":{"0":"post-2045","1":"product","2":"type-product","3":"status-publish","4":"has-post-thumbnail","6":"product_cat-hinges-lid-stays","7":"product_cat-hinges-with-stays","8":"description-off","10":"first","11":"instock","12":"shipping-taxable","13":"product-type-simple"},"acf":[],"_links":{"self":[{"href":"https:\/\/fayshing.com\/pt-pt\/wp-json\/wp\/v2\/product\/2045","targetHints":{"allow":["GET"]}}],"collection":[{"href":"https:\/\/fayshing.com\/pt-pt\/wp-json\/wp\/v2\/product"}],"about":[{"href":"https:\/\/fayshing.com\/pt-pt\/wp-json\/wp\/v2\/types\/product"}],"replies":[{"embeddable":true,"href":"https:\/\/fayshing.com\/pt-pt\/wp-json\/wp\/v2\/comments?post=2045"}],"wp:featuredmedia":[{"embeddable":true,"href":"https:\/\/fayshing.com\/pt-pt\/wp-json\/wp\/v2\/media\/2052"}],"wp:attachment":[{"href":"https:\/\/fayshing.com\/pt-pt\/wp-json\/wp\/v2\/media?parent=2045"}],"wp:term":[{"taxonomy":"product_brand","embeddable":true,"href":"https:\/\/fayshing.com\/pt-pt\/wp-json\/wp\/v2\/product_brand?post=2045"},{"taxonomy":"product_cat","embeddable":true,"href":"https:\/\/fayshing.com\/pt-pt\/wp-json\/wp\/v2\/product_cat?post=2045"},{"taxonomy":"product_tag","embeddable":true,"href":"https:\/\/fayshing.com\/pt-pt\/wp-json\/wp\/v2\/product_tag?post=2045"}],"curies":[{"name":"wp","href":"https:\/\/api.w.org\/{rel}","templated":true}]}}