{"id":2037,"date":"2022-04-19T15:51:12","date_gmt":"2022-04-19T07:51:12","guid":{"rendered":"http:\/\/fayshing.com\/index.php\/product\/fayshing-lid-stay-hinge-for-aluminum-box-flight-case-fs-5044\/"},"modified":"2025-08-08T16:18:16","modified_gmt":"2025-08-08T08:18:16","slug":"fayshing-lid-stay-hinge-for-aluminum-box-flight-case-fs-5044","status":"publish","type":"product","link":"https:\/\/fayshing.com\/pt-pt\/product\/fayshing-lid-stay-hinge-for-aluminum-box-flight-case-fs-5044\/","title":{"rendered":"Dobradi\u00e7a de suporte de tampa Fayshing para caixa de alum\u00ednio FS-5044"},"content":{"rendered":"<p data-start=\"183\" data-end=\"474\">O <strong data-start=\"187\" data-end=\"213\">FS-5044 Dobradi\u00e7a de fixa\u00e7\u00e3o da tampa<\/strong> \u00e9 um acess\u00f3rio de hardware compacto e duradouro concebido para suportar e fixar tampas em caixas de alum\u00ednio, caixas de voo, caixas de instrumentos e ba\u00fas de armazenamento. Com um <strong data-start=\"375\" data-end=\"392\">Design com 5 furos<\/strong> com dobradi\u00e7a integrada, permite um funcionamento suave da tampa e um posicionamento est\u00e1vel.<\/p>\n<p data-start=\"476\" data-end=\"751\">Medi\u00e7\u00e3o <strong data-start=\"486\" data-end=\"499\">52 \u00d7 28 mm<\/strong> com <strong data-start=\"505\" data-end=\"530\">Furos de montagem de \u03a63,3 mm<\/strong>O FS-5044 \u00e9 fabricado a partir de <strong data-start=\"560\" data-end=\"582\">a\u00e7o de alta qualidade<\/strong> para maior resist\u00eancia e longevidade. Dispon\u00edvel em <strong data-start=\"624\" data-end=\"634\">cromo<\/strong>, <strong data-start=\"636\" data-end=\"646\">dourado<\/strong>, <strong data-start=\"648\" data-end=\"657\">preto<\/strong>ou outros acabamentos personalizados, combina o desempenho funcional com uma apar\u00eancia profissional.<\/p>\n<p data-start=\"753\" data-end=\"772\"><strong data-start=\"753\" data-end=\"770\">Carater\u00edsticas principais:<\/strong><\/p>\n<ul data-start=\"773\" data-end=\"1046\">\n<li data-start=\"773\" data-end=\"798\">\n<p data-start=\"775\" data-end=\"798\">C\u00f3digo do produto: FS-5044<\/p>\n<\/li>\n<li data-start=\"799\" data-end=\"835\">\n<p data-start=\"801\" data-end=\"835\">Tipo: Suporte de tampa de 5 furos com dobradi\u00e7a<\/p>\n<\/li>\n<li data-start=\"836\" data-end=\"855\">\n<p data-start=\"838\" data-end=\"855\">Tamanho: 52 \u00d7 28 mm<\/p>\n<\/li>\n<li data-start=\"856\" data-end=\"877\">\n<p data-start=\"858\" data-end=\"877\">Tamanho do furo: \u03a63.3mm<\/p>\n<\/li>\n<li data-start=\"878\" data-end=\"897\">\n<p data-start=\"880\" data-end=\"897\">Material: A\u00e7o<\/p>\n<\/li>\n<li data-start=\"898\" data-end=\"965\">\n<p data-start=\"900\" data-end=\"965\">Op\u00e7\u00f5es de acabamento: Cromado \/ Dourado \/ Preto \/ Outros acabamentos personalizados<\/p>\n<\/li>\n<li data-start=\"966\" data-end=\"1046\">\n<p data-start=\"968\" data-end=\"1046\">Aplica\u00e7\u00f5es: Caixas de alum\u00ednio, caixas de voo, caixas de instrumentos, ba\u00fas de armazenamento<\/p>\n<\/li>\n<\/ul>\n<p data-start=\"1048\" data-end=\"1205\">O FS-5044 \u00e9 ideal para <strong data-start=\"1073\" data-end=\"1108\">projectos de repara\u00e7\u00e3o e de cria\u00e7\u00e3o de casos<\/strong>A gama de produtos da gama de produtos de constru\u00e7\u00e3o, que oferece uma solu\u00e7\u00e3o fi\u00e1vel e elegante de suporte da tampa, tanto para novas constru\u00e7\u00f5es como para remodela\u00e7\u00f5es.<\/p>","protected":false},"excerpt":{"rendered":"<ul>\n<li>Suporte da tampa de 5 furos com dobradi\u00e7a<\/li>\n<li>Tamanho: 52 \u00d7 28 mm<\/li>\n<li>Tamanho do furo \u03a63,3mm<\/li>\n<li>Material : A\u00e7o<\/li>\n<li>Acabamento: Cromado \/ Dourado \/ Preto \/ Outro<\/li>\n<\/ul>","protected":false},"featured_media":2047,"comment_status":"open","ping_status":"closed","template":"","meta":{"_acf_changed":false},"product_brand":[],"product_cat":[114,132],"product_tag":[],"class_list":{"0":"post-2037","1":"product","2":"type-product","3":"status-publish","4":"has-post-thumbnail","6":"product_cat-hinges-lid-stays","7":"product_cat-hinges-with-stays","8":"description-off","10":"first","11":"instock","12":"shipping-taxable","13":"product-type-simple"},"acf":[],"_links":{"self":[{"href":"https:\/\/fayshing.com\/pt-pt\/wp-json\/wp\/v2\/product\/2037","targetHints":{"allow":["GET"]}}],"collection":[{"href":"https:\/\/fayshing.com\/pt-pt\/wp-json\/wp\/v2\/product"}],"about":[{"href":"https:\/\/fayshing.com\/pt-pt\/wp-json\/wp\/v2\/types\/product"}],"replies":[{"embeddable":true,"href":"https:\/\/fayshing.com\/pt-pt\/wp-json\/wp\/v2\/comments?post=2037"}],"wp:featuredmedia":[{"embeddable":true,"href":"https:\/\/fayshing.com\/pt-pt\/wp-json\/wp\/v2\/media\/2047"}],"wp:attachment":[{"href":"https:\/\/fayshing.com\/pt-pt\/wp-json\/wp\/v2\/media?parent=2037"}],"wp:term":[{"taxonomy":"product_brand","embeddable":true,"href":"https:\/\/fayshing.com\/pt-pt\/wp-json\/wp\/v2\/product_brand?post=2037"},{"taxonomy":"product_cat","embeddable":true,"href":"https:\/\/fayshing.com\/pt-pt\/wp-json\/wp\/v2\/product_cat?post=2037"},{"taxonomy":"product_tag","embeddable":true,"href":"https:\/\/fayshing.com\/pt-pt\/wp-json\/wp\/v2\/product_tag?post=2037"}],"curies":[{"name":"wp","href":"https:\/\/api.w.org\/{rel}","templated":true}]}}