{"id":2035,"date":"2022-04-19T15:51:12","date_gmt":"2022-04-19T07:51:12","guid":{"rendered":"http:\/\/fayshing.com\/index.php\/product\/fayshing-jewelry-box-hinge-accessories-hot-selling-case-hardware-butterfly-hinge-fs-5005\/"},"modified":"2025-01-14T11:12:51","modified_gmt":"2025-01-14T03:12:51","slug":"fayshing-jewelry-box-hinge-accessories-hot-selling-case-hardware-butterfly-hinge-fs-5005","status":"publish","type":"product","link":"https:\/\/fayshing.com\/pt-pt\/product\/fayshing-jewelry-box-hinge-accessories-hot-selling-case-hardware-butterfly-hinge-fs-5005\/","title":{"rendered":"Dobradi\u00e7a borboleta de hardware de caixa de venda quente FS-5005"},"content":{"rendered":"<p><strong>Fayshing caixa de j\u00f3ias dobradi\u00e7a acess\u00f3rios venda quente caso ferragem borboleta dobradi\u00e7a FS-5005<\/strong><\/p>\n<p>Ampla aplica\u00e7\u00e3o: Amplamente utilizado em v\u00e1rios tipos de malas de voo, caixas de madeira, caixas m\u00e1gicas, caixas de ferramentas, malas de bagagem, etc.<\/p>\n<hr \/>\n<p><strong>Descri\u00e7\u00e3o :<\/strong><\/p>\n<ul>\n<li>Local: 23\u00d718mm \/ 0,91\u00d70,71 polegadas<\/li>\n<li>Material: Ferro<\/li>\n<li>Cromo: Cromo\/Ouro\/Preto<\/li>\n<li>180 graus<\/li>\n<\/ul>\n<hr \/>\n<p><strong>Observa\u00e7\u00e3o :<\/strong><\/p>\n<ul>\n<li>Devido \u00e0 medi\u00e7\u00e3o manual, permita um desvio de 1 \u2013 2mm. Luz de disparo diferente e monitores diferentes podem fazer com que a cor do produto na imagem seja ligeiramente diferente do produto real.<\/li>\n<li>?Entre em contato conosco, verifique o tamanho do produto com aten\u00e7\u00e3o e leia as descri\u00e7\u00f5es do tamanho do produto antes de comprar para evitar uma poss\u00edvel experi\u00eancia de compra desagrad\u00e1vel.<\/li>\n<\/ul>","protected":false},"excerpt":{"rendered":"<ul>\n<li>Local: 23\u00d718mm \/ 0,91\u00d70,71 polegadas<\/li>\n<li>Material: Ferro<\/li>\n<li>Cromo: Cromo\/Ouro\/Preto<\/li>\n<li>180 graus<\/li>\n<\/ul>","protected":false},"featured_media":2048,"comment_status":"open","ping_status":"closed","template":"","meta":{"_acf_changed":false},"product_brand":[],"product_cat":[114,130],"product_tag":[],"class_list":{"0":"post-2035","1":"product","2":"type-product","3":"status-publish","4":"has-post-thumbnail","6":"product_cat-hinges-lid-stays","7":"product_cat-plum-shaped-hinges","8":"description-off","10":"first","11":"instock","12":"shipping-taxable","13":"product-type-simple"},"acf":[],"_links":{"self":[{"href":"https:\/\/fayshing.com\/pt-pt\/wp-json\/wp\/v2\/product\/2035","targetHints":{"allow":["GET"]}}],"collection":[{"href":"https:\/\/fayshing.com\/pt-pt\/wp-json\/wp\/v2\/product"}],"about":[{"href":"https:\/\/fayshing.com\/pt-pt\/wp-json\/wp\/v2\/types\/product"}],"replies":[{"embeddable":true,"href":"https:\/\/fayshing.com\/pt-pt\/wp-json\/wp\/v2\/comments?post=2035"}],"wp:featuredmedia":[{"embeddable":true,"href":"https:\/\/fayshing.com\/pt-pt\/wp-json\/wp\/v2\/media\/2048"}],"wp:attachment":[{"href":"https:\/\/fayshing.com\/pt-pt\/wp-json\/wp\/v2\/media?parent=2035"}],"wp:term":[{"taxonomy":"product_brand","embeddable":true,"href":"https:\/\/fayshing.com\/pt-pt\/wp-json\/wp\/v2\/product_brand?post=2035"},{"taxonomy":"product_cat","embeddable":true,"href":"https:\/\/fayshing.com\/pt-pt\/wp-json\/wp\/v2\/product_cat?post=2035"},{"taxonomy":"product_tag","embeddable":true,"href":"https:\/\/fayshing.com\/pt-pt\/wp-json\/wp\/v2\/product_tag?post=2035"}],"curies":[{"name":"wp","href":"https:\/\/api.w.org\/{rel}","templated":true}]}}