{"id":2034,"date":"2022-04-19T15:51:12","date_gmt":"2022-04-19T07:51:12","guid":{"rendered":"http:\/\/fayshing.com\/index.php\/product\/fayshing-antique-mini-hinges-hardware-for-wooden-jewelry-boxes-small-hinges-for-handmade-crafts-fs-5003\/"},"modified":"2025-01-10T14:07:27","modified_gmt":"2025-01-10T06:07:27","slug":"fayshing-antique-mini-hinges-hardware-for-wooden-jewelry-boxes-small-hinges-for-handmade-crafts-fs-5003","status":"publish","type":"product","link":"https:\/\/fayshing.com\/pt-pt\/product\/fayshing-antique-mini-hinges-hardware-for-wooden-jewelry-boxes-small-hinges-for-handmade-crafts-fs-5003\/","title":{"rendered":"Hardware de mini dobradi\u00e7as antigas Fayshing FS-5003"},"content":{"rendered":"<p><strong>Fayshing mini dobradi\u00e7as antigas, ferragens para caixas de joias de madeira, dobradi\u00e7as pequenas para artesanato artesanal FS-5003<\/strong><\/p>\n<p>Ampla aplica\u00e7\u00e3o: Amplamente utilizado em v\u00e1rios tipos de malas de voo, caixas de madeira, caixas m\u00e1gicas, caixas de ferramentas, malas de bagagem, etc.<\/p>\n<hr \/>\n<p><strong>Descri\u00e7\u00e3o :<\/strong><\/p>\n<ul>\n<li>Local: 26\u00d726mm \/ 1,02\u00d71,02 polegadas<\/li>\n<li>Material: Ferro<\/li>\n<li>Cromo: Cromo\/Ouro\/Preto<\/li>\n<li>90 graus<\/li>\n<\/ul>\n<hr \/>\n<p><strong>Observa\u00e7\u00e3o :<\/strong><\/p>\n<ul>\n<li>Devido \u00e0 medi\u00e7\u00e3o manual, permita um desvio de 1 \u2013 2mm. Luz de disparo diferente e monitores diferentes podem fazer com que a cor do produto na imagem seja ligeiramente diferente do produto real.<\/li>\n<li>Por favor <a href=\"https:\/\/fayshing.com\/pt-pt\/contact-us\/\">Contate-nos<\/a> verifique cuidadosamente o tamanho do nosso produto e leia as descri\u00e7\u00f5es do tamanho do produto antes de comprar para evitar poss\u00edveis experi\u00eancias de compra desagrad\u00e1veis.<\/li>\n<\/ul>","protected":false},"excerpt":{"rendered":"<ul>\n<li>Local: 26\u00d726mm \/ 1,02\u00d71,02 polegadas<\/li>\n<li>Material: Ferro<\/li>\n<li>Cromo: Cromo\/Ouro\/Preto<\/li>\n<li>90 graus<\/li>\n<\/ul>","protected":false},"featured_media":4842,"comment_status":"open","ping_status":"closed","template":"","meta":{"_acf_changed":false},"product_brand":[],"product_cat":[114,130],"product_tag":[],"class_list":{"0":"post-2034","1":"product","2":"type-product","3":"status-publish","4":"has-post-thumbnail","6":"product_cat-hinges-lid-stays","7":"product_cat-plum-shaped-hinges","8":"description-off","10":"first","11":"instock","12":"shipping-taxable","13":"product-type-simple"},"acf":[],"_links":{"self":[{"href":"https:\/\/fayshing.com\/pt-pt\/wp-json\/wp\/v2\/product\/2034","targetHints":{"allow":["GET"]}}],"collection":[{"href":"https:\/\/fayshing.com\/pt-pt\/wp-json\/wp\/v2\/product"}],"about":[{"href":"https:\/\/fayshing.com\/pt-pt\/wp-json\/wp\/v2\/types\/product"}],"replies":[{"embeddable":true,"href":"https:\/\/fayshing.com\/pt-pt\/wp-json\/wp\/v2\/comments?post=2034"}],"wp:featuredmedia":[{"embeddable":true,"href":"https:\/\/fayshing.com\/pt-pt\/wp-json\/wp\/v2\/media\/4842"}],"wp:attachment":[{"href":"https:\/\/fayshing.com\/pt-pt\/wp-json\/wp\/v2\/media?parent=2034"}],"wp:term":[{"taxonomy":"product_brand","embeddable":true,"href":"https:\/\/fayshing.com\/pt-pt\/wp-json\/wp\/v2\/product_brand?post=2034"},{"taxonomy":"product_cat","embeddable":true,"href":"https:\/\/fayshing.com\/pt-pt\/wp-json\/wp\/v2\/product_cat?post=2034"},{"taxonomy":"product_tag","embeddable":true,"href":"https:\/\/fayshing.com\/pt-pt\/wp-json\/wp\/v2\/product_tag?post=2034"}],"curies":[{"name":"wp","href":"https:\/\/api.w.org\/{rel}","templated":true}]}}