{"id":2033,"date":"2022-04-19T15:51:12","date_gmt":"2022-04-19T07:51:12","guid":{"rendered":"http:\/\/fayshing.com\/index.php\/product\/fayshing-metal-small-wooden-box-hinges-cigar-box-hinge-fs-5001\/"},"modified":"2025-04-07T17:39:35","modified_gmt":"2025-04-07T09:39:35","slug":"fayshing-metal-small-wooden-box-hinges-cigar-box-hinge-fs-5001","status":"publish","type":"product","link":"https:\/\/fayshing.com\/pt-pt\/product\/fayshing-metal-small-wooden-box-hinges-cigar-box-hinge-fs-5001\/","title":{"rendered":"Fayshing metal pequena caixa de madeira dobradi\u00e7as dobradi\u00e7a de caixa de charuto FS-5001"},"content":{"rendered":"<p><strong>Fayshing metal pequena caixa de madeira dobradi\u00e7as dobradi\u00e7a de caixa de charuto FS-5001<\/strong><\/p>\n<p>Ampla aplica\u00e7\u00e3o: Amplamente utilizado em v\u00e1rios tipos de caixas e estojos de madeira, estojos de ferramentas, etc.<\/p>\n<hr \/>\n<p><strong>Descri\u00e7\u00e3o :<\/strong><\/p>\n<ul>\n<li>Local: 26,5 \u00d7 21 mm \/ 1,04 \u00d7 0,83 polegadas<\/li>\n<li>Material: Ferro<\/li>\n<li>Cromo: Cromo\/Ouro\/Preto<\/li>\n<\/ul>\n<p><strong>Desenho :<\/strong><\/p>\n<p><a href=\"https:\/\/fayshing.com\/wp-content\/uploads\/5001.png\"><img fetchpriority=\"high\" decoding=\"async\" class=\"alignnone wp-image-6162\" src=\"https:\/\/fayshing.com\/wp-content\/uploads\/5001-300x142.png\" alt=\"Desenho 5001\" width=\"621\" height=\"294\" title=\"\" srcset=\"https:\/\/fayshing.com\/wp-content\/uploads\/5001-300x142.png 300w, https:\/\/fayshing.com\/wp-content\/uploads\/5001-768x363.png 768w, https:\/\/fayshing.com\/wp-content\/uploads\/5001-18x9.png 18w, https:\/\/fayshing.com\/wp-content\/uploads\/5001-600x284.png 600w, https:\/\/fayshing.com\/wp-content\/uploads\/5001.png 822w\" sizes=\"(max-width: 621px) 100vw, 621px\" \/><\/a><\/p>\n<p><em>*Unidade \u00e9 mm<\/em><\/p>\n<hr \/>\n<p><strong>Observa\u00e7\u00e3o :<\/strong><\/p>\n<ul>\n<li>Devido \u00e0 medi\u00e7\u00e3o manual, permita um desvio de 1 \u2013 2mm. Luz de disparo diferente e monitores diferentes podem fazer com que a cor do produto na imagem seja ligeiramente diferente do produto real.<\/li>\n<li>Por favor <a href=\"https:\/\/fayshing.com\/pt-pt\/contact-us\/\">Contate-nos<\/a> verifique cuidadosamente o tamanho do nosso produto e leia as descri\u00e7\u00f5es do tamanho do produto antes de comprar para evitar poss\u00edveis experi\u00eancias de compra desagrad\u00e1veis.<\/li>\n<\/ul>","protected":false},"excerpt":{"rendered":"<ul>\n<li>Local: 26,5 \u00d7 21 mm \/ 1,04 \u00d7 0,83 polegadas<\/li>\n<li>Material: Ferro<\/li>\n<li>Cromo: Cromo\/Ouro\/Preto<\/li>\n<li>90 graus<\/li>\n<\/ul>","protected":false},"featured_media":2016,"comment_status":"open","ping_status":"closed","template":"","meta":{"_acf_changed":false},"product_brand":[],"product_cat":[114,130],"product_tag":[],"class_list":{"0":"post-2033","1":"product","2":"type-product","3":"status-publish","4":"has-post-thumbnail","6":"product_cat-hinges-lid-stays","7":"product_cat-plum-shaped-hinges","8":"description-off","10":"first","11":"instock","12":"shipping-taxable","13":"product-type-simple"},"acf":[],"_links":{"self":[{"href":"https:\/\/fayshing.com\/pt-pt\/wp-json\/wp\/v2\/product\/2033","targetHints":{"allow":["GET"]}}],"collection":[{"href":"https:\/\/fayshing.com\/pt-pt\/wp-json\/wp\/v2\/product"}],"about":[{"href":"https:\/\/fayshing.com\/pt-pt\/wp-json\/wp\/v2\/types\/product"}],"replies":[{"embeddable":true,"href":"https:\/\/fayshing.com\/pt-pt\/wp-json\/wp\/v2\/comments?post=2033"}],"wp:featuredmedia":[{"embeddable":true,"href":"https:\/\/fayshing.com\/pt-pt\/wp-json\/wp\/v2\/media\/2016"}],"wp:attachment":[{"href":"https:\/\/fayshing.com\/pt-pt\/wp-json\/wp\/v2\/media?parent=2033"}],"wp:term":[{"taxonomy":"product_brand","embeddable":true,"href":"https:\/\/fayshing.com\/pt-pt\/wp-json\/wp\/v2\/product_brand?post=2033"},{"taxonomy":"product_cat","embeddable":true,"href":"https:\/\/fayshing.com\/pt-pt\/wp-json\/wp\/v2\/product_cat?post=2033"},{"taxonomy":"product_tag","embeddable":true,"href":"https:\/\/fayshing.com\/pt-pt\/wp-json\/wp\/v2\/product_tag?post=2033"}],"curies":[{"name":"wp","href":"https:\/\/api.w.org\/{rel}","templated":true}]}}