{"id":1965,"date":"2022-04-18T17:30:52","date_gmt":"2022-04-18T09:30:52","guid":{"rendered":"http:\/\/fayshing.com\/index.php\/product\/fayshing-large-6-holes-stackable-ball-corner-for-flight-case-fs3138\/"},"modified":"2025-01-14T11:14:21","modified_gmt":"2025-01-14T03:14:21","slug":"fayshing-large-6-holes-stackable-ball-corner-for-flight-case-fs3138","status":"publish","type":"product","link":"https:\/\/fayshing.com\/pt-pt\/product\/fayshing-large-6-holes-stackable-ball-corner-for-flight-case-fs3138\/","title":{"rendered":"Fayshing grande canto de bola empilh\u00e1vel de 6 furos para case de v\u00f4o FS3138"},"content":{"rendered":"<p><strong>Fayshing grande canto de bola empilh\u00e1vel de 6 furos para case de v\u00f4o FS3138<\/strong><\/p>\n<p>Ampla aplica\u00e7\u00e3o: Amplamente utilizado em v\u00e1rios tipos de caixas de voo, caixas de m\u00fasica, caixas militares, caixas de estrada, caixas de ferramentas, caixas de madeira, etc.<\/p>\n<hr \/>\n<p><strong>Descri\u00e7\u00e3o :<\/strong><\/p>\n<ul>\n<li>Os cantos das bolas s\u00e3o feitos de chapa fria, n\u00e3o enferrujam facilmente depois de serem expostos \u00e0 chuva,<\/li>\n<li>Alta dureza, n\u00e3o \u00e9 f\u00e1cil de deformar e \u00e9 anti-corros\u00e3o.<\/li>\n<li>\u00a0Protege os cantos da mala de danos quando esta embate noutros objectos e tamb\u00e9m evita que os cantos da mala magoem as pessoas.<\/li>\n<li>Tem um lado plano, o que torna a mala f\u00e1cil de empilhar<\/li>\n<\/ul>\n<hr \/>\n<p><strong>Observa\u00e7\u00e3o :<\/strong><\/p>\n<ul>\n<li>Devido \u00e0s medi\u00e7\u00f5es manuais, pode haver um desvio de 1 a 3 mm.<\/li>\n<li>Entre em contato conosco, verifique o tamanho do produto com aten\u00e7\u00e3o e leia as descri\u00e7\u00f5es do tamanho do produto antes de comprar para evitar uma poss\u00edvel experi\u00eancia de compra desagrad\u00e1vel.<\/li>\n<\/ul>","protected":false},"excerpt":{"rendered":"<p>O canto esf\u00e9rico empilh\u00e1vel grande de 6 furos Fayshing \u00e9 ideal para caber em caixas maiores, como caixas de estrada e caixas de voo de cabo<\/p>","protected":false},"featured_media":1920,"comment_status":"open","ping_status":"closed","template":"","meta":{"_acf_changed":false},"product_brand":[],"product_cat":[109,126],"product_tag":[],"class_list":{"0":"post-1965","1":"product","2":"type-product","3":"status-publish","4":"has-post-thumbnail","6":"product_cat-case-corners","7":"product_cat-ball-corners","8":"description-off","10":"first","11":"instock","12":"shipping-taxable","13":"product-type-simple"},"acf":[],"_links":{"self":[{"href":"https:\/\/fayshing.com\/pt-pt\/wp-json\/wp\/v2\/product\/1965","targetHints":{"allow":["GET"]}}],"collection":[{"href":"https:\/\/fayshing.com\/pt-pt\/wp-json\/wp\/v2\/product"}],"about":[{"href":"https:\/\/fayshing.com\/pt-pt\/wp-json\/wp\/v2\/types\/product"}],"replies":[{"embeddable":true,"href":"https:\/\/fayshing.com\/pt-pt\/wp-json\/wp\/v2\/comments?post=1965"}],"wp:featuredmedia":[{"embeddable":true,"href":"https:\/\/fayshing.com\/pt-pt\/wp-json\/wp\/v2\/media\/1920"}],"wp:attachment":[{"href":"https:\/\/fayshing.com\/pt-pt\/wp-json\/wp\/v2\/media?parent=1965"}],"wp:term":[{"taxonomy":"product_brand","embeddable":true,"href":"https:\/\/fayshing.com\/pt-pt\/wp-json\/wp\/v2\/product_brand?post=1965"},{"taxonomy":"product_cat","embeddable":true,"href":"https:\/\/fayshing.com\/pt-pt\/wp-json\/wp\/v2\/product_cat?post=1965"},{"taxonomy":"product_tag","embeddable":true,"href":"https:\/\/fayshing.com\/pt-pt\/wp-json\/wp\/v2\/product_tag?post=1965"}],"curies":[{"name":"wp","href":"https:\/\/api.w.org\/{rel}","templated":true}]}}