{"id":1662,"date":"2022-04-15T09:01:51","date_gmt":"2022-04-15T01:01:51","guid":{"rendered":"http:\/\/fayshing.com\/?post_type=product&#038;p=1662"},"modified":"2025-06-06T15:23:30","modified_gmt":"2025-06-06T07:23:30","slug":"heavy-duty-medium-recessed-handle-fs2065","status":"publish","type":"product","link":"https:\/\/fayshing.com\/pt-pt\/product\/heavy-duty-medium-recessed-handle-fs2065\/","title":{"rendered":"Al\u00e7a embutida m\u00e9dia para servi\u00e7o pesado FS2065"},"content":{"rendered":"<p><strong>Pega de invers\u00e3o rebaixada da Flight Case (m\u00e9dia) - Flight Case Parts<\/strong><\/p>\n<p>Este \u00e9 um conjunto de pe\u00e7a \u00fanica com mola que \u00e9 montado na superf\u00edcie externa da caixa sem a necessidade de qualquer recorte e permite um transporte confort\u00e1vel das caixas.<\/p>\n<hr \/>\n<p>Descri\u00e7\u00e3o :<\/p>\n<ul>\n<li>A placa embutida permite a montagem embutida da pega;<\/li>\n<li>A fian\u00e7a de 1\/4\u2033 de di\u00e2metro p\u00e1ra a 90 graus;<\/li>\n<li>A fivela volta a colocar-se na posi\u00e7\u00e3o plana quando n\u00e3o est\u00e1 a ser utilizada;<\/li>\n<li>Acabamento preto duradouro com todas as superf\u00edcies completamente pr\u00e9-pintadas para evitar a ferrugem;<\/li>\n<li>Punho almofadado com 3\/4\u2033 de di\u00e2metro<\/li>\n<\/ul>\n<hr \/>\n<p>Sobre este artigo<\/p>\n<ul>\n<li>\u00a7 \u3010Projeto \u00e0 prova de choque\u3011 Al\u00e7a de caixa dobr\u00e1vel com uma mola de retorno forte embutida, pode rebater automaticamente para evitar que a al\u00e7a de suspens\u00e3o chacoalhe durante o transporte. A constru\u00e7\u00e3o robusta e a mola dur\u00e1vel garantem uma utiliza\u00e7\u00e3o a longo prazo.<\/li>\n<li>\u00a7 Pega segura e confort\u00e1vel\u3011 A manga de borracha preta \u00e9 isolada e pode proteger a sua m\u00e3o de les\u00f5es. Alavancas e bases grossas tornam-no mais dur\u00e1vel e duradouro.<\/li>\n<li>\u00a7 \u3010Ampla gama de uso\u3011 Voc\u00ea receber\u00e1 al\u00e7as de caixa de a\u00e7o inoxid\u00e1vel 2pcs, amplamente utilizadas em v\u00e1rios tipos de caixa de embalagem, anel de al\u00e7a de caixa de alum\u00ednio, al\u00e7a lateral mec\u00e2nica, al\u00e7a de caixa de ferramentas, al\u00e7a de caixa militar, v\u00e1rias caixas de v\u00f4o, etc.<\/li>\n<\/ul>\n<p><iframe title=\"Pegas para malas de transporte Vitrine | Resistentes e personaliz\u00e1veis\" width=\"1200\" height=\"675\" src=\"https:\/\/www.youtube.com\/embed\/HTukBWi6wi0?feature=oembed&#038;enablejsapi=1&#038;origin=https:\/\/fayshing.com\" frameborder=\"0\" allow=\"accelerometer; autoplay; clipboard-write; encrypted-media; gyroscope; picture-in-picture; web-share\" referrerpolicy=\"strict-origin-when-cross-origin\" allowfullscreen><\/iframe><\/p>","protected":false},"excerpt":{"rendered":"<ul>\n<li>Pega de embutir m\u00e9dia de 8 mm para trabalhos pesados<\/li>\n<li>A\u00e7o<\/li>\n<li>162 \u00d7 108 mm<\/li>\n<li>A pega \u00e9 de borracha preta<\/li>\n<li>10 furos de montagem<\/li>\n<li>Cromado \/ Preto \/ Azul Zinco<\/li>\n<\/ul>","protected":false},"featured_media":6226,"comment_status":"open","ping_status":"closed","template":"","meta":{"_acf_changed":false},"product_brand":[],"product_cat":[108,120],"product_tag":[],"class_list":{"0":"post-1662","1":"product","2":"type-product","3":"status-publish","4":"has-post-thumbnail","6":"product_cat-handles","7":"product_cat-recessed-handles","8":"pa_material-steel","9":"pa_surface-treatment-black","10":"pa_surface-treatment-blue-zinc","11":"pa_surface-treatment-chrome","12":"description-off","14":"first","15":"instock","16":"shipping-taxable","17":"product-type-simple"},"acf":[],"_links":{"self":[{"href":"https:\/\/fayshing.com\/pt-pt\/wp-json\/wp\/v2\/product\/1662","targetHints":{"allow":["GET"]}}],"collection":[{"href":"https:\/\/fayshing.com\/pt-pt\/wp-json\/wp\/v2\/product"}],"about":[{"href":"https:\/\/fayshing.com\/pt-pt\/wp-json\/wp\/v2\/types\/product"}],"replies":[{"embeddable":true,"href":"https:\/\/fayshing.com\/pt-pt\/wp-json\/wp\/v2\/comments?post=1662"}],"wp:featuredmedia":[{"embeddable":true,"href":"https:\/\/fayshing.com\/pt-pt\/wp-json\/wp\/v2\/media\/6226"}],"wp:attachment":[{"href":"https:\/\/fayshing.com\/pt-pt\/wp-json\/wp\/v2\/media?parent=1662"}],"wp:term":[{"taxonomy":"product_brand","embeddable":true,"href":"https:\/\/fayshing.com\/pt-pt\/wp-json\/wp\/v2\/product_brand?post=1662"},{"taxonomy":"product_cat","embeddable":true,"href":"https:\/\/fayshing.com\/pt-pt\/wp-json\/wp\/v2\/product_cat?post=1662"},{"taxonomy":"product_tag","embeddable":true,"href":"https:\/\/fayshing.com\/pt-pt\/wp-json\/wp\/v2\/product_tag?post=1662"}],"curies":[{"name":"wp","href":"https:\/\/api.w.org\/{rel}","templated":true}]}}