{"id":1493,"date":"2022-04-13T11:44:40","date_gmt":"2022-04-13T03:44:40","guid":{"rendered":"http:\/\/fayshing.com\/?post_type=product&#038;p=1493"},"modified":"2025-08-08T09:26:53","modified_gmt":"2025-08-08T01:26:53","slug":"flight-case-panels","status":"publish","type":"product","link":"https:\/\/fayshing.com\/pt-pt\/product\/flight-case-panels\/","title":{"rendered":"Padr\u00e3o Hexaboard Preto"},"content":{"rendered":"<p>Pain\u00e9is da mala de voo em madeira de b\u00e9tula de alta qualidade com padr\u00e3o hexaboard preto.<\/p>\n<ol>\n<li>Tamanho: 1220*2440mm ou personalizado;<\/li>\n<li>Material: Eucalipto + alum\u00ednio + Fen\u00f3lico;<\/li>\n<li>Vantagens: Textura semelhante a um verme cinza prateado;<\/li>\n<li>Usado: Maleta de voo, maleta de carrinho, decora\u00e7\u00e3o de m\u00f3veis, etc.<\/li>\n<\/ol>\n<h5>Vantagens:<\/h5>\n<ul>\n<li>Peso leve: escolhemos como material b\u00e1sico o eucalipto e o choupo de alta qualidade, que s\u00e3o muito leves.<\/li>\n<li>F\u00e1cil de cortar: o compensado \u00e9 f\u00e1cil de cortar, portanto, dependendo da constru\u00e7\u00e3o, a f\u00f4rma pode ser cortada nos tamanhos desejados.<\/li>\n<li>Sem deforma\u00e7\u00e3o: o compensado revestido com filme tamb\u00e9m fica inteiro, mas n\u00e3o deforma e n\u00e3o lasca ap\u00f3s 72 horas de cozimento em \u00e1gua fervente.<\/li>\n<li>Filme de alta qualidade: o compensado revestido com filme \u00e9 filmado por filme Dynea importado da Finl\u00e2ndia, protege a superf\u00edcie da f\u00f4rma da corros\u00e3o e torna a f\u00f4rma dur\u00e1vel, melhora o nivelamento da superf\u00edcie do concreto e faz com que a superf\u00edcie do concreto economize o reboco pela segunda vez, para que possa economizar muita constru\u00e7\u00e3o.<\/li>\n<li>Capacidade imperme\u00e1vel, \u00e0 prova de fogo e antiincrustante, resistente \u00e0 fric\u00e7\u00e3o.<\/li>\n<\/ul>","protected":false},"excerpt":{"rendered":"<ol>\n<li>Tamanho: 1220*2440mm ou personalizado;<\/li>\n<li>Material: Eucalipto + alum\u00ednio + Fen\u00f3lico;<\/li>\n<li>Vantagens: Textura semelhante a um verme cinza prateado;<\/li>\n<li>Usado: Maleta de voo, maleta de carrinho, decora\u00e7\u00e3o de m\u00f3veis, etc.<\/li>\n<\/ol>","protected":false},"featured_media":1494,"comment_status":"open","ping_status":"closed","template":"","meta":{"_acf_changed":false},"product_brand":[],"product_cat":[110],"product_tag":[],"class_list":{"0":"post-1493","1":"product","2":"type-product","3":"status-publish","4":"has-post-thumbnail","6":"product_cat-panels-and-laminates","7":"pa_application-the-furniture-industry-electrical-and-electronics-industry-hardware-industry-aerospace-industry-medical-industry","8":"pa_delivery-time-please-contact-sales-staff","9":"pa_material-eucalyptus-alluminum-phenolic","10":"pa_parts-no-fs8023","11":"description-off","13":"first","14":"instock","15":"featured","16":"shipping-taxable","17":"product-type-simple"},"acf":[],"_links":{"self":[{"href":"https:\/\/fayshing.com\/pt-pt\/wp-json\/wp\/v2\/product\/1493","targetHints":{"allow":["GET"]}}],"collection":[{"href":"https:\/\/fayshing.com\/pt-pt\/wp-json\/wp\/v2\/product"}],"about":[{"href":"https:\/\/fayshing.com\/pt-pt\/wp-json\/wp\/v2\/types\/product"}],"replies":[{"embeddable":true,"href":"https:\/\/fayshing.com\/pt-pt\/wp-json\/wp\/v2\/comments?post=1493"}],"wp:featuredmedia":[{"embeddable":true,"href":"https:\/\/fayshing.com\/pt-pt\/wp-json\/wp\/v2\/media\/1494"}],"wp:attachment":[{"href":"https:\/\/fayshing.com\/pt-pt\/wp-json\/wp\/v2\/media?parent=1493"}],"wp:term":[{"taxonomy":"product_brand","embeddable":true,"href":"https:\/\/fayshing.com\/pt-pt\/wp-json\/wp\/v2\/product_brand?post=1493"},{"taxonomy":"product_cat","embeddable":true,"href":"https:\/\/fayshing.com\/pt-pt\/wp-json\/wp\/v2\/product_cat?post=1493"},{"taxonomy":"product_tag","embeddable":true,"href":"https:\/\/fayshing.com\/pt-pt\/wp-json\/wp\/v2\/product_tag?post=1493"}],"curies":[{"name":"wp","href":"https:\/\/api.w.org\/{rel}","templated":true}]}}