{"id":1482,"date":"2022-04-13T10:12:17","date_gmt":"2022-04-13T02:12:17","guid":{"rendered":"http:\/\/fayshing.com\/?post_type=product&#038;p=1482"},"modified":"2024-03-12T15:15:47","modified_gmt":"2024-03-12T07:15:47","slug":"fayshing-hinge-strut-chrome-88mm-49mm-fs5100","status":"publish","type":"product","link":"https:\/\/fayshing.com\/pt-pt\/product\/fayshing-hinge-strut-chrome-88mm-49mm-fs5100\/","title":{"rendered":"Suporte de dobradi\u00e7a FAYSHING cromado 88 mm x 49 mm FS5100"},"content":{"rendered":"<p>\u3010<strong>Material<\/strong>\u3011 Esta al\u00e7a de peito \u00e9 feita de ferro galvanizado premium com melhor resist\u00eancia \u00e0 ferrugem, anti-corros\u00e3o, dur\u00e1vel.<br \/>\n\u3010<strong>F\u00e1cil de instalar<\/strong>Design de 8 furos para f\u00e1cil instala\u00e7\u00e3o. Pega de peito montada na superf\u00edcie para uso em ba\u00fas, caixas e caixas de armazenamento.<br \/>\n\u3010<strong>Ampla aplica\u00e7\u00e3o<\/strong>\u3011A dobradi\u00e7a do suporte \u00e9 adequada para caixa de ar, caixa de ferramentas, caixa de alum\u00ednio, chassis, bagagem, etc.<\/p>\n<hr \/>\n<p><strong>Carater\u00edstica:<\/strong><br \/>\n1. feito de ferro cromado, anti-corros\u00e3o, sem ferrugem, dur\u00e1vel.<br \/>\n2. a dobradi\u00e7a do suporte \u00e9 adequada para caixa de ar, caixa de ferramentas, caixa de alum\u00ednio, chassis, bagagem, etc.<br \/>\n3. utilizado para fixar pequenas portas, arm\u00e1rios, caixas de ferramentas, cacifos, forte de pesca e caixa de pesca, etc.<\/p>\n<hr \/>\n<p><strong>Nota:<\/strong><br \/>\n1. por favor, permita um erro de 1-10mm devido \u00e0 medi\u00e7\u00e3o manual.<br \/>\n2. a cor pode ter diferente como a exibi\u00e7\u00e3o de diferen\u00e7a, pls entender.<\/p>","protected":false},"excerpt":{"rendered":"<p>Suporte de dobradi\u00e7a cromado de 8 furos para case de voo.<\/p>","protected":false},"featured_media":1483,"comment_status":"open","ping_status":"closed","template":"","meta":{"_acf_changed":false},"product_brand":[],"product_cat":[114],"product_tag":[],"class_list":{"0":"post-1482","1":"product","2":"type-product","3":"status-publish","4":"has-post-thumbnail","6":"product_cat-hinges-lid-stays","7":"pa_application-flight-case","8":"pa_application-military-box","9":"pa_application-mixer-box","10":"pa_application-road-case","11":"pa_delivery-time-please-contact-sales-staff","12":"pa_material-electrolytic-plate","13":"pa_material-iron","14":"pa_material-stainless-steel","15":"pa_surface-treatment-blue-zinc","16":"pa_surface-treatment-chrome","17":"description-off","19":"first","20":"instock","21":"featured","22":"shipping-taxable","23":"product-type-simple"},"acf":[],"_links":{"self":[{"href":"https:\/\/fayshing.com\/pt-pt\/wp-json\/wp\/v2\/product\/1482","targetHints":{"allow":["GET"]}}],"collection":[{"href":"https:\/\/fayshing.com\/pt-pt\/wp-json\/wp\/v2\/product"}],"about":[{"href":"https:\/\/fayshing.com\/pt-pt\/wp-json\/wp\/v2\/types\/product"}],"replies":[{"embeddable":true,"href":"https:\/\/fayshing.com\/pt-pt\/wp-json\/wp\/v2\/comments?post=1482"}],"wp:featuredmedia":[{"embeddable":true,"href":"https:\/\/fayshing.com\/pt-pt\/wp-json\/wp\/v2\/media\/1483"}],"wp:attachment":[{"href":"https:\/\/fayshing.com\/pt-pt\/wp-json\/wp\/v2\/media?parent=1482"}],"wp:term":[{"taxonomy":"product_brand","embeddable":true,"href":"https:\/\/fayshing.com\/pt-pt\/wp-json\/wp\/v2\/product_brand?post=1482"},{"taxonomy":"product_cat","embeddable":true,"href":"https:\/\/fayshing.com\/pt-pt\/wp-json\/wp\/v2\/product_cat?post=1482"},{"taxonomy":"product_tag","embeddable":true,"href":"https:\/\/fayshing.com\/pt-pt\/wp-json\/wp\/v2\/product_tag?post=1482"}],"curies":[{"name":"wp","href":"https:\/\/api.w.org\/{rel}","templated":true}]}}