{"id":1469,"date":"2022-04-13T09:11:15","date_gmt":"2022-04-13T01:11:15","guid":{"rendered":"http:\/\/fayshing.com\/?post_type=product&#038;p=1469"},"modified":"2025-02-12T11:43:05","modified_gmt":"2025-02-12T03:43:05","slug":"small-surface-mount-handle-for-flight-case-handle","status":"publish","type":"product","link":"https:\/\/fayshing.com\/pt-pt\/product\/small-surface-mount-handle-for-flight-case-handle\/","title":{"rendered":"Al\u00e7a de montagem em superf\u00edcie pequena para al\u00e7a de caixa de v\u00f4o"},"content":{"rendered":"<p>Este \u00e9 um conjunto de pe\u00e7a \u00fanica com mola que \u00e9 montado na superf\u00edcie externa da caixa sem a necessidade de qualquer recorte e permite um transporte confort\u00e1vel das caixas.<\/p>\n<hr \/>\n<p><strong>Descri\u00e7\u00e3o :<\/strong><\/p>\n<ol>\n<li style=\"text-align: left;\">Design de montagem \u00e0 superf\u00edcie, com placa posterior;<\/li>\n<li style=\"text-align: left;\">\u00a0A fian\u00e7a de 1\/4\u2033 de di\u00e2metro p\u00e1ra a 90 graus;<\/li>\n<li style=\"text-align: left;\">A fivela volta a colocar-se na posi\u00e7\u00e3o plana quando n\u00e3o est\u00e1 a ser utilizada;<\/li>\n<li style=\"text-align: left;\">\u00a0Punho almofadado com 3\/4\u2033 de di\u00e2metro;<\/li>\n<\/ol>\n<hr \/>\n<p><strong>Sobre este item:<\/strong><\/p>\n<p>\u3010 <strong>Pega segura e confort\u00e1vel<\/strong>\u3011 A manga de borracha preta \u00e9 isolada e pode proteger sua m\u00e3o de ferimentos. Alavancas e bases grossas tornam-no mais dur\u00e1vel e duradouro.<\/p>\n<p>\u3010<strong>Vasta gama de utiliza\u00e7\u00e3o<\/strong>\u3011 Voc\u00ea receber\u00e1 al\u00e7as de caixa de a\u00e7o inoxid\u00e1vel 2pcs, amplamente utilizadas em v\u00e1rios tipos de caixa de embalagem, anel de al\u00e7a de caixa de alum\u00ednio, al\u00e7a lateral mec\u00e2nica, al\u00e7a de caixa de ferramentas, al\u00e7a de caixa militar, v\u00e1rias caixas de v\u00f4o, etc.<\/p>\n<p>&nbsp;<\/p>\n<p><iframe title=\"Pegas para malas de transporte Vitrine | Resistentes e personaliz\u00e1veis\" width=\"1200\" height=\"675\" src=\"https:\/\/www.youtube.com\/embed\/HTukBWi6wi0?feature=oembed\" frameborder=\"0\" allow=\"accelerometer; autoplay; clipboard-write; encrypted-media; gyroscope; picture-in-picture; web-share\" referrerpolicy=\"strict-origin-when-cross-origin\" allowfullscreen><\/iframe><\/p>","protected":false},"excerpt":{"rendered":"<p>Este \u00e9 um conjunto de pe\u00e7a \u00fanica com mola que \u00e9 montado na superf\u00edcie externa da caixa sem a necessidade de qualquer recorte e permite um transporte confort\u00e1vel das caixas.<\/p>","protected":false},"featured_media":1470,"comment_status":"open","ping_status":"closed","template":"","meta":{"_acf_changed":false},"product_brand":[],"product_cat":[108,121],"product_tag":[],"class_list":{"0":"post-1469","1":"product","2":"type-product","3":"status-publish","4":"has-post-thumbnail","6":"product_cat-handles","7":"product_cat-surface-handles","8":"pa_application-aluminum-case","9":"pa_application-equipment-case","10":"pa_application-flight-case","11":"pa_application-road-case","12":"pa_material-electrolytic-plate","13":"pa_material-iron","14":"pa_material-stainless-steel","15":"pa_surface-treatment-blue-zinc","16":"pa_surface-treatment-chrome","17":"description-off","19":"first","20":"instock","21":"featured","22":"shipping-taxable","23":"product-type-simple"},"acf":[],"_links":{"self":[{"href":"https:\/\/fayshing.com\/pt-pt\/wp-json\/wp\/v2\/product\/1469","targetHints":{"allow":["GET"]}}],"collection":[{"href":"https:\/\/fayshing.com\/pt-pt\/wp-json\/wp\/v2\/product"}],"about":[{"href":"https:\/\/fayshing.com\/pt-pt\/wp-json\/wp\/v2\/types\/product"}],"replies":[{"embeddable":true,"href":"https:\/\/fayshing.com\/pt-pt\/wp-json\/wp\/v2\/comments?post=1469"}],"wp:featuredmedia":[{"embeddable":true,"href":"https:\/\/fayshing.com\/pt-pt\/wp-json\/wp\/v2\/media\/1470"}],"wp:attachment":[{"href":"https:\/\/fayshing.com\/pt-pt\/wp-json\/wp\/v2\/media?parent=1469"}],"wp:term":[{"taxonomy":"product_brand","embeddable":true,"href":"https:\/\/fayshing.com\/pt-pt\/wp-json\/wp\/v2\/product_brand?post=1469"},{"taxonomy":"product_cat","embeddable":true,"href":"https:\/\/fayshing.com\/pt-pt\/wp-json\/wp\/v2\/product_cat?post=1469"},{"taxonomy":"product_tag","embeddable":true,"href":"https:\/\/fayshing.com\/pt-pt\/wp-json\/wp\/v2\/product_tag?post=1469"}],"curies":[{"name":"wp","href":"https:\/\/api.w.org\/{rel}","templated":true}]}}