{"id":6553,"date":"2025-09-25T10:16:46","date_gmt":"2025-09-25T02:16:46","guid":{"rendered":"https:\/\/fayshing.com\/?post_type=product&#038;p=6553"},"modified":"2025-12-12T10:58:44","modified_gmt":"2025-12-12T02:58:44","slug":"fs1215-two-hole-small-surface-latch","status":"publish","type":"product","link":"https:\/\/fayshing.com\/fr-fr\/product\/fs1215-two-hole-small-surface-latch\/","title":{"rendered":"FS1215 Loquet \u00e0 deux trous pour petites surfaces"},"content":{"rendered":"<p data-start=\"131\" data-end=\"398\">Le <strong data-start=\"135\" data-end=\"165\">FS1215 Petit loquet de surface<\/strong> est une solution mat\u00e9rielle compacte et pratique con\u00e7ue pour les bo\u00eetiers l\u00e9gers, les petites bo\u00eetes et les enceintes. Avec ses <strong data-start=\"281\" data-end=\"309\">conception de montage \u00e0 deux trous<\/strong>Il garantit une installation s\u00fbre tout en conservant un profil de verrouillage simple et fonctionnel.<\/p>\n<p data-start=\"400\" data-end=\"671\">Fabriqu\u00e9 \u00e0 partir de <strong data-start=\"410\" data-end=\"418\">fer<\/strong> avec un <strong data-start=\"434\" data-end=\"458\">finition chrom\u00e9e<\/strong>Le FS1215 est r\u00e9sistant \u00e0 la corrosion et offre un aspect propre et poli. Ses <strong data-start=\"535\" data-end=\"557\">conception non verrouillable<\/strong> permet un acc\u00e8s rapide et facile, ce qui le rend id\u00e9al pour les applications n\u00e9cessitant une ouverture et une fermeture rapides.<\/p>\n<p data-start=\"673\" data-end=\"692\"><strong data-start=\"673\" data-end=\"690\">Caract\u00e9ristiques principales :<\/strong><\/p>\n<ul data-start=\"693\" data-end=\"967\">\n<li data-start=\"693\" data-end=\"717\">\n<p data-start=\"695\" data-end=\"717\">Code produit : FS1215<\/p>\n<\/li>\n<li data-start=\"718\" data-end=\"747\">\n<p data-start=\"720\" data-end=\"747\">Type : Petit loquet de surface<\/p>\n<\/li>\n<li data-start=\"748\" data-end=\"766\">\n<p data-start=\"750\" data-end=\"766\">Mat\u00e9riel: Fer<\/p>\n<\/li>\n<li data-start=\"767\" data-end=\"800\">\n<p data-start=\"769\" data-end=\"800\">Finition de la surface : Chrom\u00e9<\/p>\n<\/li>\n<li data-start=\"801\" data-end=\"837\">\n<p data-start=\"803\" data-end=\"837\">Taille : Petit, peu encombrant<\/p>\n<\/li>\n<li data-start=\"880\" data-end=\"896\">\n<p data-start=\"882\" data-end=\"896\">Verrouillable : Non<\/p>\n<\/li>\n<li data-start=\"897\" data-end=\"967\">\n<p data-start=\"899\" data-end=\"967\">Applications : Petites bo\u00eetes, coffrets, trousses \u00e0 outils, bo\u00eetiers d\u00e9coratifs<\/p>\n<\/li>\n<\/ul>\n<p data-start=\"969\" data-end=\"1129\">Le FS1215 est le choix id\u00e9al pour <strong data-start=\"1006\" data-end=\"1058\">fabricants de bo\u00eetiers, fabricants de bo\u00eetes et projets de bricolage<\/strong> \u00e0 la recherche d'un <strong data-start=\"1069\" data-end=\"1126\">solution de verrouillage compacte, fiable et facile \u00e0 installer<\/strong>.<\/p>\n<p data-start=\"969\" data-end=\"1129\"><h2 id=\"tablepress-4-name\" class=\"tablepress-table-name tablepress-table-name-id-4\">Loquet de petite surface<\/h2>\n\n<table id=\"tablepress-4\" class=\"tablepress tablepress-id-4\" aria-labelledby=\"tablepress-4-name\">\n<thead>\n<tr class=\"row-1\">\n\t<th class=\"column-1\"><strong>Num\u00e9ro de pi\u00e8ce<\/strong><\/th><th class=\"column-2\"><strong>Dessin<\/strong><\/th><th class=\"column-3\"><strong>Finition<\/strong><\/th><th class=\"column-4\"><strong>Verrouillable<\/strong><\/th><th class=\"column-5\"><strong>Printemps<\/strong><\/th>\n<\/tr>\n<\/thead>\n<tbody class=\"row-striping row-hover\">\n<tr class=\"row-2\">\n\t<td class=\"column-1\"><a href=\"https:\/\/fayshing.com\/fr-fr\/product\/fs1215-two-hole-small-surface-latch\/\">FS1215<\/a><\/td><td class=\"column-2\"><\/td><td class=\"column-3\">Chrome<\/td><td class=\"column-4\">Non<\/td><td class=\"column-5\">Non<\/td>\n<\/tr>\n<tr class=\"row-3\">\n\t<td class=\"column-1\"><a href=\"https:\/\/fayshing.com\/fr-fr\/product\/42x40mm-stainless-steel-small-surface-mount-butterfly-twist-latch-and-keeper-fs-1121\/\">FS1121<\/a><\/td><td class=\"column-2\"><a href=\"https:\/\/fayshing.com\/wp-content\/uploads\/FS1121-Surface-Mount-Twist-Latches.jpg\"><img decoding=\"async\" src=\"https:\/\/fayshing.com\/wp-content\/uploads\/FS1121-Surface-Mount-Twist-Latches-300x300.jpg\" alt=\"FS1121 Loquets tournants pour montage en surface\" width=\"60\" height=\"60\" class=\"alignnone size-medium wp-image-6224\" title=\"\" srcset=\"https:\/\/fayshing.com\/wp-content\/uploads\/FS1121-Surface-Mount-Twist-Latches-300x300.jpg 300w, https:\/\/fayshing.com\/wp-content\/uploads\/FS1121-Surface-Mount-Twist-Latches-150x150.jpg 150w, https:\/\/fayshing.com\/wp-content\/uploads\/FS1121-Surface-Mount-Twist-Latches-768x768.jpg 768w, https:\/\/fayshing.com\/wp-content\/uploads\/FS1121-Surface-Mount-Twist-Latches-12x12.jpg 12w, https:\/\/fayshing.com\/wp-content\/uploads\/FS1121-Surface-Mount-Twist-Latches-600x600.jpg 600w, https:\/\/fayshing.com\/wp-content\/uploads\/FS1121-Surface-Mount-Twist-Latches-200x200.jpg 200w, https:\/\/fayshing.com\/wp-content\/uploads\/FS1121-Surface-Mount-Twist-Latches.jpg 800w\" sizes=\"(max-width: 60px) 100vw, 60px\" \/><\/a><\/td><td class=\"column-3\">Chrome<\/td><td class=\"column-4\">Non<\/td><td class=\"column-5\">Non<\/td>\n<\/tr>\n<tr class=\"row-4\">\n\t<td class=\"column-1\"><a href=\"https:\/\/fayshing.com\/fr-fr\/product\/42x40mm-stainless-steel-surface-mount-twist-latch-and-keeper-with-exposed-mounting-hole-fs-1122\/\">FS1122<\/a><\/td><td class=\"column-2\"><a href=\"https:\/\/fayshing.com\/wp-content\/uploads\/2022\/05\/FS1122.jpg\"><img decoding=\"async\" src=\"https:\/\/fayshing.com\/wp-content\/uploads\/2022\/05\/FS1122-300x300.jpg\" alt=\"Petit loquet tournant en acier inoxydable avec montage apparent\" width=\"60\" height=\"60\" class=\"alignnone size-medium wp-image-2935\" title=\"\" srcset=\"https:\/\/fayshing.com\/wp-content\/uploads\/2022\/05\/FS1122-300x300.jpg 300w, https:\/\/fayshing.com\/wp-content\/uploads\/2022\/05\/FS1122-200x200.jpg 200w, https:\/\/fayshing.com\/wp-content\/uploads\/2022\/05\/FS1122-600x600.jpg 600w, https:\/\/fayshing.com\/wp-content\/uploads\/2022\/05\/FS1122-64x64.jpg 64w, https:\/\/fayshing.com\/wp-content\/uploads\/2022\/05\/FS1122-150x150.jpg 150w, https:\/\/fayshing.com\/wp-content\/uploads\/2022\/05\/FS1122-768x768.jpg 768w, https:\/\/fayshing.com\/wp-content\/uploads\/2022\/05\/FS1122-100x100.jpg 100w, https:\/\/fayshing.com\/wp-content\/uploads\/2022\/05\/FS1122.jpg 800w\" sizes=\"(max-width: 60px) 100vw, 60px\" \/><\/a><\/td><td class=\"column-3\">Chrome<\/td><td class=\"column-4\">Non<\/td><td class=\"column-5\">Non<\/td>\n<\/tr>\n<tr class=\"row-5\">\n\t<td class=\"column-1\"><a href=\"https:\/\/fayshing.com\/fr-fr\/product\/55x51mm-spring-loaded-small-surface-mount-butterfly-twist-latch-and-keeper-fs-1123\/\">FS1123<\/a><\/td><td class=\"column-2\"><a href=\"https:\/\/fayshing.com\/wp-content\/uploads\/2022\/05\/FS1123.jpg\"><img decoding=\"async\" src=\"https:\/\/fayshing.com\/wp-content\/uploads\/2022\/05\/FS1123-300x300.jpg\" alt=\"55x51mm loquet papillon \u00e0 ressort pour montage en surface\" width=\"60\" height=\"60\" class=\"alignnone size-medium wp-image-2933\" title=\"\" srcset=\"https:\/\/fayshing.com\/wp-content\/uploads\/2022\/05\/FS1123-300x300.jpg 300w, https:\/\/fayshing.com\/wp-content\/uploads\/2022\/05\/FS1123-200x200.jpg 200w, https:\/\/fayshing.com\/wp-content\/uploads\/2022\/05\/FS1123-600x600.jpg 600w, https:\/\/fayshing.com\/wp-content\/uploads\/2022\/05\/FS1123-64x64.jpg 64w, https:\/\/fayshing.com\/wp-content\/uploads\/2022\/05\/FS1123-150x150.jpg 150w, https:\/\/fayshing.com\/wp-content\/uploads\/2022\/05\/FS1123-768x768.jpg 768w, https:\/\/fayshing.com\/wp-content\/uploads\/2022\/05\/FS1123-100x100.jpg 100w, https:\/\/fayshing.com\/wp-content\/uploads\/2022\/05\/FS1123.jpg 800w\" sizes=\"(max-width: 60px) 100vw, 60px\" \/><\/a><\/td><td class=\"column-3\">Chrome<\/td><td class=\"column-4\">Non<\/td><td class=\"column-5\">Non<\/td>\n<\/tr>\n<tr class=\"row-6\">\n\t<td class=\"column-1\"><a href=\"https:\/\/fayshing.com\/fr-fr\/product\/55x51mm-padlockable-spring-loaded-surface-mount-butterfly-twist-latch-and-keeper-fs-1124\/\">FS1124<\/a><\/td><td class=\"column-2\"><a href=\"https:\/\/fayshing.com\/wp-content\/uploads\/FS1124.png\"><img loading=\"lazy\" decoding=\"async\" src=\"https:\/\/fayshing.com\/wp-content\/uploads\/FS1124-300x128.png\" alt=\"FS1124 Dessins CAD d\u00e9taill\u00e9s\" width=\"60\" height=\"30\" class=\"alignnone size-medium wp-image-5610\" title=\"\"><\/a><\/td><td class=\"column-3\">Chrome<\/td><td class=\"column-4\">Cadenassable<\/td><td class=\"column-5\">Non<\/td>\n<\/tr>\n<\/tbody>\n<\/table>\n<!-- #tablepress-4 from cache --><\/p>","protected":false},"excerpt":{"rendered":"<ul>\n<li>Mat\u00e9riau : Fer<\/li>\n<li>Finition : Chrome ;<\/li>\n<li>Taille : 55 \u00d7 52 mm ;<\/li>\n<\/ul>","protected":false},"featured_media":6554,"comment_status":"open","ping_status":"closed","template":"","meta":{"_acf_changed":false},"product_brand":[],"product_cat":[23],"product_tag":[],"class_list":{"0":"post-6553","1":"product","2":"type-product","3":"status-publish","4":"has-post-thumbnail","6":"product_cat-latches","7":"pa_material-iron","8":"pa_parts-no-fs1215","9":"pa_surface-treatment-chrome","10":"description-off","12":"first","13":"instock","14":"shipping-taxable","15":"product-type-simple"},"acf":[],"_links":{"self":[{"href":"https:\/\/fayshing.com\/fr-fr\/wp-json\/wp\/v2\/product\/6553","targetHints":{"allow":["GET"]}}],"collection":[{"href":"https:\/\/fayshing.com\/fr-fr\/wp-json\/wp\/v2\/product"}],"about":[{"href":"https:\/\/fayshing.com\/fr-fr\/wp-json\/wp\/v2\/types\/product"}],"replies":[{"embeddable":true,"href":"https:\/\/fayshing.com\/fr-fr\/wp-json\/wp\/v2\/comments?post=6553"}],"wp:featuredmedia":[{"embeddable":true,"href":"https:\/\/fayshing.com\/fr-fr\/wp-json\/wp\/v2\/media\/6554"}],"wp:attachment":[{"href":"https:\/\/fayshing.com\/fr-fr\/wp-json\/wp\/v2\/media?parent=6553"}],"wp:term":[{"taxonomy":"product_brand","embeddable":true,"href":"https:\/\/fayshing.com\/fr-fr\/wp-json\/wp\/v2\/product_brand?post=6553"},{"taxonomy":"product_cat","embeddable":true,"href":"https:\/\/fayshing.com\/fr-fr\/wp-json\/wp\/v2\/product_cat?post=6553"},{"taxonomy":"product_tag","embeddable":true,"href":"https:\/\/fayshing.com\/fr-fr\/wp-json\/wp\/v2\/product_tag?post=6553"}],"curies":[{"name":"wp","href":"https:\/\/api.w.org\/{rel}","templated":true}]}}