{"id":6439,"date":"2025-07-07T11:03:07","date_gmt":"2025-07-07T03:03:07","guid":{"rendered":"https:\/\/fayshing.com\/?post_type=product&#038;p=6439"},"modified":"2025-12-15T11:31:02","modified_gmt":"2025-12-15T03:31:02","slug":"small-ball-corner-with-20mm-offset-fs3210","status":"publish","type":"product","link":"https:\/\/fayshing.com\/fr-fr\/product\/small-ball-corner-with-20mm-offset-fs3210\/","title":{"rendered":"Petit coin de boule avec d\u00e9calage de 20mm FS3210"},"content":{"rendered":"<p data-start=\"143\" data-end=\"429\">Le <strong data-start=\"147\" data-end=\"175\">FS3210 Petit coin de boule<\/strong> est une protection d'angle compacte mais robuste, con\u00e7ue pour les bo\u00eetiers qui n\u00e9cessitent un d\u00e9gagement et un renforcement suppl\u00e9mentaires. Dot\u00e9 d'un <strong data-start=\"301\" data-end=\"316\">D\u00e9calage de 20 mm<\/strong> et <strong data-start=\"321\" data-end=\"345\">trois trous de fixation<\/strong>Il garantit une installation s\u00fbre tout en prot\u00e9geant les bords de l'\u00e9tui contre les chocs et l'usure.<\/p>\n<p data-start=\"431\" data-end=\"703\">Fabriqu\u00e9 \u00e0 partir de <strong data-start=\"441\" data-end=\"458\">acier durable<\/strong> et disponible en <strong data-start=\"476\" data-end=\"486\">chrome<\/strong>, <strong data-start=\"488\" data-end=\"497\">noir<\/strong>ou <strong data-start=\"502\" data-end=\"515\">zinc bleu<\/strong> Le FS3210 allie robustesse et aspect professionnel. Son design d\u00e9cal\u00e9 le rend particuli\u00e8rement adapt\u00e9 aux mallettes avec des accessoires saillants ou des couvercles qui n\u00e9cessitent un espacement suppl\u00e9mentaire.<\/p>\n<p data-start=\"705\" data-end=\"724\"><strong data-start=\"705\" data-end=\"722\">Caract\u00e9ristiques principales :<\/strong><\/p>\n<ul data-start=\"725\" data-end=\"1005\">\n<li data-start=\"725\" data-end=\"749\">\n<p data-start=\"727\" data-end=\"749\">Code produit : FS3210<\/p>\n<\/li>\n<li data-start=\"750\" data-end=\"794\">\n<p data-start=\"752\" data-end=\"794\">Type : Petit coin sph\u00e9rique avec d\u00e9calage de 20 mm<\/p>\n<\/li>\n<li data-start=\"795\" data-end=\"814\">\n<p data-start=\"797\" data-end=\"814\">Mat\u00e9riau : Acier<\/p>\n<\/li>\n<li data-start=\"815\" data-end=\"861\">\n<p data-start=\"817\" data-end=\"861\">Options de finition : Chrome \/ Noir \/ Zinc bleu<\/p>\n<\/li>\n<li data-start=\"862\" data-end=\"916\">\n<p data-start=\"864\" data-end=\"916\">Montage : 3 trous pour une fixation stable et s\u00fbre<\/p>\n<\/li>\n<li data-start=\"917\" data-end=\"1005\">\n<p data-start=\"919\" data-end=\"1005\">Applications : Mallettes de vol, mallettes de route, mallettes d'instruments, coffres \u00e0 outils, bo\u00eetes de rangement<\/p>\n<\/li>\n<\/ul>\n<p data-start=\"1007\" data-end=\"1151\">Le FS3210 est id\u00e9al pour <strong data-start=\"1031\" data-end=\"1066\">les cr\u00e9ateurs de cas et les projets de r\u00e9paration<\/strong> \u00e0 la recherche des deux <strong data-start=\"1084\" data-end=\"1128\">protection des bords et d\u00e9gagement fonctionnel<\/strong> dans un design compact.<\/p>","protected":false},"excerpt":{"rendered":"<ul>\n<li>Petit coin de boule avec d\u00e9calage de 20 mm<\/li>\n<li>FS3210<\/li>\n<li>3 trous<\/li>\n<li>Acier<\/li>\n<li>Chrome \/ Noir \/ Bleu Zinc<\/li>\n<\/ul>","protected":false},"featured_media":6441,"comment_status":"open","ping_status":"closed","template":"","meta":{"_acf_changed":false},"product_brand":[],"product_cat":[109,126],"product_tag":[],"class_list":{"0":"post-6439","1":"product","2":"type-product","3":"status-publish","4":"has-post-thumbnail","6":"product_cat-case-corners","7":"product_cat-ball-corners","8":"pa_material-steel","9":"pa_parts-no-fs-3210","10":"description-off","12":"first","13":"instock","14":"shipping-taxable","15":"product-type-simple"},"acf":[],"_links":{"self":[{"href":"https:\/\/fayshing.com\/fr-fr\/wp-json\/wp\/v2\/product\/6439","targetHints":{"allow":["GET"]}}],"collection":[{"href":"https:\/\/fayshing.com\/fr-fr\/wp-json\/wp\/v2\/product"}],"about":[{"href":"https:\/\/fayshing.com\/fr-fr\/wp-json\/wp\/v2\/types\/product"}],"replies":[{"embeddable":true,"href":"https:\/\/fayshing.com\/fr-fr\/wp-json\/wp\/v2\/comments?post=6439"}],"wp:featuredmedia":[{"embeddable":true,"href":"https:\/\/fayshing.com\/fr-fr\/wp-json\/wp\/v2\/media\/6441"}],"wp:attachment":[{"href":"https:\/\/fayshing.com\/fr-fr\/wp-json\/wp\/v2\/media?parent=6439"}],"wp:term":[{"taxonomy":"product_brand","embeddable":true,"href":"https:\/\/fayshing.com\/fr-fr\/wp-json\/wp\/v2\/product_brand?post=6439"},{"taxonomy":"product_cat","embeddable":true,"href":"https:\/\/fayshing.com\/fr-fr\/wp-json\/wp\/v2\/product_cat?post=6439"},{"taxonomy":"product_tag","embeddable":true,"href":"https:\/\/fayshing.com\/fr-fr\/wp-json\/wp\/v2\/product_tag?post=6439"}],"curies":[{"name":"wp","href":"https:\/\/api.w.org\/{rel}","templated":true}]}}