{"id":6430,"date":"2025-07-03T15:22:44","date_gmt":"2025-07-03T07:22:44","guid":{"rendered":"https:\/\/fayshing.com\/?post_type=product&#038;p=6430"},"modified":"2025-12-15T11:26:10","modified_gmt":"2025-12-15T03:26:10","slug":"3-holes-small-female-stackable-ball-corner-fs3130","status":"publish","type":"product","link":"https:\/\/fayshing.com\/fr-fr\/product\/3-holes-small-female-stackable-ball-corner-fs3130\/","title":{"rendered":"3 trous petit femelle coin boule empilable FS3130"},"content":{"rendered":"<p data-start=\"161\" data-end=\"461\">Le <strong data-start=\"165\" data-end=\"211\">FS-3130 Petit coin de boule empilable femelle<\/strong> est un protecteur d'angle compact et durable con\u00e7u pour les cas qui requi\u00e8rent une protection contre l'humidit\u00e9. <strong data-start=\"286\" data-end=\"309\">capacit\u00e9 d'empilage<\/strong>. Avec son <strong data-start=\"320\" data-end=\"347\">Conception empilable pour les femmes<\/strong>Il permet d'empiler en toute s\u00e9curit\u00e9 les caisses les unes sur les autres, assurant ainsi leur stabilit\u00e9 pendant le stockage et le transport.<\/p>\n<p data-start=\"463\" data-end=\"748\">Avec <strong data-start=\"473\" data-end=\"497\">trois trous de fixation<\/strong>Le FS-3130 assure un maintien s\u00fbr et une excellente protection des bords. Fabriqu\u00e9 en acier solide et disponible en <strong data-start=\"603\" data-end=\"613\">chrome<\/strong>, <strong data-start=\"615\" data-end=\"624\">noir<\/strong>ou <strong data-start=\"629\" data-end=\"642\">zinc bleu<\/strong> il offre \u00e0 la fois une r\u00e9sistance aux chocs et une polyvalence esth\u00e9tique pour s'adapter \u00e0 diff\u00e9rents styles de bo\u00eetiers.<\/p>\n<p data-start=\"750\" data-end=\"769\"><strong data-start=\"750\" data-end=\"767\">Caract\u00e9ristiques principales :<\/strong><\/p>\n<ul data-start=\"770\" data-end=\"1096\">\n<li data-start=\"770\" data-end=\"795\">\n<p data-start=\"772\" data-end=\"795\">Code produit : FS-3130<\/p>\n<\/li>\n<li data-start=\"796\" data-end=\"862\">\n<p data-start=\"798\" data-end=\"862\">Type : Petit coin boule femelle empilable avec 3 trous de fixation<\/p>\n<\/li>\n<li data-start=\"863\" data-end=\"909\">\n<p data-start=\"865\" data-end=\"909\">Options de finition : Chrome \/ Noir \/ Zinc bleu<\/p>\n<\/li>\n<li data-start=\"910\" data-end=\"968\">\n<p data-start=\"912\" data-end=\"968\">Construction en acier durable pour une protection de longue dur\u00e9e<\/p>\n<\/li>\n<li data-start=\"969\" data-end=\"1020\">\n<p data-start=\"971\" data-end=\"1020\">Conception empilable - permet d'empiler les caisses en toute s\u00e9curit\u00e9<\/p>\n<\/li>\n<li data-start=\"1021\" data-end=\"1096\">\n<p data-start=\"1023\" data-end=\"1096\">Applications : Mallettes de vol, mallettes de route, mallettes d'instruments, bo\u00eetes de rangement<\/p>\n<\/li>\n<\/ul>\n<p data-start=\"1098\" data-end=\"1239\">Le FS-3130 est id\u00e9al pour les constructeurs de bo\u00eetiers professionnels et les projets de r\u00e9paration o\u00f9 <strong data-start=\"1176\" data-end=\"1214\">empilabilit\u00e9 et protection des angles<\/strong> sont tout aussi importants.<\/p>","protected":false},"excerpt":{"rendered":"<ul>\n<li>3 trous Ball Corner<\/li>\n<li>FS-3130<\/li>\n<li>Chrome\/Noir\/Zinc bleu<\/li>\n<li>Petit<\/li>\n<\/ul>","protected":false},"featured_media":6431,"comment_status":"open","ping_status":"closed","template":"","meta":{"_acf_changed":false},"product_brand":[],"product_cat":[109,126],"product_tag":[],"class_list":{"0":"post-6430","1":"product","2":"type-product","3":"status-publish","4":"has-post-thumbnail","6":"product_cat-case-corners","7":"product_cat-ball-corners","8":"pa_material-steel","9":"pa_parts-no-fs-3130","10":"pa_surface-treatment-black","11":"pa_surface-treatment-blue-zinc","12":"pa_surface-treatment-chrome","13":"description-off","15":"first","16":"instock","17":"shipping-taxable","18":"product-type-simple"},"acf":[],"_links":{"self":[{"href":"https:\/\/fayshing.com\/fr-fr\/wp-json\/wp\/v2\/product\/6430","targetHints":{"allow":["GET"]}}],"collection":[{"href":"https:\/\/fayshing.com\/fr-fr\/wp-json\/wp\/v2\/product"}],"about":[{"href":"https:\/\/fayshing.com\/fr-fr\/wp-json\/wp\/v2\/types\/product"}],"replies":[{"embeddable":true,"href":"https:\/\/fayshing.com\/fr-fr\/wp-json\/wp\/v2\/comments?post=6430"}],"wp:featuredmedia":[{"embeddable":true,"href":"https:\/\/fayshing.com\/fr-fr\/wp-json\/wp\/v2\/media\/6431"}],"wp:attachment":[{"href":"https:\/\/fayshing.com\/fr-fr\/wp-json\/wp\/v2\/media?parent=6430"}],"wp:term":[{"taxonomy":"product_brand","embeddable":true,"href":"https:\/\/fayshing.com\/fr-fr\/wp-json\/wp\/v2\/product_brand?post=6430"},{"taxonomy":"product_cat","embeddable":true,"href":"https:\/\/fayshing.com\/fr-fr\/wp-json\/wp\/v2\/product_cat?post=6430"},{"taxonomy":"product_tag","embeddable":true,"href":"https:\/\/fayshing.com\/fr-fr\/wp-json\/wp\/v2\/product_tag?post=6430"}],"curies":[{"name":"wp","href":"https:\/\/api.w.org\/{rel}","templated":true}]}}