{"id":6427,"date":"2025-07-03T15:15:40","date_gmt":"2025-07-03T07:15:40","guid":{"rendered":"https:\/\/fayshing.com\/?post_type=product&#038;p=6427"},"modified":"2025-12-15T11:28:12","modified_gmt":"2025-12-15T03:28:12","slug":"3-holes-small-ball-corner-fs-3129","status":"publish","type":"product","link":"https:\/\/fayshing.com\/fr-fr\/product\/3-holes-small-ball-corner-fs-3129\/","title":{"rendered":"3 trous Petit coin de boule FS-3129"},"content":{"rendered":"<p data-start=\"126\" data-end=\"456\">Le <strong data-start=\"130\" data-end=\"159\">FS-3129 Coin pour petites boules<\/strong> est une protection d'angle durable et \u00e9l\u00e9gante con\u00e7ue pour renforcer et prot\u00e9ger les bords des petits bo\u00eetiers, des bo\u00eetes et des enceintes. Il se compose de <strong data-start=\"297\" data-end=\"321\">trois trous de fixation<\/strong>Il offre une installation s\u00fbre et une stabilit\u00e9 accrue, aidant \u00e0 prot\u00e9ger votre valise des chocs et de l'usure pendant le transport ou l'utilisation quotidienne.<\/p>\n<p data-start=\"458\" data-end=\"741\">Fabriqu\u00e9 en acier de haute qualit\u00e9 et disponible en <strong data-start=\"504\" data-end=\"514\">chrome<\/strong>, <strong data-start=\"516\" data-end=\"525\">noir<\/strong>ou <strong data-start=\"530\" data-end=\"543\">zinc bleu<\/strong> Le FS-3129 est \u00e0 la fois robuste et esth\u00e9tiquement polyvalent, ce qui lui permet de s'adapter \u00e0 diff\u00e9rentes conceptions de bo\u00eetiers. Sa taille compacte le rend id\u00e9al pour les petites mallettes o\u00f9 l'espace et l'apparence sont importants.<\/p>\n<p data-start=\"743\" data-end=\"762\"><strong data-start=\"743\" data-end=\"760\">Caract\u00e9ristiques principales :<\/strong><\/p>\n<ul data-start=\"763\" data-end=\"1066\">\n<li data-start=\"763\" data-end=\"788\">\n<p data-start=\"765\" data-end=\"788\">Code produit : FS-3129<\/p>\n<\/li>\n<li data-start=\"789\" data-end=\"838\">\n<p data-start=\"791\" data-end=\"838\">Type : Petite boule d'angle avec 3 trous de fixation<\/p>\n<\/li>\n<li data-start=\"839\" data-end=\"885\">\n<p data-start=\"841\" data-end=\"885\">Options de finition : Chrome \/ Noir \/ Zinc bleu<\/p>\n<\/li>\n<li data-start=\"886\" data-end=\"938\">\n<p data-start=\"888\" data-end=\"938\">Construction en acier durable pour la r\u00e9sistance aux chocs<\/p>\n<\/li>\n<li data-start=\"939\" data-end=\"989\">\n<p data-start=\"941\" data-end=\"989\">Taille compacte - id\u00e9ale pour les petites et moyennes affaires<\/p>\n<\/li>\n<li data-start=\"990\" data-end=\"1066\">\n<p data-start=\"992\" data-end=\"1066\">Applications : Mallettes de vol, mallettes d'instruments, bo\u00eetes de rangement, coffres \u00e0 outils<\/p>\n<\/li>\n<\/ul>\n<p data-start=\"1068\" data-end=\"1200\">Le FS-3129 est le choix id\u00e9al pour ajouter \u00e0 la fois une protection et une finition professionnelle \u00e0 votre projet de mallette personnalis\u00e9e ou de remplacement.<\/p>","protected":false},"excerpt":{"rendered":"<ul>\n<li>3 trous Ball Corner<\/li>\n<li>FS-3129<\/li>\n<li>Chrome\/Noir\/Zinc bleu<\/li>\n<li>Petit<\/li>\n<\/ul>","protected":false},"featured_media":6428,"comment_status":"open","ping_status":"closed","template":"","meta":{"_acf_changed":false},"product_brand":[],"product_cat":[109,126],"product_tag":[],"class_list":{"0":"post-6427","1":"product","2":"type-product","3":"status-publish","4":"has-post-thumbnail","6":"product_cat-case-corners","7":"product_cat-ball-corners","8":"pa_material-steel","9":"pa_parts-no-fs-3129","10":"pa_surface-treatment-black","11":"pa_surface-treatment-blue-zinc","12":"pa_surface-treatment-chrome","13":"description-off","15":"first","16":"instock","17":"shipping-taxable","18":"product-type-simple"},"acf":[],"_links":{"self":[{"href":"https:\/\/fayshing.com\/fr-fr\/wp-json\/wp\/v2\/product\/6427","targetHints":{"allow":["GET"]}}],"collection":[{"href":"https:\/\/fayshing.com\/fr-fr\/wp-json\/wp\/v2\/product"}],"about":[{"href":"https:\/\/fayshing.com\/fr-fr\/wp-json\/wp\/v2\/types\/product"}],"replies":[{"embeddable":true,"href":"https:\/\/fayshing.com\/fr-fr\/wp-json\/wp\/v2\/comments?post=6427"}],"wp:featuredmedia":[{"embeddable":true,"href":"https:\/\/fayshing.com\/fr-fr\/wp-json\/wp\/v2\/media\/6428"}],"wp:attachment":[{"href":"https:\/\/fayshing.com\/fr-fr\/wp-json\/wp\/v2\/media?parent=6427"}],"wp:term":[{"taxonomy":"product_brand","embeddable":true,"href":"https:\/\/fayshing.com\/fr-fr\/wp-json\/wp\/v2\/product_brand?post=6427"},{"taxonomy":"product_cat","embeddable":true,"href":"https:\/\/fayshing.com\/fr-fr\/wp-json\/wp\/v2\/product_cat?post=6427"},{"taxonomy":"product_tag","embeddable":true,"href":"https:\/\/fayshing.com\/fr-fr\/wp-json\/wp\/v2\/product_tag?post=6427"}],"curies":[{"name":"wp","href":"https:\/\/api.w.org\/{rel}","templated":true}]}}